{"id":1662,"date":"2015-10-08T09:53:00","date_gmt":"2015-10-08T07:53:00","guid":{"rendered":"https:\/\/birdbusters.eu\/product\/lielas-vanaga-acis\/"},"modified":"2024-07-02T21:03:58","modified_gmt":"2024-07-02T19:03:58","slug":"lielas-vanaga-acis","status":"publish","type":"product","link":"https:\/\/birdbusters.eu\/lv\/produkts\/lielas-vanaga-acis\/","title":{"rendered":"Liel\u0101s &#8220;vanaga acis&#8221;"},"content":{"rendered":"<p style=\"text-align: justify;\">Liel\u0101s &#8220;vanaga acis&#8221; ir dom\u0101tas liel\u0101ku putnu atbied\u0113\u0161anai k\u0101 zosis, balo\u017ei, melnie strazdi un da\u017e\u0101di pl\u0113s\u012bgie putni.\u00a0\u0160is putnu bied\u0113klis grie\u017eas v\u0113j\u0101 ri\u0146\u0137\u012b un atsp\u012bgu\u013co visapk\u0101rt saules starus. Lai sasniegtu augst\u0101ku efektivit\u0101ti, ieteicams main\u012bt &#8220;vanaga acu&#8221; atra\u0161an\u0101s vietu ik p\u0113c 7 dien\u0101m, p\u0113c tam uz tr\u012bs dien\u0101m aizv\u0101kt t\u0101s visp\u0101r no lauka. Lai atbied\u0113tu zosis, vajadz\u012bgi 1-2 gabali uz ha, bet priek\u0161 citiem putniem nolikt ik pa 20-40 m.<\/p>\n<h4>Pieg\u0101des laiks 3-4 darba dienas<\/h4>\n","protected":false},"excerpt":{"rendered":"<p>Liel\u0101s &#8220;vanaga acis&#8221; ir dom\u0101tas liel\u0101ku putnu atbied\u0113\u0161anai k\u0101 zosis, balo\u017ei, melnie strazdi un da\u017e\u0101di pl\u0113s\u012bgie putni.\u00a0\u0160is putnu bied\u0113klis grie\u017eas v\u0113j\u0101 ri\u0146\u0137\u012b un atsp\u012bgu\u013co visapk\u0101rt saules starus.<\/p>\n<h4><span class=\"_d41d8cd98f00b204e9800998ecf8427e \" style=\"color: #ff0000;\">NB! Prece neiederas pakom\u0101t\u0101. K\u0101 pieg\u0101des veidu izv\u0113lieties kurjeru (Courier Standard)<\/span><\/h4>\n<p>https:\/\/youtu.be\/rehQqIi62tY<\/p>\n<p>&nbsp;<\/p>\n","protected":false},"featured_media":1317,"template":"","meta":{"_themeisle_gutenberg_block_has_review":false},"product_brand":[],"product_cat":[61,58],"product_tag":[],"class_list":{"0":"post-1662","1":"product","2":"type-product","3":"status-publish","4":"has-post-thumbnail","6":"product_cat-putnu-atbaidisanas-lidzekli","7":"product_cat-putnu-vizualie-atbaiditaji","8":"product_shipping_class-kuller-pick-up-point-lv","10":"first","11":"instock","12":"taxable","13":"shipping-taxable","14":"purchasable","15":"product-type-simple"},"_links":{"self":[{"href":"https:\/\/birdbusters.eu\/lv\/wp-json\/wp\/v2\/product\/1662","targetHints":{"allow":["GET"]}}],"collection":[{"href":"https:\/\/birdbusters.eu\/lv\/wp-json\/wp\/v2\/product"}],"about":[{"href":"https:\/\/birdbusters.eu\/lv\/wp-json\/wp\/v2\/types\/product"}],"wp:featuredmedia":[{"embeddable":true,"href":"https:\/\/birdbusters.eu\/lv\/wp-json\/wp\/v2\/media\/1317"}],"wp:attachment":[{"href":"https:\/\/birdbusters.eu\/lv\/wp-json\/wp\/v2\/media?parent=1662"}],"wp:term":[{"taxonomy":"product_brand","embeddable":true,"href":"https:\/\/birdbusters.eu\/lv\/wp-json\/wp\/v2\/product_brand?post=1662"},{"taxonomy":"product_cat","embeddable":true,"href":"https:\/\/birdbusters.eu\/lv\/wp-json\/wp\/v2\/product_cat?post=1662"},{"taxonomy":"product_tag","embeddable":true,"href":"https:\/\/birdbusters.eu\/lv\/wp-json\/wp\/v2\/product_tag?post=1662"}],"curies":[{"name":"wp","href":"https:\/\/api.w.org\/{rel}","templated":true}]}}