{"id":1670,"date":"2015-09-07T17:23:35","date_gmt":"2015-09-07T15:23:35","guid":{"rendered":"https:\/\/birdbusters.eu\/product\/360-triskajainais-zon-marks\/"},"modified":"2024-05-09T15:03:04","modified_gmt":"2024-05-09T13:03:04","slug":"360-triskajainais-zon-marks","status":"publish","type":"product","link":"https:\/\/birdbusters.eu\/lv\/produkts\/360-triskajainais-zon-marks\/","title":{"rendered":"360 tr\u012bsk\u0101jainais Zon Marks (elektroniskais g\u0101zes lielgabals)"},"content":{"rendered":"<p>P\u0113c katra \u0161\u0101viena tas izmaina trieciensp\u0113ka rezult\u0101t\u0101 savu virzienu.<\/p>\n<h4>Pieg\u0101des laiks 3-4 darba dienas<\/h4>\n","protected":false},"excerpt":{"rendered":"<p><strong>Tr\u012bsk\u0101jainais Zon Marks grie\u017eas 360 gr\u0101dus<\/strong>\u00a0ap savu asi un t\u0101d\u0113j\u0101di tiek palielin\u0101ts <a href=\"https:\/\/birdbusters.eu\/lv\/product\/elektroniski-vadams-gazes-lielgabals\/\">elektroniskais g\u0101zes lielgabala<\/a> darba r\u0101diuss.<\/p>\n<h4><span class=\"_d41d8cd98f00b204e9800998ecf8427e \" style=\"color: #ff0000;\">NB! Prece neiederas pakom\u0101t\u0101. K\u0101 pieg\u0101des veidu izv\u0113lieties kurjeru (Courier Standard)<\/span><\/h4>\n","protected":false},"featured_media":3100,"template":"","meta":{"_themeisle_gutenberg_block_has_review":false},"product_brand":[],"product_cat":[187,48,64],"product_tag":[],"class_list":{"0":"post-1670","1":"product","2":"type-product","3":"status-publish","4":"has-post-thumbnail","6":"product_cat-kurmju-atbaiditajs-un-dzivnieku-atbaiditajs-dabigs-risinajums-darzam-un-zalienam","7":"product_cat-putnu-atvairisanas-lidzekli","8":"product_cat-putnu-petardes","9":"product_shipping_class-kuller-pick-up-point-lv","11":"first","12":"instock","13":"taxable","14":"shipping-taxable","15":"purchasable","16":"product-type-simple"},"_links":{"self":[{"href":"https:\/\/birdbusters.eu\/lv\/wp-json\/wp\/v2\/product\/1670","targetHints":{"allow":["GET"]}}],"collection":[{"href":"https:\/\/birdbusters.eu\/lv\/wp-json\/wp\/v2\/product"}],"about":[{"href":"https:\/\/birdbusters.eu\/lv\/wp-json\/wp\/v2\/types\/product"}],"wp:featuredmedia":[{"embeddable":true,"href":"https:\/\/birdbusters.eu\/lv\/wp-json\/wp\/v2\/media\/3100"}],"wp:attachment":[{"href":"https:\/\/birdbusters.eu\/lv\/wp-json\/wp\/v2\/media?parent=1670"}],"wp:term":[{"taxonomy":"product_brand","embeddable":true,"href":"https:\/\/birdbusters.eu\/lv\/wp-json\/wp\/v2\/product_brand?post=1670"},{"taxonomy":"product_cat","embeddable":true,"href":"https:\/\/birdbusters.eu\/lv\/wp-json\/wp\/v2\/product_cat?post=1670"},{"taxonomy":"product_tag","embeddable":true,"href":"https:\/\/birdbusters.eu\/lv\/wp-json\/wp\/v2\/product_tag?post=1670"}],"curies":[{"name":"wp","href":"https:\/\/api.w.org\/{rel}","templated":true}]}}