{"id":1671,"date":"2015-09-07T17:13:40","date_gmt":"2015-09-07T16:13:40","guid":{"rendered":"https:\/\/birdbusters.eu\/product\/taimeris-gt-300\/"},"modified":"2023-02-20T13:50:15","modified_gmt":"2023-02-20T12:50:15","slug":"taimeris-gt-300","status":"publish","type":"product","link":"https:\/\/birdbusters.eu\/lv\/produkts\/taimeris-gt-300\/","title":{"rendered":"Taimeris GT 300"},"content":{"rendered":"<p><b>Taimeris GT 300<\/b>\u00a0ir dom\u0101ts <a href=\"https:\/\/birdbusters.eu\/lv\/product\/gazes-lielgabals\/\">meh\u0101niskajam g\u0101zes lielgabalam<\/a>, lai regul\u0113tu \u0161\u0101vienu starplaikus 24 stundu laik\u0101. Putnus, piem\u0113ram, vajag atbied\u0113t dien\u0101, bet me\u017ea dz\u012bvniekus liel\u0101koties vakar\u0101, nakt\u012b un no r\u012bta.<\/p>\n","protected":false},"excerpt":{"rendered":"<p><b>Taimeris GT 300<\/b>\u00a0ir dom\u0101ts meh\u0101niskajam g\u0101zes lielgabalam, lai regul\u0113tu \u0161\u0101vienu starplaikus 24 stundu laik\u0101. Putnus, piem\u0113ram, vajag atbied\u0113t dien\u0101, bet me\u017ea dz\u012bvniekus liel\u0101koties vakar\u0101, nakt\u012b un no r\u012bta.<\/p>\n<p>&nbsp;<\/p>\n","protected":false},"featured_media":1273,"template":"","meta":{"_themeisle_gutenberg_block_has_review":false},"product_brand":[],"product_cat":[48,64],"product_tag":[],"class_list":{"0":"post-1671","1":"product","2":"type-product","3":"status-publish","4":"has-post-thumbnail","6":"product_cat-putnu-atvairisanas-lidzekli","7":"product_cat-putnu-petardes","9":"first","10":"instock","11":"taxable","12":"shipping-taxable","13":"purchasable","14":"product-type-simple"},"_links":{"self":[{"href":"https:\/\/birdbusters.eu\/lv\/wp-json\/wp\/v2\/product\/1671","targetHints":{"allow":["GET"]}}],"collection":[{"href":"https:\/\/birdbusters.eu\/lv\/wp-json\/wp\/v2\/product"}],"about":[{"href":"https:\/\/birdbusters.eu\/lv\/wp-json\/wp\/v2\/types\/product"}],"wp:featuredmedia":[{"embeddable":true,"href":"https:\/\/birdbusters.eu\/lv\/wp-json\/wp\/v2\/media\/1273"}],"wp:attachment":[{"href":"https:\/\/birdbusters.eu\/lv\/wp-json\/wp\/v2\/media?parent=1671"}],"wp:term":[{"taxonomy":"product_brand","embeddable":true,"href":"https:\/\/birdbusters.eu\/lv\/wp-json\/wp\/v2\/product_brand?post=1671"},{"taxonomy":"product_cat","embeddable":true,"href":"https:\/\/birdbusters.eu\/lv\/wp-json\/wp\/v2\/product_cat?post=1671"},{"taxonomy":"product_tag","embeddable":true,"href":"https:\/\/birdbusters.eu\/lv\/wp-json\/wp\/v2\/product_tag?post=1671"}],"curies":[{"name":"wp","href":"https:\/\/api.w.org\/{rel}","templated":true}]}}