{"id":1718,"date":"2015-10-08T11:43:35","date_gmt":"2015-10-08T09:43:35","guid":{"rendered":"https:\/\/birdbusters.eu\/product\/automatisks-putnu-atvairitajs-ar-lazeru-2\/"},"modified":"2023-11-08T18:50:37","modified_gmt":"2023-11-08T17:50:37","slug":"automatisks-putnu-atvairitajs-ar-lazeru-2","status":"publish","type":"product","link":"https:\/\/birdbusters.eu\/lv\/produkts\/automatisks-putnu-atvairitajs-ar-lazeru-2\/","title":{"rendered":"Autom\u0101tisks putnu atvair\u012bt\u0101js ar l\u0101zeru"},"content":{"rendered":"<p><strong>Autom\u0101tiskais putnu atvair\u012bt\u0101js ar l\u0101zeru attur zosis, kaijas, p\u012bles, melnos strazdus, balo\u017eus, m\u0101jas strazdus un citus mazos putnus.<\/strong><\/p>\n<p>L\u0101zera stars p\u0101rvietojas horizont\u0101li uz priek\u0161u un atpaka\u013c.<\/p>\n<p>Darba diapazons: l\u012bdz 2\u00a0km.<\/p>\n<p>Darbojas ar 12\u00a0V. Nedarbojas tik efekt\u012bvi spilgt\u0101 saules gaism\u0101.<\/p>\n","protected":false},"excerpt":{"rendered":"<p>Autom\u0101tiskais putnu atvair\u012bt\u0101js ar l\u0101zeru attur <strong>zosis, kaijas, p\u012bles, melnos strazdus, balo\u017eus, m\u0101jas strazdus un citus mazos putnus.<\/strong><\/p>\n<p>&nbsp;<\/p>\n","protected":false},"featured_media":11756,"template":"","meta":{"_themeisle_gutenberg_block_has_review":false},"product_brand":[],"product_cat":[48,62],"product_tag":[],"class_list":{"0":"post-1718","1":"product","2":"type-product","3":"status-publish","4":"has-post-thumbnail","6":"product_cat-putnu-atvairisanas-lidzekli","7":"product_cat-putnu-lazera-atvairitaji","9":"first","10":"onbackorder","11":"taxable","12":"shipping-taxable","13":"purchasable","14":"product-type-simple"},"_links":{"self":[{"href":"https:\/\/birdbusters.eu\/lv\/wp-json\/wp\/v2\/product\/1718","targetHints":{"allow":["GET"]}}],"collection":[{"href":"https:\/\/birdbusters.eu\/lv\/wp-json\/wp\/v2\/product"}],"about":[{"href":"https:\/\/birdbusters.eu\/lv\/wp-json\/wp\/v2\/types\/product"}],"wp:featuredmedia":[{"embeddable":true,"href":"https:\/\/birdbusters.eu\/lv\/wp-json\/wp\/v2\/media\/11756"}],"wp:attachment":[{"href":"https:\/\/birdbusters.eu\/lv\/wp-json\/wp\/v2\/media?parent=1718"}],"wp:term":[{"taxonomy":"product_brand","embeddable":true,"href":"https:\/\/birdbusters.eu\/lv\/wp-json\/wp\/v2\/product_brand?post=1718"},{"taxonomy":"product_cat","embeddable":true,"href":"https:\/\/birdbusters.eu\/lv\/wp-json\/wp\/v2\/product_cat?post=1718"},{"taxonomy":"product_tag","embeddable":true,"href":"https:\/\/birdbusters.eu\/lv\/wp-json\/wp\/v2\/product_tag?post=1718"}],"curies":[{"name":"wp","href":"https:\/\/api.w.org\/{rel}","templated":true}]}}