{"id":1720,"date":"2017-03-10T19:27:12","date_gmt":"2017-03-10T18:27:12","guid":{"rendered":"https:\/\/birdbusters.eu\/product\/parnesajams-putnu-atbaiditajs-ar-skanu\/"},"modified":"2025-04-10T05:35:22","modified_gmt":"2025-04-10T03:35:22","slug":"parnesajams-putnu-atbaiditajs-ar-skanu","status":"publish","type":"product","link":"https:\/\/birdbusters.eu\/lv\/produkts\/parnesajams-putnu-atbaiditajs-ar-skanu\/","title":{"rendered":"P\u0101rn\u0113s\u0101jams putnu atbaid\u012bt\u0101js ar ska\u0146u"},"content":{"rendered":"<p style=\"text-align: justify;\">Ar roku darbin\u0101ma ska\u0146as ier\u012bce putnu atbaid\u012b\u0161anai, izmantojot bai\u013cu un briesmu kliedzienus. Atbaida putnus ar ska\u0146u. Iek\u013cautas da\u017e\u0101du putnu, piem\u0113ram, strazdu, v\u0101rnu un kaiju, ska\u0146as. Var atlas\u012bt jebkuru no \u0161\u012bm ska\u0146\u0101m, lai, izv\u0113loties kl\u0101teso\u0161o putnu ska\u0146as atska\u0146o\u0161anu, izrais\u012btu putnu satraukumu, vi\u0146i uzskat\u012btu teritoriju par nedro\u0161u un aizlidotu.<\/p>\n<p style=\"text-align: justify;\">M\u0101jas strazda, kov\u0101r\u0146a, v\u0101rnas, Kan\u0101das zoss, me\u017ea zoss, baltvaigu zoss, s\u012b\u013ca, zvirbu\u013cvanaga, lauka piek\u016bna, sudrabkaijas, liel\u0101 \u0137\u012bra, kajaka, vilka kauciena un bises \u0161\u0101viena ska\u0146a.<\/p>\n<p style=\"text-align: justify;\"><strong>Tas nav putnu atbaid\u012bt\u0101js ar ultraska\u0146u, bet putnu bied\u0113klis ar \u013coti jaud\u012bgu ska\u0146u, kas imit\u0113 putnu ska\u0146as uzbrukuma gad\u012bjum\u0101.<\/strong><\/p>\n<p style=\"text-align: justify;\">Lietojiet ier\u012bci regul\u0101ri da\u017e\u0101dos laikos.<\/p>\n<p style=\"text-align: justify;\">\u013boti piem\u0113rots lauku saimniec\u012bb\u0101m, aug\u013cu d\u0101rziem, lidost\u0101m, noliktav\u0101m utt.<\/p>\n<p style=\"text-align: justify;\">BirdYell ir viegli izmantojams un darbojas ar 8\u00a0AA akumulatoriem vai parastu 12\u00a0voltu akumulatoru.<\/p>\n<p style=\"text-align: justify;\">BirdYell ir apr\u012bkots ar 10\u00a0vatu ska\u013cruni, kas nodro\u0161ina efekt\u012bvu putnu atbaid\u012bt\u0101ja troksni l\u012bdz 200\u00a0metriem.<\/p>\n","protected":false},"excerpt":{"rendered":"<p>https:\/\/youtu.be\/YrOKA-D6FKg<\/p>\n<p>Ar roku darbin\u0101ma ska\u0146as ier\u012bce putnu atbaid\u012b\u0161anai, izmantojot bai\u013cu un briesmu kliedzienus.\u00a0Atbaida putnus ar ska\u0146u &#8211;\u00a0ov\u0101r\u0146a, v\u0101rnas, Kan\u0101das zoss, me\u017ea zoss, baltvaigu zoss&#8230;<\/p>\n","protected":false},"featured_media":1395,"template":"","meta":{"_themeisle_gutenberg_block_has_review":false,"rank_math_focus_keyword":"","rank_math_title":"","rank_math_description":"","rank_math_canonical_url":"","rank_math_facebook_title":"","rank_math_facebook_description":"","rank_math_facebook_image":"","rank_math_twitter_title":"","rank_math_twitter_description":"","rank_math_twitter_image":"","rank_math_schema_FAQPage":[]},"product_brand":[],"product_cat":[61,60],"product_tag":[],"class_list":{"0":"post-1720","1":"product","2":"type-product","3":"status-publish","4":"has-post-thumbnail","6":"product_cat-putnu-atbaidisanas-lidzekli","7":"product_cat-putnu-atvairitaji-ar-skanu","9":"first","10":"instock","11":"taxable","12":"shipping-taxable","13":"purchasable","14":"product-type-simple"},"_links":{"self":[{"href":"https:\/\/birdbusters.eu\/lv\/wp-json\/wp\/v2\/product\/1720","targetHints":{"allow":["GET"]}}],"collection":[{"href":"https:\/\/birdbusters.eu\/lv\/wp-json\/wp\/v2\/product"}],"about":[{"href":"https:\/\/birdbusters.eu\/lv\/wp-json\/wp\/v2\/types\/product"}],"wp:featuredmedia":[{"embeddable":true,"href":"https:\/\/birdbusters.eu\/lv\/wp-json\/wp\/v2\/media\/1395"}],"wp:attachment":[{"href":"https:\/\/birdbusters.eu\/lv\/wp-json\/wp\/v2\/media?parent=1720"}],"wp:term":[{"taxonomy":"product_brand","embeddable":true,"href":"https:\/\/birdbusters.eu\/lv\/wp-json\/wp\/v2\/product_brand?post=1720"},{"taxonomy":"product_cat","embeddable":true,"href":"https:\/\/birdbusters.eu\/lv\/wp-json\/wp\/v2\/product_cat?post=1720"},{"taxonomy":"product_tag","embeddable":true,"href":"https:\/\/birdbusters.eu\/lv\/wp-json\/wp\/v2\/product_tag?post=1720"}],"curies":[{"name":"wp","href":"https:\/\/api.w.org\/{rel}","templated":true}]}}