{"id":1721,"date":"2017-03-10T20:53:18","date_gmt":"2017-03-10T18:53:18","guid":{"rendered":"https:\/\/birdbusters.eu\/product\/putnu-uzlime-logiem\/"},"modified":"2023-11-08T18:30:36","modified_gmt":"2023-11-08T17:30:36","slug":"putnu-uzlime-logiem","status":"publish","type":"product","link":"https:\/\/birdbusters.eu\/lv\/produkts\/putnu-uzlime-logiem\/","title":{"rendered":"Putnu uzl\u012bme logiem"},"content":{"rendered":"<h1 style=\"text-align: justify;\"><span style=\"font-size: 12pt;\">Lidojo\u0161a putna siluets<\/span><\/h1>\n<p style=\"text-align: justify;\">Stikla logi putniem ir daudz kait\u012bg\u0101ki nek\u0101 necaursp\u012bd\u012bgie. Tajos atspogu\u013cotais za\u013cums vai debesis glu\u017ei vai aicina ielidot. Turkl\u0101t caursp\u012bd\u012bgo logu ir tik daudz, ka, tiem uztriecoties, iet boj\u0101 \u013coti daudz putnu.<\/p>\n<p style=\"text-align: justify;\">Uzl\u012bmes izm\u0113ri: 1112\u00a0\u00d7\u00a0479\u00a0mm.<\/p>\n<p style=\"text-align: justify;\">Ietver 3\u00a0da\u017e\u0101dus putnu siluetus\u00a0\u2014 <strong>divus vanagus<\/strong> un <strong>\u0113rgli<\/strong>.<\/p>\n<p>Papildus inform\u0101cija: ja logs no att\u0101luma izskat\u0101s tum\u0161s, ieteicams izmantot baltus siluetus, uz stikla barjer\u0101m melnus siluetus.<\/p>\n","protected":false},"excerpt":{"rendered":"<p>Putnu uzl\u012bme logiem. Stikla logi putniem ir daudz kait\u012bg\u0101ki nek\u0101 necaursp\u012bd\u012bgie. Aizsarg\u0101 putnus un stiklu.<\/p>\n<p>&nbsp;<\/p>\n","protected":false},"featured_media":1401,"template":"","meta":{"_themeisle_gutenberg_block_has_review":false},"product_brand":[],"product_cat":[61,58],"product_tag":[],"class_list":{"0":"post-1721","1":"product","2":"type-product","3":"status-publish","4":"has-post-thumbnail","6":"product_cat-putnu-atbaidisanas-lidzekli","7":"product_cat-putnu-vizualie-atbaiditaji","9":"first","10":"instock","11":"taxable","12":"shipping-taxable","13":"purchasable","14":"product-type-simple"},"_links":{"self":[{"href":"https:\/\/birdbusters.eu\/lv\/wp-json\/wp\/v2\/product\/1721","targetHints":{"allow":["GET"]}}],"collection":[{"href":"https:\/\/birdbusters.eu\/lv\/wp-json\/wp\/v2\/product"}],"about":[{"href":"https:\/\/birdbusters.eu\/lv\/wp-json\/wp\/v2\/types\/product"}],"wp:featuredmedia":[{"embeddable":true,"href":"https:\/\/birdbusters.eu\/lv\/wp-json\/wp\/v2\/media\/1401"}],"wp:attachment":[{"href":"https:\/\/birdbusters.eu\/lv\/wp-json\/wp\/v2\/media?parent=1721"}],"wp:term":[{"taxonomy":"product_brand","embeddable":true,"href":"https:\/\/birdbusters.eu\/lv\/wp-json\/wp\/v2\/product_brand?post=1721"},{"taxonomy":"product_cat","embeddable":true,"href":"https:\/\/birdbusters.eu\/lv\/wp-json\/wp\/v2\/product_cat?post=1721"},{"taxonomy":"product_tag","embeddable":true,"href":"https:\/\/birdbusters.eu\/lv\/wp-json\/wp\/v2\/product_tag?post=1721"}],"curies":[{"name":"wp","href":"https:\/\/api.w.org\/{rel}","templated":true}]}}