{"id":1724,"date":"2018-02-07T11:06:35","date_gmt":"2018-02-07T10:06:35","guid":{"rendered":"https:\/\/birdbusters.eu\/product\/varnu-biedeklis-bird-gard-pro\/"},"modified":"2025-08-09T11:27:41","modified_gmt":"2025-08-09T09:27:41","slug":"varnu-biedeklis-bird-gard-pro","status":"publish","type":"product","link":"https:\/\/birdbusters.eu\/lv\/produkts\/varnu-biedeklis-bird-gard-pro\/","title":{"rendered":"V\u0101rnu atbaid\u012bt\u0101js Bird Gard Pro"},"content":{"rendered":"<p>V\u0101rnu atbaid\u012bt\u0101js Bird Gard Pro ir galvenok\u0101rt paredz\u0113ts \u0113ku un iek\u0101rtu aizsardz\u012bbai. Ier\u012bce atska\u0146o v\u0101rnu trauksmes saucienu, kas bied\u0113 putnus. Darb\u012bbas diapazons bez papildu <a href=\"https:\/\/birdbusters.eu\/lv\/product\/bird-gard-skalrunis\/\">ska\u013cru\u0146iem<\/a>: l\u012bdz 0,6\u00a0hekt\u0101riem.<\/p>\n<p>Var pas\u016bt\u012bt papildu <a href=\"https:\/\/birdbusters.eu\/lv\/product\/bird-gard-skalrunis\/\">ska\u013cruni<\/a>.<\/p>\n","protected":false},"excerpt":{"rendered":"<p>https:\/\/youtu.be\/kK5iP9w1AEg<\/p>\n<p>V\u0101rnu bied\u0113klis Bird Gard Pro ir galvenok\u0101rt paredz\u0113ts \u0113ku un iek\u0101rtu aizsardz\u012bbai. Ier\u012bce atska\u0146o v\u0101rnu trauksmes saucienu, kas bied\u0113 putnus.<\/p>\n<p>&nbsp;<\/p>\n","protected":false},"featured_media":1441,"template":"","meta":{"_themeisle_gutenberg_block_has_review":false},"product_brand":[],"product_cat":[61,60],"product_tag":[],"class_list":{"0":"post-1724","1":"product","2":"type-product","3":"status-publish","4":"has-post-thumbnail","6":"product_cat-putnu-atbaidisanas-lidzekli","7":"product_cat-putnu-atvairitaji-ar-skanu","9":"first","10":"onbackorder","11":"taxable","12":"shipping-taxable","13":"purchasable","14":"product-type-simple"},"_links":{"self":[{"href":"https:\/\/birdbusters.eu\/lv\/wp-json\/wp\/v2\/product\/1724","targetHints":{"allow":["GET"]}}],"collection":[{"href":"https:\/\/birdbusters.eu\/lv\/wp-json\/wp\/v2\/product"}],"about":[{"href":"https:\/\/birdbusters.eu\/lv\/wp-json\/wp\/v2\/types\/product"}],"wp:featuredmedia":[{"embeddable":true,"href":"https:\/\/birdbusters.eu\/lv\/wp-json\/wp\/v2\/media\/1441"}],"wp:attachment":[{"href":"https:\/\/birdbusters.eu\/lv\/wp-json\/wp\/v2\/media?parent=1724"}],"wp:term":[{"taxonomy":"product_brand","embeddable":true,"href":"https:\/\/birdbusters.eu\/lv\/wp-json\/wp\/v2\/product_brand?post=1724"},{"taxonomy":"product_cat","embeddable":true,"href":"https:\/\/birdbusters.eu\/lv\/wp-json\/wp\/v2\/product_cat?post=1724"},{"taxonomy":"product_tag","embeddable":true,"href":"https:\/\/birdbusters.eu\/lv\/wp-json\/wp\/v2\/product_tag?post=1724"}],"curies":[{"name":"wp","href":"https:\/\/api.w.org\/{rel}","templated":true}]}}