{"id":1725,"date":"2018-02-07T11:00:38","date_gmt":"2018-02-07T10:00:38","guid":{"rendered":"https:\/\/birdbusters.eu\/product\/melna-strazda-biedeklis-un-majas-strazda-bird-gard-pro\/"},"modified":"2025-08-10T10:15:23","modified_gmt":"2025-08-10T08:15:23","slug":"melna-strazda-biedeklis-un-majas-strazda-bird-gard-pro","status":"publish","type":"product","link":"https:\/\/birdbusters.eu\/lv\/produkts\/melna-strazda-biedeklis-un-majas-strazda-bird-gard-pro\/","title":{"rendered":"Meln\u0101 strazda bied\u0113klis un m\u0101jas strazda Bird Gard Pro"},"content":{"rendered":"<p>Meln\u0101 strazda\u00a0bied\u0113klis Bird Gard Pro ir galvenok\u0101rt paredz\u0113ts \u0113ku un iek\u0101rtu aizsardz\u012bbai. Ier\u012bce atska\u0146o meln\u0101 strazda trauksmes saucienu, kas bied\u0113 putnus.\u00a0Darb\u012bbas diapazons bez <a href=\"https:\/\/birdbusters.eu\/lv\/product\/bird-gard-skalrunis\/\">papildu ska\u013cru\u0146iem<\/a>: l\u012bdz 0,6\u00a0hekt\u0101riem.<\/p>\n<p>Var pas\u016bt\u012bt <a href=\"https:\/\/birdbusters.eu\/lv\/product\/bird-gard-skalrunis\/\">papildu ska\u013cruni<\/a>.<\/p>\n","protected":false},"excerpt":{"rendered":"<p>https:\/\/youtu.be\/rBnHY4xFQBo<\/p>\n<p>Meln\u0101 strazda\u00a0bied\u0113klis Bird Gard Pro ir galvenok\u0101rt paredz\u0113ts \u0113ku un iek\u0101rtu aizsardz\u012bbai. Ier\u012bce atska\u0146o meln\u0101 strazda trauksmes saucienu, kas bied\u0113 putnus.<\/p>\n<p>&nbsp;<\/p>\n","protected":false},"featured_media":1437,"template":"","meta":{"_themeisle_gutenberg_block_has_review":false,"rank_math_focus_keyword":"","rank_math_title":"","rank_math_description":"","rank_math_canonical_url":"","rank_math_facebook_title":"","rank_math_facebook_description":"","rank_math_facebook_image":"","rank_math_twitter_title":"","rank_math_twitter_description":"","rank_math_twitter_image":"","rank_math_schema_FAQPage":[]},"product_brand":[],"product_cat":[61,60],"product_tag":[],"class_list":{"0":"post-1725","1":"product","2":"type-product","3":"status-publish","4":"has-post-thumbnail","6":"product_cat-putnu-atbaidisanas-lidzekli","7":"product_cat-putnu-atvairitaji-ar-skanu","9":"first","10":"onbackorder","11":"taxable","12":"shipping-taxable","13":"purchasable","14":"product-type-simple"},"_links":{"self":[{"href":"https:\/\/birdbusters.eu\/lv\/wp-json\/wp\/v2\/product\/1725","targetHints":{"allow":["GET"]}}],"collection":[{"href":"https:\/\/birdbusters.eu\/lv\/wp-json\/wp\/v2\/product"}],"about":[{"href":"https:\/\/birdbusters.eu\/lv\/wp-json\/wp\/v2\/types\/product"}],"wp:featuredmedia":[{"embeddable":true,"href":"https:\/\/birdbusters.eu\/lv\/wp-json\/wp\/v2\/media\/1437"}],"wp:attachment":[{"href":"https:\/\/birdbusters.eu\/lv\/wp-json\/wp\/v2\/media?parent=1725"}],"wp:term":[{"taxonomy":"product_brand","embeddable":true,"href":"https:\/\/birdbusters.eu\/lv\/wp-json\/wp\/v2\/product_brand?post=1725"},{"taxonomy":"product_cat","embeddable":true,"href":"https:\/\/birdbusters.eu\/lv\/wp-json\/wp\/v2\/product_cat?post=1725"},{"taxonomy":"product_tag","embeddable":true,"href":"https:\/\/birdbusters.eu\/lv\/wp-json\/wp\/v2\/product_tag?post=1725"}],"curies":[{"name":"wp","href":"https:\/\/api.w.org\/{rel}","templated":true}]}}