{"id":1727,"date":"2018-02-07T10:33:55","date_gmt":"2018-02-07T09:33:55","guid":{"rendered":"https:\/\/birdbusters.eu\/product\/1727\/"},"modified":"2025-07-03T10:14:59","modified_gmt":"2025-07-03T08:14:59","slug":"kaiju-biedeklis-bird-gard-pro","status":"publish","type":"product","link":"https:\/\/birdbusters.eu\/lv\/produkts\/kaiju-biedeklis-bird-gard-pro\/","title":{"rendered":"Kaiju bied\u0113klis Bird Gard Pro"},"content":{"rendered":"<p>Kaiju bied\u0113klis Bird Gard Pro ir galvenok\u0101rt paredz\u0113ts \u0113ku un iek\u0101rtu aizsardz\u012bbai. Ier\u012bce atska\u0146o\u00a0kaiju trauksmes saucienu, kas bied\u0113 putnus.\u00a0Darb\u012bbas diapazons bez <a href=\"https:\/\/birdbusters.eu\/lv\/product\/bird-gard-skalrunis\/\">papildu ska\u013cru\u0146iem<\/a>: l\u012bdz 0,6\u00a0hekt\u0101riem.<\/p>\n<p>Var pas\u016bt\u012bt <a href=\"https:\/\/birdbusters.eu\/lv\/product\/bird-gard-skalrunis\/\">papildu ska\u013cruni<\/a>.<\/p>\n","protected":false},"excerpt":{"rendered":"<p>https:\/\/youtu.be\/rBnHY4xFQBo<\/p>\n<p>Kaiju bied\u0113klis Bird Gard Pro ir galvenok\u0101rt paredz\u0113ts \u0113ku un iek\u0101rtu aizsardz\u012bbai. Ier\u012bce atska\u0146o\u00a0kaiju trauksmes saucienu, kas bied\u0113 putnus.<\/p>\n<p>&nbsp;<\/p>\n","protected":false},"featured_media":1435,"template":"","meta":{"_themeisle_gutenberg_block_has_review":false},"product_brand":[],"product_cat":[61,60],"product_tag":[],"class_list":{"0":"post-1727","1":"product","2":"type-product","3":"status-publish","4":"has-post-thumbnail","6":"product_cat-putnu-atbaidisanas-lidzekli","7":"product_cat-putnu-atvairitaji-ar-skanu","9":"first","10":"onbackorder","11":"taxable","12":"shipping-taxable","13":"purchasable","14":"product-type-simple"},"_links":{"self":[{"href":"https:\/\/birdbusters.eu\/lv\/wp-json\/wp\/v2\/product\/1727","targetHints":{"allow":["GET"]}}],"collection":[{"href":"https:\/\/birdbusters.eu\/lv\/wp-json\/wp\/v2\/product"}],"about":[{"href":"https:\/\/birdbusters.eu\/lv\/wp-json\/wp\/v2\/types\/product"}],"wp:featuredmedia":[{"embeddable":true,"href":"https:\/\/birdbusters.eu\/lv\/wp-json\/wp\/v2\/media\/1435"}],"wp:attachment":[{"href":"https:\/\/birdbusters.eu\/lv\/wp-json\/wp\/v2\/media?parent=1727"}],"wp:term":[{"taxonomy":"product_brand","embeddable":true,"href":"https:\/\/birdbusters.eu\/lv\/wp-json\/wp\/v2\/product_brand?post=1727"},{"taxonomy":"product_cat","embeddable":true,"href":"https:\/\/birdbusters.eu\/lv\/wp-json\/wp\/v2\/product_cat?post=1727"},{"taxonomy":"product_tag","embeddable":true,"href":"https:\/\/birdbusters.eu\/lv\/wp-json\/wp\/v2\/product_tag?post=1727"}],"curies":[{"name":"wp","href":"https:\/\/api.w.org\/{rel}","templated":true}]}}