{"id":1728,"date":"2015-09-09T13:39:01","date_gmt":"2015-09-09T11:39:01","guid":{"rendered":"https:\/\/birdbusters.eu\/product\/balozu-biedeklis-bird-gard-pro\/"},"modified":"2025-08-25T13:06:49","modified_gmt":"2025-08-25T11:06:49","slug":"balozu-biedeklis-bird-gard-pro","status":"publish","type":"product","link":"https:\/\/birdbusters.eu\/lv\/produkts\/balozu-biedeklis-bird-gard-pro\/","title":{"rendered":"Balo\u017eu bied\u0113klis Bird Gard Pro"},"content":{"rendered":"<p>Balo\u017eu bied\u0113klis Bird Gard Pro ir galvenok\u0101rt paredz\u0113ts \u0113ku un iek\u0101rtu aizsardz\u012bbai. Ier\u012bce atska\u0146o\u00a0balo\u017eu trauksmes saucienu, kas bied\u0113 putnus.\u00a0Darb\u012bbas diapazons bez <a href=\"https:\/\/birdbusters.eu\/lv\/product\/bird-gard-skalrunis\/\">papildu ska\u013cru\u0146iem<\/a>: l\u012bdz 0,6\u00a0hekt\u0101riem.<\/p>\n<p>Var pas\u016bt\u012bt <a href=\"https:\/\/birdbusters.eu\/lv\/product\/bird-gard-skalrunis\/\">papildu ska\u013cruni<\/a>.<\/p>\n","protected":false},"excerpt":{"rendered":"<p>Balo\u017eu bied\u0113klis Bird Gard Pro ir galvenok\u0101rt paredz\u0113ts \u0113ku un iek\u0101rtu aizsardz\u012bbai. Ier\u012bce atska\u0146o\u00a0balo\u017eu trauksmes saucienu, kas bied\u0113 putnus.<\/p>\n<p>https:\/\/youtu.be\/rBnHY4xFQBo<\/p>\n<p>&nbsp;<\/p>\n","protected":false},"featured_media":1433,"template":"","meta":{"_themeisle_gutenberg_block_has_review":false},"product_brand":[],"product_cat":[60,61],"product_tag":[],"class_list":{"0":"post-1728","1":"product","2":"type-product","3":"status-publish","4":"has-post-thumbnail","6":"product_cat-putnu-atvairitaji-ar-skanu","7":"product_cat-putnu-atbaidisanas-lidzekli","9":"first","10":"outofstock","11":"taxable","12":"shipping-taxable","13":"purchasable","14":"product-type-simple"},"_links":{"self":[{"href":"https:\/\/birdbusters.eu\/lv\/wp-json\/wp\/v2\/product\/1728","targetHints":{"allow":["GET"]}}],"collection":[{"href":"https:\/\/birdbusters.eu\/lv\/wp-json\/wp\/v2\/product"}],"about":[{"href":"https:\/\/birdbusters.eu\/lv\/wp-json\/wp\/v2\/types\/product"}],"wp:featuredmedia":[{"embeddable":true,"href":"https:\/\/birdbusters.eu\/lv\/wp-json\/wp\/v2\/media\/1433"}],"wp:attachment":[{"href":"https:\/\/birdbusters.eu\/lv\/wp-json\/wp\/v2\/media?parent=1728"}],"wp:term":[{"taxonomy":"product_brand","embeddable":true,"href":"https:\/\/birdbusters.eu\/lv\/wp-json\/wp\/v2\/product_brand?post=1728"},{"taxonomy":"product_cat","embeddable":true,"href":"https:\/\/birdbusters.eu\/lv\/wp-json\/wp\/v2\/product_cat?post=1728"},{"taxonomy":"product_tag","embeddable":true,"href":"https:\/\/birdbusters.eu\/lv\/wp-json\/wp\/v2\/product_tag?post=1728"}],"curies":[{"name":"wp","href":"https:\/\/api.w.org\/{rel}","templated":true}]}}