{"id":1729,"date":"2018-02-07T12:45:51","date_gmt":"2018-02-07T10:45:51","guid":{"rendered":"https:\/\/birdbusters.eu\/product\/lapsas-figura-kaiteklu-atvairisanai\/"},"modified":"2025-11-10T10:43:58","modified_gmt":"2025-11-10T09:43:58","slug":"lapsas-figura-kaiteklu-atvairisanai","status":"publish","type":"product","link":"https:\/\/birdbusters.eu\/lv\/produkts\/lapsas-figura-kaiteklu-atvairisanai\/","title":{"rendered":"Lapsas fig\u016bra kait\u0113k\u013cu atvair\u012b\u0161anai"},"content":{"rendered":"<p data-start=\"248\" data-end=\"530\">Lapsas formas putnu atbaid\u012bt\u0101js ir efekt\u012bvs un iztur\u012bgs risin\u0101jums, lai atvair\u012btu nev\u0113lamus putnus no j\u016bsu d\u0101rza vai \u012bpa\u0161uma. T\u0101 re\u0101listiskais lapsai l\u012bdz\u012bgais izskats dabiski bied\u0113 daudzus putnu veidus. Ide\u0101li piem\u0113rots d\u0101rziem, golfa laukumiem, parkiem un r\u016bpniec\u012bbas teritorij\u0101m.<\/p>\n<p data-start=\"532\" data-end=\"721\">Lapsas atdarin\u0101juma izmanto\u0161ana k\u0101 risin\u0101jums pret kait\u012bgiem putniem var b\u016bt gan pirmais, gan p\u0113d\u0113jais solis c\u012b\u0146\u0101 ar strazdiem, kov\u0101r\u0146iem, zos\u012bm, v\u0101rn\u0101m, balo\u017eiem, krauk\u013ciem un pat tru\u0161iem.<\/p>\n<p data-start=\"723\" data-end=\"911\">Dz\u012bvei l\u012bdz\u012bgais lapsas makets sniedz lieliskus rezult\u0101tus, jo lapsa ir dab\u012bgs putnu ienaidnieks. T\u0101d\u0113\u013c maketa kl\u0101tb\u016btne izraisa putnos diskomfortu un liek tiem izvair\u012bties no teritorijas.<\/p>\n<p data-start=\"913\" data-end=\"1091\">Lapsas atbaid\u012bt\u0101ju var izvietot d\u0101rzos, golfa laukumos, parkos un ar\u012b lauksaimniec\u012bbas teritorij\u0101s. Lab\u0101kais efekts tiek pan\u0101kts, ja to novieto viet\u0101, kur putni to viegli pamana.<\/p>\n<p data-start=\"1093\" data-end=\"1392\">Komplekt\u0101 iek\u013cautais divda\u013c\u012bgais stienis \u013cauj maketam kust\u0113ties pat viegl\u0101 v\u0113j\u0101. Lapsai ir kust\u012bga aste, kas izgatavota no laikapst\u0101k\u013cu iztur\u012bga EVA gumijas. Pateicoties kust\u012bbai, makets izskat\u0101s dabisks un rada iespaidu, ka lapsa akt\u012bvi med\u012b. Tas rada putnos nemieru, liekot tiem pamest teritoriju.<\/p>\n<p data-start=\"1394\" data-end=\"1568\">Lapsas atbaid\u012bt\u0101js darbojas k\u0101 <strong data-start=\"1425\" data-end=\"1465\">vizu\u0101ls putnu atbaid\u012b\u0161anas l\u012bdzeklis<\/strong> neliel\u0101s teritorij\u0101s. Lai nov\u0113rstu putnu pieradumu, ieteicams main\u012bt t\u0101 novietojumu ik p\u0113c 3\u20134 dien\u0101m.<\/p>\n<h3 data-start=\"1575\" data-end=\"1607\"><strong data-start=\"1579\" data-end=\"1607\">Bie\u017e\u0101k uzdotie jaut\u0101jumi<\/strong><\/h3>\n<p data-start=\"1609\" data-end=\"1821\"><strong data-start=\"1609\" data-end=\"1651\">K\u0101dus putnus \u0161is atbaid\u012bt\u0101js aizbaida?<\/strong><br data-start=\"1651\" data-end=\"1654\" \/>Lapsas makets efekt\u012bvi atbaida strazdus, kov\u0101r\u0146us, zosu barus, v\u0101rnas, balo\u017eus, krauk\u013cus un ar\u012b tru\u0161us. T\u0101 izm\u0113rs, kr\u0101sa un kust\u012bba rada putniem iespaidu par briesm\u0101m.<\/p>\n<p data-start=\"1823\" data-end=\"1987\"><strong data-start=\"1823\" data-end=\"1857\">Vai tas darbojas ar\u012b bez v\u0113ja?<\/strong><br data-start=\"1857\" data-end=\"1860\" \/>J\u0101. Lapsas re\u0101listiskais izskats liek putniem atpaz\u012bt to k\u0101 dab\u012bgo ienaidnieku pat bez kust\u012bbas, radot tiem bailes un nepatiku.<\/p>\n<p data-start=\"1989\" data-end=\"2168\"><strong data-start=\"1989\" data-end=\"2032\">Vai putni ar laiku nepierod pie maketa?<\/strong><br data-start=\"2032\" data-end=\"2035\" \/>Putni ir gudri un var saprast, ka makets nav \u012bsts. Lai saglab\u0101tu efektivit\u0101ti, ieteicams main\u012bt t\u0101 atra\u0161an\u0101s vietu ik p\u0113c 3\u20134 dien\u0101m.<\/p>\n<p data-start=\"2170\" data-end=\"2409\"><strong data-start=\"2170\" data-end=\"2194\">Kur to var izmantot?<\/strong><br data-start=\"2194\" data-end=\"2197\" \/>Ide\u0101li piem\u0113rots viet\u0101m, kur putni v\u0113l nav apmetu\u0161ies vai kur tos nepievilina p\u0101rtika. Profilaktiska izmanto\u0161ana pal\u012bdz ilgsto\u0161i uztur\u0113t teritoriju br\u012bvu no putniem. Piem\u0113rots d\u0101rziem, golfa laukumiem un parkiem.<\/p>\n<p data-start=\"2411\" data-end=\"2629\"><strong data-start=\"2411\" data-end=\"2466\">Cik efekt\u012bvs tas ir sal\u012bdzin\u0101jum\u0101 ar cit\u0101m metod\u0113m?<\/strong><br data-start=\"2466\" data-end=\"2469\" \/>K\u0101 vizu\u0101ls atbaid\u012bt\u0101js lapsas makets ir \u013coti efekt\u012bvs. Tas ir videi draudz\u012bgs, nerada troksni, neprasa ener\u0123iju un neboj\u0101 putnus. Vienk\u0101r\u0161s un dro\u0161s risin\u0101jums.<\/p>\n<p data-start=\"2631\" data-end=\"2840\"><strong data-start=\"2631\" data-end=\"2655\">K\u0101 veikt pas\u016bt\u012bjumu?<\/strong><br data-start=\"2655\" data-end=\"2658\" \/>Pievienojiet preci grozam, p\u0101rbaudiet pas\u016bt\u012bjumu, ievadiet savus datus un izv\u0113lieties maks\u0101juma veidu. P\u0113c pas\u016bt\u012bjuma veiksm\u012bgas apstiprin\u0101\u0161anas j\u016bs sa\u0146emsiet e-pasta apstiprin\u0101jumu.<\/p>\n<h3 data-start=\"2847\" data-end=\"2870\"><strong data-start=\"2851\" data-end=\"2870\">Par BirdBusters<\/strong><\/h3>\n<p data-start=\"2872\" data-end=\"3089\">Ja jums ir probl\u0113mas ar nev\u0113lamiem putniem, sazinieties ar <strong data-start=\"2931\" data-end=\"2946\">BirdBusters<\/strong> speci\u0101listiem. Pied\u0101v\u0101jam pla\u0161u videi draudz\u012bgu putnu kontroles produktu kl\u0101stu, kas pal\u012bdz aizsarg\u0101t j\u016bsu d\u0101rzu, balkonu, aug\u013ckokus un augus.<\/p>\n<p data-start=\"3091\" data-end=\"3182\">M\u016bsu misija ir pal\u012bdz\u0113t jums baud\u012bt savu \u0101ra vidi \u2013 t\u012bru, mier\u012bgu un bez kait\u012bgiem putniem.<\/p>\n","protected":false},"excerpt":{"rendered":"<h2 style=\"text-align: justify;\"><span style=\"font-size: 12pt;\"><strong>Dab\u012bga izskata lapsas fig\u016bra kait\u0113k\u013cu apkaro\u0161anai<\/strong><\/span><\/h2>\n<p style=\"text-align: justify;\">Kait\u0113k\u013cu atbaid\u012bt\u0101js, kas atvaira grauz\u0113jus un putnus, tostarp zosis, p\u012bles, balo\u017eus un melnos strazdus.<\/p>\n<p style=\"text-align: justify;\">Viegl\u0101 lapsas fig\u016bra ir izveidota 3D form\u0101, tai ir t\u0101ds pats lielums un izskats k\u0101 \u012bstai lapsai. Bied\u0113klis v\u0113j\u0101 maina virzienu. Optim\u0101lu rezult\u0101tu sasnieg\u0161anai mainiet lapsas novietojumu ik p\u0113c 3\u20134\u00a0dien\u0101m. Labi noder golfa laukumos, r\u016bpniecisk\u0101s teritorij\u0101s, d\u0101rzos, lidost\u0101s un lidlaukos, parkos, skolu teritorij\u0101s un laukos.<\/p>\n<p style=\"text-align: justify;\">Lapsas fig\u016bra kait\u0113k\u013cu apkaro\u0161anai ir izgatavota no EVA gumijas materi\u0101la, kas ir notur\u012bgs pret laikapst\u0101k\u013cu ietekmi.<\/p>\n<p>Kait\u0113k\u013cu atbaid\u012bt\u0101js, kas atvaira grauz\u0113jus un putnus, tostarp zosis, p\u012bles, balo\u017eus un melnos strazdus.<\/p>\n","protected":false},"featured_media":1449,"template":"","meta":{"_themeisle_gutenberg_block_has_review":false},"product_brand":[],"product_cat":[187,61,58],"product_tag":[],"class_list":{"0":"post-1729","1":"product","2":"type-product","3":"status-publish","4":"has-post-thumbnail","6":"product_cat-kurmju-atbaiditajs-un-dzivnieku-atbaiditajs-dabigs-risinajums-darzam-un-zalienam","7":"product_cat-putnu-atbaidisanas-lidzekli","8":"product_cat-putnu-vizualie-atbaiditaji","10":"first","11":"instock","12":"taxable","13":"shipping-taxable","14":"purchasable","15":"product-type-simple"},"_links":{"self":[{"href":"https:\/\/birdbusters.eu\/lv\/wp-json\/wp\/v2\/product\/1729","targetHints":{"allow":["GET"]}}],"collection":[{"href":"https:\/\/birdbusters.eu\/lv\/wp-json\/wp\/v2\/product"}],"about":[{"href":"https:\/\/birdbusters.eu\/lv\/wp-json\/wp\/v2\/types\/product"}],"wp:featuredmedia":[{"embeddable":true,"href":"https:\/\/birdbusters.eu\/lv\/wp-json\/wp\/v2\/media\/1449"}],"wp:attachment":[{"href":"https:\/\/birdbusters.eu\/lv\/wp-json\/wp\/v2\/media?parent=1729"}],"wp:term":[{"taxonomy":"product_brand","embeddable":true,"href":"https:\/\/birdbusters.eu\/lv\/wp-json\/wp\/v2\/product_brand?post=1729"},{"taxonomy":"product_cat","embeddable":true,"href":"https:\/\/birdbusters.eu\/lv\/wp-json\/wp\/v2\/product_cat?post=1729"},{"taxonomy":"product_tag","embeddable":true,"href":"https:\/\/birdbusters.eu\/lv\/wp-json\/wp\/v2\/product_tag?post=1729"}],"curies":[{"name":"wp","href":"https:\/\/api.w.org\/{rel}","templated":true}]}}