{"id":1732,"date":"2018-02-07T13:04:37","date_gmt":"2018-02-07T11:04:37","guid":{"rendered":"https:\/\/birdbusters.eu\/product\/smidzinatajs-putnu-atbaidisanai\/"},"modified":"2023-11-08T18:38:00","modified_gmt":"2023-11-08T17:38:00","slug":"smidzinatajs-putnu-atbaidisanai","status":"publish","type":"product","link":"https:\/\/birdbusters.eu\/lv\/produkts\/smidzinatajs-putnu-atbaidisanai\/","title":{"rendered":"Smidzin\u0101t\u0101js putnu atbaid\u012b\u0161anai"},"content":{"rendered":"<p>\u016adens smidzin\u0101t\u0101js putnu atbaid\u012b\u0161anai, kas darbojas ar saules ener\u0123iju, aizsarg\u0101 d\u0101rzus, labiek\u0101rtotas teritorijas un pagalmus no brie\u017eiem, tru\u0161iem, putniem un citiem iebruc\u0113jiem\u00a0\u2014 dz\u012bvniekiem.<\/p>\n<p>Izbied\u0113 kait\u0113k\u013cus ar ska\u0146u un p\u0101rsteidzo\u0161u, bet nekait\u012bgu \u016bdens izpl\u016bdi, pam\u0101cot tos turpm\u0101k izvair\u012bties no aizsarg\u0101jam\u0101s teritorijas. Atturo\u0161ais smidzin\u0101t\u0101js rea\u0123\u0113 uz kust\u012bbu, \u016bdens no smidzin\u0101t\u0101ja izpl\u016bst 4\u00a0sekundes.<\/p>\n<p>Aizsarg\u0101 1200\u00a0kvadr\u0101tp\u0113das dien\u0101 un nakt\u012b, viens 9\u00a0voltu akumulators nodro\u0161ina jaudu l\u012bdz 6\u00a0m\u0113ne\u0161iem. Kust\u012bbas detektors darbojas 90\u00a0gr\u0101du le\u0146\u0137\u012b, smidzin\u0101\u0161anas diapazons ir l\u012bdz 10\u00a0m.<\/p>\n<p>Ja apstr\u0101d\u0101jam\u0101 plat\u012bba p\u0101rsniedz 10\u00a0m, t\u0101s aptver\u0161anai j\u0101pievieno vair\u0101ki putnu smidzin\u0101t\u0101ji.<\/p>\n<p>Nor\u0101des un trauc\u0113jumu nov\u0113r\u0161anas pas\u0101kumus skatiet t\u0101l\u0101k pievienotaj\u0101 lietot\u0101ja rokasgr\u0101mat\u0101.<\/p>\n<p>Nor\u0101des par stabu uzst\u0101d\u012b\u0161anu: abi stabi savstarp\u0113ji sader tikai vien\u0101 veid\u0101; kad \u0161\u013c\u016btenes stiprin\u0101jums ir pav\u0113rsts lejup, pievienojiet smail\u0101 staba aug\u0161da\u013cai un to p\u0113c tam ievietojiet zem\u0113.<\/p>\n","protected":false},"excerpt":{"rendered":"<p>\u016adens smidzin\u0101t\u0101js putnu atbaid\u012b\u0161anai, kas darbojas ar saules ener\u0123iju un aktiviz\u0113jas kust\u012bbas ietekm\u0113, aizsarg\u0101 d\u0101rzus, labiek\u0101rtotas teritorijas un pagalmus no brie\u017eiem, tru\u0161iem, putniem un citiem iebruc\u0113jiem\u00a0\u2014 dz\u012bvniekiem. Smidzin\u0101t\u0101js aktiviz\u0113jas kust\u012bbas ietekm\u0113, un \u016bdens izpl\u016bst 4\u00a0sekundes.<\/p>\n<p>&nbsp;<\/p>\n","protected":false},"featured_media":1455,"template":"","meta":{"_themeisle_gutenberg_block_has_review":false,"rank_math_focus_keyword":"","rank_math_title":"","rank_math_description":"","rank_math_canonical_url":"","rank_math_facebook_title":"","rank_math_facebook_description":"","rank_math_facebook_image":"","rank_math_twitter_title":"","rank_math_twitter_description":"","rank_math_twitter_image":"","rank_math_schema_FAQPage":[]},"product_brand":[],"product_cat":[48,58],"product_tag":[],"class_list":{"0":"post-1732","1":"product","2":"type-product","3":"status-publish","4":"has-post-thumbnail","6":"product_cat-putnu-atvairisanas-lidzekli","7":"product_cat-putnu-vizualie-atbaiditaji","9":"first","10":"instock","11":"taxable","12":"shipping-taxable","13":"purchasable","14":"product-type-simple"},"_links":{"self":[{"href":"https:\/\/birdbusters.eu\/lv\/wp-json\/wp\/v2\/product\/1732","targetHints":{"allow":["GET"]}}],"collection":[{"href":"https:\/\/birdbusters.eu\/lv\/wp-json\/wp\/v2\/product"}],"about":[{"href":"https:\/\/birdbusters.eu\/lv\/wp-json\/wp\/v2\/types\/product"}],"wp:featuredmedia":[{"embeddable":true,"href":"https:\/\/birdbusters.eu\/lv\/wp-json\/wp\/v2\/media\/1455"}],"wp:attachment":[{"href":"https:\/\/birdbusters.eu\/lv\/wp-json\/wp\/v2\/media?parent=1732"}],"wp:term":[{"taxonomy":"product_brand","embeddable":true,"href":"https:\/\/birdbusters.eu\/lv\/wp-json\/wp\/v2\/product_brand?post=1732"},{"taxonomy":"product_cat","embeddable":true,"href":"https:\/\/birdbusters.eu\/lv\/wp-json\/wp\/v2\/product_cat?post=1732"},{"taxonomy":"product_tag","embeddable":true,"href":"https:\/\/birdbusters.eu\/lv\/wp-json\/wp\/v2\/product_tag?post=1732"}],"curies":[{"name":"wp","href":"https:\/\/api.w.org\/{rel}","templated":true}]}}