{"id":1733,"date":"2018-04-02T13:50:19","date_gmt":"2018-04-02T10:50:19","guid":{"rendered":"https:\/\/birdbusters.eu\/product\/biedejosa-puce\/"},"modified":"2023-11-08T18:28:07","modified_gmt":"2023-11-08T17:28:07","slug":"biedejosa-puce","status":"publish","type":"product","link":"https:\/\/birdbusters.eu\/lv\/produkts\/biedejosa-puce\/","title":{"rendered":"Bied\u0113jo\u0161\u0101 p\u016bce"},"content":{"rendered":"<p style=\"text-align: justify;\"><strong>Dab\u012bga izskata bied\u0113jo\u0161a p\u016bces fig\u016bra ar groz\u0101mu galvu un gaismu atstarojo\u0161\u0101m ac\u012bm<\/strong><\/p>\n<p style=\"text-align: justify;\">D\u0101rzam un balkonam paredz\u0113t\u0101 bied\u0113jo\u0161\u0101 p\u016bces fig\u016bra atbaida maz\u0101kus putnus un grauz\u0113jus.<\/p>\n<p style=\"text-align: justify;\">Novietojiet p\u016bces fig\u016bru labi redzam\u0101 viet\u0101, lai to var\u0113tu viegli paman\u012bt kait\u0113k\u013ci un putni. Lai putni nes\u0101ktu pierast pie p\u016bces, fig\u016bras novietojums ik pa laikam j\u0101maina (vismaz vienreiz ned\u0113\u013c\u0101).<\/p>\n<p style=\"text-align: justify;\">Ja nepiecie\u0161ama smag\u0101ka fig\u016bra, to var piepild\u012bt ar smilt\u012bm. Galva v\u0113j\u0101 groz\u0101s. Augstums 40\u00a0cm.<\/p>\n","protected":false},"excerpt":{"rendered":"<p>Dab\u012bga izskata bied\u0113jo\u0161a p\u016bces fig\u016bra ar groz\u0101mu galvu un gaismu atstarojo\u0161\u0101m ac\u012bm ir ide\u0101li piem\u0113rota d\u0101rziem, lai atvair\u012btu maz\u0101kus putnus, piem\u0113ram, melnos strazdus, s\u012b\u013cus, zvirbu\u013cus un balo\u017eus.<\/p>\n<p>&nbsp;<\/p>\n","protected":false},"featured_media":1329,"template":"","meta":{"_themeisle_gutenberg_block_has_review":false},"product_brand":[],"product_cat":[61,58],"product_tag":[],"class_list":{"0":"post-1733","1":"product","2":"type-product","3":"status-publish","4":"has-post-thumbnail","6":"product_cat-putnu-atbaidisanas-lidzekli","7":"product_cat-putnu-vizualie-atbaiditaji","9":"first","10":"instock","11":"taxable","12":"shipping-taxable","13":"purchasable","14":"product-type-simple"},"_links":{"self":[{"href":"https:\/\/birdbusters.eu\/lv\/wp-json\/wp\/v2\/product\/1733","targetHints":{"allow":["GET"]}}],"collection":[{"href":"https:\/\/birdbusters.eu\/lv\/wp-json\/wp\/v2\/product"}],"about":[{"href":"https:\/\/birdbusters.eu\/lv\/wp-json\/wp\/v2\/types\/product"}],"wp:featuredmedia":[{"embeddable":true,"href":"https:\/\/birdbusters.eu\/lv\/wp-json\/wp\/v2\/media\/1329"}],"wp:attachment":[{"href":"https:\/\/birdbusters.eu\/lv\/wp-json\/wp\/v2\/media?parent=1733"}],"wp:term":[{"taxonomy":"product_brand","embeddable":true,"href":"https:\/\/birdbusters.eu\/lv\/wp-json\/wp\/v2\/product_brand?post=1733"},{"taxonomy":"product_cat","embeddable":true,"href":"https:\/\/birdbusters.eu\/lv\/wp-json\/wp\/v2\/product_cat?post=1733"},{"taxonomy":"product_tag","embeddable":true,"href":"https:\/\/birdbusters.eu\/lv\/wp-json\/wp\/v2\/product_tag?post=1733"}],"curies":[{"name":"wp","href":"https:\/\/api.w.org\/{rel}","templated":true}]}}