{"id":1735,"date":"2018-04-19T13:03:35","date_gmt":"2018-04-19T11:03:35","guid":{"rendered":"https:\/\/birdbusters.eu\/product\/vilka-figura-putnu-atbaidisanai\/"},"modified":"2023-11-08T18:26:29","modified_gmt":"2023-11-08T17:26:29","slug":"vilka-figura-putnu-atbaidisanai","status":"publish","type":"product","link":"https:\/\/birdbusters.eu\/lv\/produkts\/vilka-figura-putnu-atbaidisanai\/","title":{"rendered":"Vilka fig\u016bra putnu atbaid\u012b\u0161anai"},"content":{"rendered":"<h1 style=\"text-align: justify;\"><span style=\"font-size: 12pt;\"><strong>Vilka fig\u016bra dab\u012bg\u0101 lielum\u0101<\/strong><\/span><\/h1>\n<p style=\"text-align: justify;\">Kait\u0113k\u013cu atbaid\u012bt\u0101js, kas atvaira grauz\u0113jus un putnus, tostarp zosis, p\u012bles un balo\u017eus.<\/p>\n<p style=\"text-align: justify;\">Viegl\u0101 vilka fig\u016bra ir izveidota 3D form\u0101, t\u0101p\u0113c izskat\u0101s k\u0101 \u012bsts vilks. \u0160o fig\u016bru ir \u013coti viegli uzst\u0101d\u012bt. Lai ieg\u016btu vislab\u0101kos rezult\u0101tus, mainiet vilka atra\u0161an\u0101s vietu ik p\u0113c 3\u20134\u00a0dien\u0101m.<\/p>\n<p style=\"text-align: justify;\">\u0160is putnu atvair\u012bt\u0101js labi noder golfa laukumos, r\u016bpniecisk\u0101s teritorij\u0101s, d\u0101rzos, lidost\u0101s un lidlaukos, parkos, skolu teritorij\u0101s un laukos.<\/p>\n<p style=\"text-align: justify;\">Vilka fig\u016bra ir izgatavota no EVA gumijas materi\u0101la, kas ir notur\u012bgs pret laikapst\u0101k\u013cu ietekmi.<\/p>\n","protected":false},"excerpt":{"rendered":"<p>Vilka fig\u016bra dab\u012bg\u0101 lielum\u0101 ir kait\u0113k\u013cu atbaid\u012bt\u0101js, kas atvaira grauz\u0113jus un putnus, tostarp zosis, p\u012bles un balo\u017eus.<\/p>\n<p>&nbsp;<\/p>\n","protected":false},"featured_media":1475,"template":"","meta":{"_themeisle_gutenberg_block_has_review":false},"product_brand":[],"product_cat":[187,61,58],"product_tag":[],"class_list":{"0":"post-1735","1":"product","2":"type-product","3":"status-publish","4":"has-post-thumbnail","6":"product_cat-kurmju-atbaiditajs-un-dzivnieku-atbaiditajs-dabigs-risinajums-darzam-un-zalienam","7":"product_cat-putnu-atbaidisanas-lidzekli","8":"product_cat-putnu-vizualie-atbaiditaji","10":"first","11":"outofstock","12":"taxable","13":"shipping-taxable","14":"purchasable","15":"product-type-simple"},"_links":{"self":[{"href":"https:\/\/birdbusters.eu\/lv\/wp-json\/wp\/v2\/product\/1735","targetHints":{"allow":["GET"]}}],"collection":[{"href":"https:\/\/birdbusters.eu\/lv\/wp-json\/wp\/v2\/product"}],"about":[{"href":"https:\/\/birdbusters.eu\/lv\/wp-json\/wp\/v2\/types\/product"}],"wp:featuredmedia":[{"embeddable":true,"href":"https:\/\/birdbusters.eu\/lv\/wp-json\/wp\/v2\/media\/1475"}],"wp:attachment":[{"href":"https:\/\/birdbusters.eu\/lv\/wp-json\/wp\/v2\/media?parent=1735"}],"wp:term":[{"taxonomy":"product_brand","embeddable":true,"href":"https:\/\/birdbusters.eu\/lv\/wp-json\/wp\/v2\/product_brand?post=1735"},{"taxonomy":"product_cat","embeddable":true,"href":"https:\/\/birdbusters.eu\/lv\/wp-json\/wp\/v2\/product_cat?post=1735"},{"taxonomy":"product_tag","embeddable":true,"href":"https:\/\/birdbusters.eu\/lv\/wp-json\/wp\/v2\/product_tag?post=1735"}],"curies":[{"name":"wp","href":"https:\/\/api.w.org\/{rel}","templated":true}]}}