{"id":1737,"date":"2018-07-05T12:27:43","date_gmt":"2018-07-05T10:27:43","guid":{"rendered":"https:\/\/birdbusters.eu\/product\/ducosa-aukla-30m-putnu-atbaidisanai\/"},"modified":"2026-03-04T12:14:27","modified_gmt":"2026-03-04T11:14:27","slug":"ducosa-aukla-30m-putnu-atbaidisanai","status":"publish","type":"product","link":"https:\/\/birdbusters.eu\/lv\/produkts\/ducosa-aukla-30m-putnu-atbaidisanai\/","title":{"rendered":"D\u016bco\u0161a aukla (30m) putnu atbaid\u012b\u0161anai"},"content":{"rendered":"<p style=\"text-align: justify;\">Speci\u0101la 5\u00a0mm aukla ar aizsardz\u012bbu UV starojumu, kas vibr\u0113 pat \u013coti niec\u012bg\u0101 v\u0113j\u0101. Putnu atbaido\u0161\u0101s d\u016bco\u0161\u0101s auklas rad\u012bt\u0101 zem\u0101 ska\u0146a \u013coti efekt\u012bvi atvaira putnus. Izrais\u012bt\u0101 d\u016bko\u0146a ir efekt\u012bva putnu attur\u0113\u0161anai. Putnus atbaido\u0161\u0101s d\u016bco\u0161\u0101s auklas p\u0101rrau\u0161anas stipr\u012bba ir 5\u00a0kg. \u0160\u012b mono\u0161\u0137iedras lenta, kas ir ide\u0101li piem\u0113rota d\u0101rziem, aug\u013cu kokiem, v\u012bnogul\u0101jiem, lab\u012bbai un z\u0101l\u0101jiem, pal\u012bdz\u0113s aizsarg\u0101t d\u0101rzu un m\u0101ju pret putniem un citiem kait\u0113k\u013ciem.<\/p>\n<p style=\"text-align: justify;\">Garums 30\u00a0m, platums 5\u00a0mm un biezums 0,05\u00a0mm.<\/p>\n","protected":false},"excerpt":{"rendered":"<p>https:\/\/youtu.be\/YuyrTB2dQZE<br \/>\nSpeci\u0101la 5 mm aukla ar aizsardz\u012bbu UV starojumu, kas vibr\u0113 pat \u013coti niec\u012bg\u0101 v\u0113j\u0101. Putnu atbaido\u0161\u0101s d\u016bco\u0161\u0101s auklas rad\u012bt\u0101 zem\u0101 ska\u0146a \u013coti efekt\u012bvi atvaira putnus.<\/p>\n<p>&nbsp;<\/p>\n","protected":false},"featured_media":1525,"template":"","meta":{"_themeisle_gutenberg_block_has_review":false},"product_brand":[],"product_cat":[61,60,58],"product_tag":[],"class_list":{"0":"post-1737","1":"product","2":"type-product","3":"status-publish","4":"has-post-thumbnail","6":"product_cat-putnu-atbaidisanas-lidzekli","7":"product_cat-putnu-atvairitaji-ar-skanu","8":"product_cat-putnu-vizualie-atbaiditaji","10":"first","11":"instock","12":"taxable","13":"shipping-taxable","14":"purchasable","15":"product-type-simple"},"_links":{"self":[{"href":"https:\/\/birdbusters.eu\/lv\/wp-json\/wp\/v2\/product\/1737","targetHints":{"allow":["GET"]}}],"collection":[{"href":"https:\/\/birdbusters.eu\/lv\/wp-json\/wp\/v2\/product"}],"about":[{"href":"https:\/\/birdbusters.eu\/lv\/wp-json\/wp\/v2\/types\/product"}],"wp:featuredmedia":[{"embeddable":true,"href":"https:\/\/birdbusters.eu\/lv\/wp-json\/wp\/v2\/media\/1525"}],"wp:attachment":[{"href":"https:\/\/birdbusters.eu\/lv\/wp-json\/wp\/v2\/media?parent=1737"}],"wp:term":[{"taxonomy":"product_brand","embeddable":true,"href":"https:\/\/birdbusters.eu\/lv\/wp-json\/wp\/v2\/product_brand?post=1737"},{"taxonomy":"product_cat","embeddable":true,"href":"https:\/\/birdbusters.eu\/lv\/wp-json\/wp\/v2\/product_cat?post=1737"},{"taxonomy":"product_tag","embeddable":true,"href":"https:\/\/birdbusters.eu\/lv\/wp-json\/wp\/v2\/product_tag?post=1737"}],"curies":[{"name":"wp","href":"https:\/\/api.w.org\/{rel}","templated":true}]}}