{"id":1741,"date":"2018-08-14T20:07:26","date_gmt":"2018-08-14T18:07:26","guid":{"rendered":"https:\/\/birdbusters.eu\/product\/putnu-tikls\/"},"modified":"2024-05-11T17:52:26","modified_gmt":"2024-05-11T15:52:26","slug":"putnu-tikls","status":"publish","type":"product","link":"https:\/\/birdbusters.eu\/lv\/produkts\/putnu-tikls\/","title":{"rendered":"Putnu t\u012bkls ir atjaut\u012bgs l\u012bdzeklis aug\u013cu koku, kr\u016bmu un d\u0101rze\u0146u aizsarg\u0101\u0161anai"},"content":{"rendered":"<p style=\"text-align: justify;\"><strong>Putnu t\u012bkliem ir v\u0113r\u0101 \u0146emama stipr\u012bba<\/strong><\/p>\n<p style=\"text-align: justify;\">Putnu t\u012bklu st\u016bros ir virves piesie\u0161anai. Putnu t\u012bkli \u013cauj ieg\u016bt liel\u0101ku ra\u017eu d\u0101rz\u0101, jo attur no t\u0101 laup\u012bt\u0101jus. Ide\u0101li piem\u0113roti, piem\u0113ram, mellen\u0113m, aug\u013cu kokiem un d\u0101rze\u0146iem.<\/p>\n<p style=\"text-align: justify;\">Atvaira visus putnus.<\/p>\n<p style=\"text-align: justify;\">Izm\u0113ri: 5&#215;20\u00a0m.<\/p>\n","protected":false},"excerpt":{"rendered":"<p>Putnu t\u012bklu st\u016bros ir virves piesie\u0161anai.<\/p>\n<p>&nbsp;<\/p>\n","protected":false},"featured_media":1541,"template":"","meta":{"_themeisle_gutenberg_block_has_review":false},"product_brand":[],"product_cat":[48],"product_tag":[],"class_list":{"0":"post-1741","1":"product","2":"type-product","3":"status-publish","4":"has-post-thumbnail","6":"product_cat-putnu-atvairisanas-lidzekli","8":"first","9":"outofstock","10":"taxable","11":"shipping-taxable","12":"purchasable","13":"product-type-simple"},"_links":{"self":[{"href":"https:\/\/birdbusters.eu\/lv\/wp-json\/wp\/v2\/product\/1741","targetHints":{"allow":["GET"]}}],"collection":[{"href":"https:\/\/birdbusters.eu\/lv\/wp-json\/wp\/v2\/product"}],"about":[{"href":"https:\/\/birdbusters.eu\/lv\/wp-json\/wp\/v2\/types\/product"}],"wp:featuredmedia":[{"embeddable":true,"href":"https:\/\/birdbusters.eu\/lv\/wp-json\/wp\/v2\/media\/1541"}],"wp:attachment":[{"href":"https:\/\/birdbusters.eu\/lv\/wp-json\/wp\/v2\/media?parent=1741"}],"wp:term":[{"taxonomy":"product_brand","embeddable":true,"href":"https:\/\/birdbusters.eu\/lv\/wp-json\/wp\/v2\/product_brand?post=1741"},{"taxonomy":"product_cat","embeddable":true,"href":"https:\/\/birdbusters.eu\/lv\/wp-json\/wp\/v2\/product_cat?post=1741"},{"taxonomy":"product_tag","embeddable":true,"href":"https:\/\/birdbusters.eu\/lv\/wp-json\/wp\/v2\/product_tag?post=1741"}],"curies":[{"name":"wp","href":"https:\/\/api.w.org\/{rel}","templated":true}]}}