{"id":1744,"date":"2018-11-30T09:11:37","date_gmt":"2018-11-30T08:11:37","guid":{"rendered":"https:\/\/birdbusters.eu\/product\/melno-dzilnu-atvairitajs\/"},"modified":"2023-11-08T18:15:30","modified_gmt":"2023-11-08T17:15:30","slug":"melno-dzilnu-atvairitajs","status":"publish","type":"product","link":"https:\/\/birdbusters.eu\/lv\/produkts\/melno-dzilnu-atvairitajs\/","title":{"rendered":"Melno dzilnu atvair\u012bt\u0101js"},"content":{"rendered":"<p style=\"text-align: justify;\">Dzenis var izrais\u012bt re\u0101las probl\u0113mas, ja tas s\u0101k kalt m\u0101jas sienu un jumtu. Tom\u0113r dze\u0146iem pat\u012bk, ka teritorija pieder tikai vi\u0146iem, t\u0101p\u0113c tie nevar paciest, ja tuvum\u0101 ir cits dzenis. T\u0101d\u0113j\u0101di re\u0101la izskata dze\u0146a fig\u016bra uz j\u016bsu m\u0101jas, gaisa k\u0101rbas vai cita objekta, ko dze\u0146i m\u012bl kn\u0101b\u0101t, atbaida \u012bstos dze\u0146us.<\/p>\n<h2 style=\"text-align: justify;\">Aizsarg\u0101jam\u0101s teritorijas: jumti, koka m\u0101jas un m\u0101ju da\u013cas, koki, d\u0101rzi, laivas utt.<\/h2>\n<p style=\"text-align: justify;\">K\u0101 tas darbojas? Kad dzenis pamana v\u0113l vienu \u012bpatni, tas p\u0101rv\u0101cas.<\/p>\n<p style=\"text-align: justify;\">Uzst\u0101d\u012b\u0161ana: fig\u016bra j\u0101novieto p\u0113c iesp\u0113jas tuv\u0101k putna iecien\u012btajai kal\u0161anas vietai.<\/p>\n<p style=\"text-align: justify;\">Papildinform\u0101cija: fig\u016bras augstums 52 cm.<\/p>\n","protected":false},"excerpt":{"rendered":"<p>Dzenis, kas kn\u0101b\u0101 m\u0101ju un jumtu, var izrais\u012bt re\u0101lu probl\u0113mu. T\u0101 k\u0101 vi\u0146am nepat\u012bk atrasties cita dze\u0146a tuvum\u0101, re\u0101la izskata dze\u0146a fig\u016bras novieto\u0161ana uz sienas, jumta, gaisa k\u0101rbas un citiem priek\u0161metiem, ko \u0161iem putniem pat\u012bk kn\u0101b\u0101t, atbaida \u012bstos dze\u0146us.<\/p>\n<p>&nbsp;<\/p>\n","protected":false},"featured_media":1589,"template":"","meta":{"_themeisle_gutenberg_block_has_review":false,"rank_math_focus_keyword":"","rank_math_title":"","rank_math_description":"","rank_math_canonical_url":"","rank_math_facebook_title":"","rank_math_facebook_description":"","rank_math_facebook_image":"","rank_math_twitter_title":"","rank_math_twitter_description":"","rank_math_twitter_image":"","rank_math_schema_FAQPage":[]},"product_brand":[],"product_cat":[61,58],"product_tag":[],"class_list":{"0":"post-1744","1":"product","2":"type-product","3":"status-publish","4":"has-post-thumbnail","6":"product_cat-putnu-atbaidisanas-lidzekli","7":"product_cat-putnu-vizualie-atbaiditaji","9":"first","10":"instock","11":"taxable","12":"shipping-taxable","13":"purchasable","14":"product-type-simple"},"_links":{"self":[{"href":"https:\/\/birdbusters.eu\/lv\/wp-json\/wp\/v2\/product\/1744","targetHints":{"allow":["GET"]}}],"collection":[{"href":"https:\/\/birdbusters.eu\/lv\/wp-json\/wp\/v2\/product"}],"about":[{"href":"https:\/\/birdbusters.eu\/lv\/wp-json\/wp\/v2\/types\/product"}],"wp:featuredmedia":[{"embeddable":true,"href":"https:\/\/birdbusters.eu\/lv\/wp-json\/wp\/v2\/media\/1589"}],"wp:attachment":[{"href":"https:\/\/birdbusters.eu\/lv\/wp-json\/wp\/v2\/media?parent=1744"}],"wp:term":[{"taxonomy":"product_brand","embeddable":true,"href":"https:\/\/birdbusters.eu\/lv\/wp-json\/wp\/v2\/product_brand?post=1744"},{"taxonomy":"product_cat","embeddable":true,"href":"https:\/\/birdbusters.eu\/lv\/wp-json\/wp\/v2\/product_cat?post=1744"},{"taxonomy":"product_tag","embeddable":true,"href":"https:\/\/birdbusters.eu\/lv\/wp-json\/wp\/v2\/product_tag?post=1744"}],"curies":[{"name":"wp","href":"https:\/\/api.w.org\/{rel}","templated":true}]}}