{"id":1746,"date":"2018-11-30T09:26:37","date_gmt":"2018-11-30T08:26:37","guid":{"rendered":"https:\/\/birdbusters.eu\/product\/kaiju-atvairitajs-jumtiem\/"},"modified":"2024-05-09T15:05:35","modified_gmt":"2024-05-09T13:05:35","slug":"kaiju-atvairitajs-jumtiem","status":"publish","type":"product","link":"https:\/\/birdbusters.eu\/lv\/produkts\/kaiju-atvairitajs-jumtiem\/","title":{"rendered":"Kaiju atvair\u012bt\u0101js jumtiem"},"content":{"rendered":"<p style=\"text-align: justify;\">Kaijas un citi j\u016bras putni var b\u016btiski kait\u0113t laiv\u0101m, jaht\u0101m, ku\u0123iem, anten\u0101m, reli\u0146iem un citiem priek\u0161metiem \u016bdens tuvum\u0101 vai uz \u016bdens. Putnu m\u0113sli ir \u013coti gr\u016bti not\u012br\u0101mi un korod\u0113jo\u0161i.<\/p>\n<p style=\"text-align: justify;\">\u0160is kaiju atbaid\u012bt\u0101js ir br\u012bdin\u0101juma atrib\u016bts, kas atbaida j\u016bras putnus, nekait\u0113jot ne tiem, ne videi.<\/p>\n<h3 style=\"text-align: justify;\">Vieta: pontoni, baseini, l\u012bnijas, jumti, laivas, ku\u0123i, jahtas, saules pane\u013ci, d\u0101rzi, antenas utt.<\/h3>\n<p style=\"text-align: justify;\">Veids: kaija atbaida t\u0101 rot\u0113\u0161ana v\u0113ja ietekm\u0113. T\u0101 k\u0101 kaiju bied\u0113klis ir \u013coti viegls, ar to var viegli aizsarg\u0101t laivu un l\u012bnijas pat viegl\u0101 v\u0113j\u0101.<\/p>\n<p style=\"text-align: justify;\">UZST\u0100D\u012a\u0160ANA: bied\u0113kli var viegli uzst\u0101d\u012bt gandr\u012bz jebkur\u0101 viet\u0101. Kaiju bied\u0113klis var iztur\u0113t pat sp\u0113c\u012bgu v\u0113ju un ir \u013coti viegls.<\/p>\n<p style=\"text-align: justify;\">INFORM\u0100CIJA: diametrs 2\u00a0m.<\/p>\n<p style=\"text-align: justify;\"><a href=\"https:\/\/birdbusters.eu\/lv\/product\/caurules-stiprinajums\/\">Caurules stiprin\u0101jums<\/a> nav iek\u013cauts komplekt\u0101. L\u016bdzu, <a href=\"https:\/\/birdbusters.eu\/lv\/product\/caurules-stiprinajums\/\">pas\u016btiet to \u0161eit<\/a>.<\/p>\n<h4>Pieg\u0101des laiks 3-4 darba dienas<\/h4>\n","protected":false},"excerpt":{"rendered":"<p>https:\/\/youtu.be\/c7VesODnkek<\/p>\n<p>Kaijas un citi j\u016bras putni var b\u016btiski kait\u0113t laiv\u0101m, jaht\u0101m, ku\u0123iem, anten\u0101m, reli\u0146iem un citiem priek\u0161metiem \u016bdens tuvum\u0101 vai uz \u016bdens. Putnu m\u0113sli ir \u013coti gr\u016bti not\u012br\u0101mi un korod\u0113jo\u0161i. \u0160is kaiju atvair\u012bt\u0101js, grozoties v\u0113j\u0101, pasarg\u0101 laivu, jahtu vai antenas pat viegla v\u0113ja apst\u0101k\u013cos.<\/p>\n<h4><span class=\"_d41d8cd98f00b204e9800998ecf8427e \" style=\"color: #ff0000;\">NB! Prece neiederas pakom\u0101t\u0101. K\u0101 pieg\u0101des veidu izv\u0113lieties kurjeru (Courier Standard)<\/span><\/h4>\n<p>&nbsp;<\/p>\n<p>&nbsp;<\/p>\n","protected":false},"featured_media":1575,"template":"","meta":{"_themeisle_gutenberg_block_has_review":false},"product_brand":[],"product_cat":[61,58],"product_tag":[],"class_list":{"0":"post-1746","1":"product","2":"type-product","3":"status-publish","4":"has-post-thumbnail","6":"product_cat-putnu-atbaidisanas-lidzekli","7":"product_cat-putnu-vizualie-atbaiditaji","8":"product_shipping_class-kuller-pick-up-point-lv","10":"first","11":"instock","12":"taxable","13":"shipping-taxable","14":"purchasable","15":"product-type-simple"},"_links":{"self":[{"href":"https:\/\/birdbusters.eu\/lv\/wp-json\/wp\/v2\/product\/1746","targetHints":{"allow":["GET"]}}],"collection":[{"href":"https:\/\/birdbusters.eu\/lv\/wp-json\/wp\/v2\/product"}],"about":[{"href":"https:\/\/birdbusters.eu\/lv\/wp-json\/wp\/v2\/types\/product"}],"wp:featuredmedia":[{"embeddable":true,"href":"https:\/\/birdbusters.eu\/lv\/wp-json\/wp\/v2\/media\/1575"}],"wp:attachment":[{"href":"https:\/\/birdbusters.eu\/lv\/wp-json\/wp\/v2\/media?parent=1746"}],"wp:term":[{"taxonomy":"product_brand","embeddable":true,"href":"https:\/\/birdbusters.eu\/lv\/wp-json\/wp\/v2\/product_brand?post=1746"},{"taxonomy":"product_cat","embeddable":true,"href":"https:\/\/birdbusters.eu\/lv\/wp-json\/wp\/v2\/product_cat?post=1746"},{"taxonomy":"product_tag","embeddable":true,"href":"https:\/\/birdbusters.eu\/lv\/wp-json\/wp\/v2\/product_tag?post=1746"}],"curies":[{"name":"wp","href":"https:\/\/api.w.org\/{rel}","templated":true}]}}