{"id":1747,"date":"2018-11-30T09:31:30","date_gmt":"2018-11-30T08:31:30","guid":{"rendered":"https:\/\/birdbusters.eu\/product\/caurules-stiprinajums\/"},"modified":"2023-02-20T14:05:56","modified_gmt":"2023-02-20T13:05:56","slug":"caurules-stiprinajums","status":"publish","type":"product","link":"https:\/\/birdbusters.eu\/lv\/produkts\/caurules-stiprinajums\/","title":{"rendered":"Caurules stiprin\u0101jums"},"content":{"rendered":"<p>Caurules stiprin\u0101jums ir paredz\u0113ts<a href=\"https:\/\/birdbusters.eu\/lv\/product\/kaiju-atvairitajs-jumtiem\/\"> kaiju atvair\u012bt\u0101ja<\/a> uzst\u0101d\u012b\u0161anai uz laivas, antenas, reli\u0146i, staba vai jebkuras citas horizont\u0101las caurules. Labi izmantojams ar 12\u201350\u00a0mm diametra cauruli.<\/p>\n<h4>Pieg\u0101des laiks 3-4 darba dienas<\/h4>\n","protected":false},"excerpt":{"rendered":"<p>Caurules stiprin\u0101jums ir paredz\u0113ts kaiju atvair\u012bt\u0101ja uzst\u0101d\u012b\u0161anai uz laivas, antenas, reli\u0146i, staba vai jebkuras citas horizont\u0101las caurules.<\/p>\n","protected":false},"featured_media":1585,"template":"","meta":{"_themeisle_gutenberg_block_has_review":false},"product_brand":[],"product_cat":[61,58],"product_tag":[],"class_list":{"0":"post-1747","1":"product","2":"type-product","3":"status-publish","4":"has-post-thumbnail","6":"product_cat-putnu-atbaidisanas-lidzekli","7":"product_cat-putnu-vizualie-atbaiditaji","9":"first","10":"instock","11":"taxable","12":"shipping-taxable","13":"purchasable","14":"product-type-simple"},"_links":{"self":[{"href":"https:\/\/birdbusters.eu\/lv\/wp-json\/wp\/v2\/product\/1747","targetHints":{"allow":["GET"]}}],"collection":[{"href":"https:\/\/birdbusters.eu\/lv\/wp-json\/wp\/v2\/product"}],"about":[{"href":"https:\/\/birdbusters.eu\/lv\/wp-json\/wp\/v2\/types\/product"}],"wp:featuredmedia":[{"embeddable":true,"href":"https:\/\/birdbusters.eu\/lv\/wp-json\/wp\/v2\/media\/1585"}],"wp:attachment":[{"href":"https:\/\/birdbusters.eu\/lv\/wp-json\/wp\/v2\/media?parent=1747"}],"wp:term":[{"taxonomy":"product_brand","embeddable":true,"href":"https:\/\/birdbusters.eu\/lv\/wp-json\/wp\/v2\/product_brand?post=1747"},{"taxonomy":"product_cat","embeddable":true,"href":"https:\/\/birdbusters.eu\/lv\/wp-json\/wp\/v2\/product_cat?post=1747"},{"taxonomy":"product_tag","embeddable":true,"href":"https:\/\/birdbusters.eu\/lv\/wp-json\/wp\/v2\/product_tag?post=1747"}],"curies":[{"name":"wp","href":"https:\/\/api.w.org\/{rel}","templated":true}]}}