{"id":1758,"date":"2018-08-30T09:06:39","date_gmt":"2018-08-30T07:06:39","guid":{"rendered":"https:\/\/birdbusters.eu\/product\/pukis-putnu-atbaidisanai-ar-9m-stabu\/"},"modified":"2025-11-03T10:14:16","modified_gmt":"2025-11-03T09:14:16","slug":"pukis-putnu-atbaidisanai-ar-9m-stabu","status":"publish","type":"product","link":"https:\/\/birdbusters.eu\/lv\/produkts\/pukis-putnu-atbaidisanai-ar-9m-stabu\/","title":{"rendered":"Putnu bied\u0113klis ar 9 m stieni \u2013 efekt\u012bvs un dab\u012bgs putnu atbaid\u012b\u0161anas risin\u0101jums"},"content":{"rendered":"<p><iframe loading=\"lazy\" title=\"Bird repellent kites on harbour\" width=\"500\" height=\"281\" src=\"https:\/\/www.youtube.com\/embed\/p6I04j4kwmo?feature=oembed\" frameborder=\"0\" allow=\"accelerometer; autoplay; clipboard-write; encrypted-media; gyroscope; picture-in-picture; web-share\" referrerpolicy=\"strict-origin-when-cross-origin\" allowfullscreen><\/iframe><br \/>\n<span style=\"font-size: 12pt;\"><strong>P\u016b\u0137is putnu atbaid\u012b\u0161anai lidojo\u0161a vanaga veidol\u0101<\/strong><\/span><\/p>\n<p style=\"text-align: justify;\">Tas ir putnu bied\u0113klis uz staba, kas piestiprin\u0101ts pie 9\u00a0metrus gara stie\u0146a. Labi darbojas pat \u013coti viegl\u0101 v\u0113j\u0101. Tas galvenok\u0101rt <strong>aizbied\u0113 maz\u0101kos putnus<\/strong>, bet to var izmantot ar\u012b k\u0101 j\u016bras kaiju bied\u0113kli.<\/p>\n<p style=\"text-align: justify;\">\u0160is lidojo\u0161a vanaga atdarin\u0101jums re\u0101l\u0101 lielum\u0101 ir izgatavots no iztur\u012bgas, \u016bdensdro\u0161as plastmasas, t\u0101p\u0113c ir ilgnotur\u012bgs. J\u016bs varat pasarg\u0101t aug\u013cus, riekstus, ogas vai pla\u0161as kult\u016braugu plat\u012bbas gan mier\u012bg\u0101s, gan ar\u012b v\u0113jain\u0101s dien\u0101s, \u0161o vanagu iekarot virs kult\u016braugiem vai to tuvum\u0101. Nav nepiecie\u0161ama ne str\u0101va, ne v\u0113j\u0161, ne ar\u012b inde, t\u0101tad varat aizsarg\u0101t vidi un nov\u0113rst putnu kait\u0113jumus d\u0101rz\u0101.<\/p>\n<h3 style=\"text-align: justify;\"><span style=\"font-size: 12pt;\"><strong>\u0160is putnu bied\u0113klis vanags izskat\u0101s k\u0101 \u012bsts, t\u0101p\u0113c nobied\u0113 visus putnus, tostarp pel\u0113kais strazds<\/strong>, v\u0101rnas, balo\u017eus un kaijas.<\/span><\/h3>\n<p style=\"text-align: justify;\">P\u016b\u0137is nav paredz\u0113ts \u013coti v\u0113jain\u0101m viet\u0101m.<\/p>\n<h4>Pieg\u0101des laiks 3-4 darba dienas<\/h4>\n<p>&nbsp;<\/p>\n","protected":false},"excerpt":{"rendered":"<p data-start=\"2051\" data-end=\"2326\"><strong data-start=\"2051\" data-end=\"2135\">Putnu bied\u0113klis ar 9 m stieni \u2013 efekt\u012bvs un dab\u012bgs putnu atbaid\u012b\u0161anas risin\u0101jums<\/strong><br data-start=\"2135\" data-end=\"2138\" \/>Aizmirsti par net\u012brumiem, trok\u0161\u0146iem un boj\u0101tiem laukiem \u2013 <strong data-start=\"2196\" data-end=\"2242\">Bird Busters putnu bied\u0113klis ar 9 m stieni<\/strong> ir vienk\u0101r\u0161s un efekt\u012bvs veids, k\u0101 pasarg\u0101t savu teritoriju no kait\u012bgiem putniem.<\/p>\n<p data-start=\"2328\" data-end=\"2563\">\u0160is <strong data-start=\"2332\" data-end=\"2363\">vizu\u0101lais putnu atbaid\u012bt\u0101js<\/strong> izskat\u0101s un kustas k\u0101 pl\u0113s\u012bgs putns, t\u0101p\u0113c v\u0101rnas, balo\u017ei, kaijas un zvirbu\u013ci to instinkt\u012bvi izvair\u0101s. Leja dabiski kustas v\u0113j\u0101, radot dz\u012bvu \u201cpl\u0113s\u0113ja kl\u0101tb\u016btnes\u201d efektu, kas uztur putnus t\u0101lu prom.<\/p>\n<p data-start=\"2565\" data-end=\"2585\"><strong data-start=\"2565\" data-end=\"2583\">Priek\u0161roc\u012bbas:<\/strong><\/p>\n<ul data-start=\"2586\" data-end=\"2840\">\n<li data-start=\"2586\" data-end=\"2661\">\n<p data-start=\"2588\" data-end=\"2661\">Liels darb\u012bbas laukums \u2013 ide\u0101li laukiem, jumtiem, d\u0101rziem un piest\u0101tn\u0113m<\/p>\n<\/li>\n<li data-start=\"2662\" data-end=\"2727\">\n<p data-start=\"2664\" data-end=\"2727\">Kluss, bez elektr\u012bbas un \u0137\u012bmijas \u2013 videi draudz\u012bgs risin\u0101jums<\/p>\n<\/li>\n<li data-start=\"2728\" data-end=\"2789\">\n<p data-start=\"2730\" data-end=\"2789\">Notur\u012bgs pret laikapst\u0101k\u013ciem, viegli uzst\u0101d\u0101ms un kopjams<\/p>\n<\/li>\n<li data-start=\"2790\" data-end=\"2840\">\n<p data-start=\"2792\" data-end=\"2840\">Dro\u0161s un hum\u0101ns \u2013 atbaida, nevis kait\u0113 putniem<\/p>\n<\/li>\n<\/ul>\n<p data-start=\"2842\" data-end=\"3085\">Bird Busters pied\u0101v\u0101 uzticamu, draudz\u012bgu un ilgtermi\u0146\u0101 efekt\u012bvu <strong data-start=\"2906\" data-end=\"2936\">putnu kontroles risin\u0101jumu<\/strong>, kas pal\u012bdz saglab\u0101t tavu vidi t\u012bru un sakoptu.<br data-start=\"2984\" data-end=\"2987\" \/>\ud83d\udc49 Pas\u016bti savu <strong data-start=\"3002\" data-end=\"3034\">putnu bied\u0113kli ar 9 m stieni<\/strong> jau \u0161odien un saki ardievas kait\u012bgajiem putniem!<\/p>\n","protected":false},"featured_media":13437,"template":"","meta":{"_themeisle_gutenberg_block_has_review":false},"product_brand":[],"product_cat":[61,59,58],"product_tag":[67],"class_list":{"0":"post-1758","1":"product","2":"type-product","3":"status-publish","4":"has-post-thumbnail","6":"product_cat-putnu-atbaidisanas-lidzekli","7":"product_cat-putnu-puki","8":"product_cat-putnu-vizualie-atbaiditaji","9":"product_tag-pukis-putnu-atbaidisanai-ar-stabu","10":"product_shipping_class-kuller-pick-up-point-lv","12":"first","13":"instock","14":"sale","15":"taxable","16":"shipping-taxable","17":"purchasable","18":"product-type-simple"},"_links":{"self":[{"href":"https:\/\/birdbusters.eu\/lv\/wp-json\/wp\/v2\/product\/1758","targetHints":{"allow":["GET"]}}],"collection":[{"href":"https:\/\/birdbusters.eu\/lv\/wp-json\/wp\/v2\/product"}],"about":[{"href":"https:\/\/birdbusters.eu\/lv\/wp-json\/wp\/v2\/types\/product"}],"wp:featuredmedia":[{"embeddable":true,"href":"https:\/\/birdbusters.eu\/lv\/wp-json\/wp\/v2\/media\/13437"}],"wp:attachment":[{"href":"https:\/\/birdbusters.eu\/lv\/wp-json\/wp\/v2\/media?parent=1758"}],"wp:term":[{"taxonomy":"product_brand","embeddable":true,"href":"https:\/\/birdbusters.eu\/lv\/wp-json\/wp\/v2\/product_brand?post=1758"},{"taxonomy":"product_cat","embeddable":true,"href":"https:\/\/birdbusters.eu\/lv\/wp-json\/wp\/v2\/product_cat?post=1758"},{"taxonomy":"product_tag","embeddable":true,"href":"https:\/\/birdbusters.eu\/lv\/wp-json\/wp\/v2\/product_tag?post=1758"}],"curies":[{"name":"wp","href":"https:\/\/api.w.org\/{rel}","templated":true}]}}