{"id":2760,"date":"2019-09-21T10:29:37","date_gmt":"2019-09-21T08:47:02","guid":{"rendered":"https:\/\/birdbusters.eu\/?post_type=product&#038;p=2760"},"modified":"2025-08-22T08:22:42","modified_gmt":"2025-08-22T06:22:42","slug":"erglis-putnu-biedeklis","status":"publish","type":"product","link":"https:\/\/birdbusters.eu\/lv\/produkts\/erglis-putnu-biedeklis\/","title":{"rendered":"\u0112rglis putnu bied\u0113klis"},"content":{"rendered":"<p>Tas ir efekt\u012bvs vanagveid\u012bgs p\u016b\u0137is, kas j\u0101piestiprina pie gar\u0101ka k\u0101ta (neietilpst komplekt\u0101). Darbojas labi ar\u012b ar nelielu v\u0113ju. Galvenok\u0101rt atbied\u0113 tie\u0161i maz\u0101kus putnus.<\/p>\n<p>Izm\u0113ri 140 cm x 80 cm.<\/p>\n<h4>Pieg\u0101des laiks 3-4 darba dienas<\/h4>\n<p>&nbsp;<\/p>\n","protected":false},"excerpt":{"rendered":"<p>Tas ir efekt\u012bvs vanagveid\u012bgs p\u016b\u0137is, kas j\u0101piestiprina pie gar\u0101ka k\u0101ta (neietilpst komplekt\u0101). Darbojas labi ar\u012b ar nelielu v\u0113ju. Galvenok\u0101rt atbied\u0113 tie\u0161i maz\u0101kus putnus.<\/p>\n<h4><span class=\"_d41d8cd98f00b204e9800998ecf8427e \" style=\"color: #ff0000;\">NB! Prece neiederas pakom\u0101t\u0101. K\u0101 pieg\u0101des veidu izv\u0113lieties kurjeru (Courier Standard)<\/span><\/h4>\n<h4>Ja izv\u0113laties nepareizu pieg\u0101des metodi, pas\u016bt\u012bjums j\u016bs nenon\u0101ks.<\/h4>\n<p>https:\/\/youtu.be\/p6I04j4kwmo<\/p>\n<p>&nbsp;<\/p>\n","protected":false},"featured_media":5465,"template":"","meta":{"_themeisle_gutenberg_block_has_review":false},"product_brand":[],"product_cat":[61,59],"product_tag":[],"class_list":{"0":"post-2760","1":"product","2":"type-product","3":"status-publish","4":"has-post-thumbnail","6":"product_cat-putnu-atbaidisanas-lidzekli","7":"product_cat-putnu-puki","8":"product_shipping_class-kuller-pick-up-point-lv","10":"first","11":"instock","12":"taxable","13":"shipping-taxable","14":"purchasable","15":"product-type-simple"},"_links":{"self":[{"href":"https:\/\/birdbusters.eu\/lv\/wp-json\/wp\/v2\/product\/2760","targetHints":{"allow":["GET"]}}],"collection":[{"href":"https:\/\/birdbusters.eu\/lv\/wp-json\/wp\/v2\/product"}],"about":[{"href":"https:\/\/birdbusters.eu\/lv\/wp-json\/wp\/v2\/types\/product"}],"wp:featuredmedia":[{"embeddable":true,"href":"https:\/\/birdbusters.eu\/lv\/wp-json\/wp\/v2\/media\/5465"}],"wp:attachment":[{"href":"https:\/\/birdbusters.eu\/lv\/wp-json\/wp\/v2\/media?parent=2760"}],"wp:term":[{"taxonomy":"product_brand","embeddable":true,"href":"https:\/\/birdbusters.eu\/lv\/wp-json\/wp\/v2\/product_brand?post=2760"},{"taxonomy":"product_cat","embeddable":true,"href":"https:\/\/birdbusters.eu\/lv\/wp-json\/wp\/v2\/product_cat?post=2760"},{"taxonomy":"product_tag","embeddable":true,"href":"https:\/\/birdbusters.eu\/lv\/wp-json\/wp\/v2\/product_tag?post=2760"}],"curies":[{"name":"wp","href":"https:\/\/api.w.org\/{rel}","templated":true}]}}