{"id":3092,"date":"2019-10-26T10:21:20","date_gmt":"2020-03-21T08:32:47","guid":{"rendered":"https:\/\/birdbusters.eu\/?post_type=product&#038;p=3092"},"modified":"2023-11-08T18:51:24","modified_gmt":"2023-11-08T17:51:24","slug":"lielgabals-putnu-atbaidisanai-ar-talvadibu","status":"publish","type":"product","link":"https:\/\/birdbusters.eu\/lv\/produkts\/lielgabals-putnu-atbaidisanai-ar-talvadibu\/","title":{"rendered":"Lielgabals putnu atbaid\u012b\u0161anai ar t\u0101lvad\u012bbu"},"content":{"rendered":"<p>Ar digit\u0101li konfigur\u0113jamo g\u0101zes lielgabalu Zon EL08 Mark var iz\u0161aut l\u012bdz \u010detr\u0101m reiz\u0113m p\u0113c k\u0101rtas, turkl\u0101t var izv\u0113l\u0113ties da\u017e\u0101dus interv\u0101lus un \u010detrus laika periodus lielgabala darb\u012bbai 24\u00a0stundu period\u0101.\u00a0Piem\u0113ram, lielgabalu var iestat\u012bt t\u0101, lai tas s\u0101ktu darbu plkst. 6.05 no r\u012bta un to beigtu plkst. 9.00.<br \/>\nP\u0113c tam lielgabals da\u017eas stundas darbojas dienas vid\u016b un tad, ja nepiecie\u0161ams, vakar\u0101.\u00a0T\u0101 k\u0101 ar lielgabalu var iz\u0161aut l\u012bdz \u010detr\u0101m reiz\u0113m p\u0113c k\u0101rtas, tas ir visefekt\u012bv\u0101kais iebied\u0113\u0161anas l\u012bdzeklis pret migr\u0113jo\u0161iem putniem.<br \/>\nG\u0101zes lielgabala darbin\u0101\u0161anai ir nepiecie\u0161ams <a href=\"https:\/\/birdbusters.eu\/lv\/product\/12v-baterija\/\">12\u00a0V akumulators<\/a> un prop\u0101na vai but\u0101na balons. Tie nav iek\u013cauti komplekt\u0101cij\u0101.<br \/>\nVar izmantot parasto automa\u0161\u012bnas akumulatoru un sadz\u012bves g\u0101zes balonu.<\/p>\n<p>Turkl\u0101t iesak\u0101m ieg\u0101d\u0101ties par <a href=\"https:\/\/birdbusters.eu\/lv\/product\/360-triskajainais-zon-marks\/\">360\u00a0gr\u0101diem pagrie\u017eamu stat\u012bvu<\/a>, kas ar savu augstumu un rot\u0113jo\u0161o asi palielina darba diapazonu.\u00a0P\u0113c katra lielgabala \u0161\u0101viena pl\u016bsmas ietekm\u0113 main\u0101s lielgabala virziens.<\/p>\n<p><a href=\"https:\/\/birdbusters.eu\/wp-content\/uploads\/2019\/04\/EL08-manual.pdf\">G\u0101zes lielgabala rokasgr\u0101mata<\/a><\/p>\n<p><a href=\"https:\/\/birdbusters.eu\/wp-content\/uploads\/2023\/11\/6491c6563176a208QS-RADIO-TRAP-1-1.pdf\">T\u0101lvad\u012bbas rokasgr\u0101mata<\/a><\/p>\n<p><a href=\"https:\/\/birdbusters.eu\/wp-content\/uploads\/2023\/11\/65367c78131fb917DS-TRAP-12.pdf\">Att\u0101lin\u0101tie dati<\/a><\/p>\n<h4>Pieg\u0101des laiks 3-4 darba dienas<\/h4>\n","protected":false},"excerpt":{"rendered":"<p>L08 elektroniskais g\u0101zes lielgabals ir efekt\u012bv\u0101kais elektroniski regul\u0113jamais putnu atvair\u012bt\u0101js.\u00a0\u0160is meh\u0101niskais lielgabals ir notur\u012bgs pret laikapst\u0101k\u013cu ietekmi, un t\u0101 ska\u013cumu var sal\u012bdzin\u0101t ar \u0161autenes ska\u0146u. Visefekt\u012bv\u0101kais kait\u0113k\u013cu atvair\u012bt\u0101js pret migr\u0113jo\u0161iem putniem, kaij\u0101m, balo\u017eiem, me\u017eac\u016bk\u0101m un vilkiem.<\/p>\n<p>https:\/\/youtu.be\/XMxz8kDgTco<\/p>\n<p>&nbsp;<\/p>\n<p>&nbsp;<\/p>\n","protected":false},"featured_media":2842,"template":"","meta":{"_themeisle_gutenberg_block_has_review":false},"product_brand":[],"product_cat":[48,64],"product_tag":[],"class_list":{"0":"post-3092","1":"product","2":"type-product","3":"status-publish","4":"has-post-thumbnail","6":"product_cat-putnu-atvairisanas-lidzekli","7":"product_cat-putnu-petardes","8":"product_shipping_class-kuller-pick-up-point-lv","10":"first","11":"onbackorder","12":"taxable","13":"shipping-taxable","14":"purchasable","15":"product-type-simple"},"_links":{"self":[{"href":"https:\/\/birdbusters.eu\/lv\/wp-json\/wp\/v2\/product\/3092","targetHints":{"allow":["GET"]}}],"collection":[{"href":"https:\/\/birdbusters.eu\/lv\/wp-json\/wp\/v2\/product"}],"about":[{"href":"https:\/\/birdbusters.eu\/lv\/wp-json\/wp\/v2\/types\/product"}],"wp:featuredmedia":[{"embeddable":true,"href":"https:\/\/birdbusters.eu\/lv\/wp-json\/wp\/v2\/media\/2842"}],"wp:attachment":[{"href":"https:\/\/birdbusters.eu\/lv\/wp-json\/wp\/v2\/media?parent=3092"}],"wp:term":[{"taxonomy":"product_brand","embeddable":true,"href":"https:\/\/birdbusters.eu\/lv\/wp-json\/wp\/v2\/product_brand?post=3092"},{"taxonomy":"product_cat","embeddable":true,"href":"https:\/\/birdbusters.eu\/lv\/wp-json\/wp\/v2\/product_cat?post=3092"},{"taxonomy":"product_tag","embeddable":true,"href":"https:\/\/birdbusters.eu\/lv\/wp-json\/wp\/v2\/product_tag?post=3092"}],"curies":[{"name":"wp","href":"https:\/\/api.w.org\/{rel}","templated":true}]}}