{"id":3862,"date":"2020-08-15T09:17:58","date_gmt":"2020-08-15T07:17:58","guid":{"rendered":"https:\/\/birdbusters.eu\/?post_type=product&#038;p=3862"},"modified":"2025-07-21T15:15:12","modified_gmt":"2025-07-21T13:15:12","slug":"balts-balons-putnu-aizbaidisanai","status":"publish","type":"product","link":"https:\/\/birdbusters.eu\/lv\/produkts\/balts-balons-putnu-aizbaidisanai\/","title":{"rendered":"Balts balons putnu aizbaid\u012b\u0161anai"},"content":{"rendered":"<p>Balons putnu aizbaid\u012b\u0161anai tiek piekarin\u0101ts pie staba blakus aizsarg\u0101jamajam objektam, redzam\u0101 viet\u0101 un t\u0101, lai tas b\u016btu pak\u013cauts v\u0113jam. To var pakarin\u0101t ar\u012b zar\u0101, tikai j\u0101uzman\u0101s, lai zars balonu nesaboj\u0101tu. Balona iedarb\u012bbas r\u0101diuss, ja tas pak\u0101rts redzam\u0101 viet\u0101, ir ap 20 metru. Jo augst\u0101k tas atrodas, jo liel\u0101ks t\u0101 iedarb\u012bbas apgabals. Maksim\u0101l\u0101 efektivit\u0101te ieg\u016bstama, izmantojot da\u017e\u0101das kr\u0101sas balonus. Vienas kr\u0101sas balona efekt\u012bva darb\u012bba ir apm\u0113ram tr\u012bs ned\u0113\u013cas. P\u0101rdo\u0161an\u0101 ir balti, <a href=\"https:\/\/birdbusters.eu\/lv\/product\/dzeltens-balons-putnu-aizbaidisanai\/\">dzelteni<\/a> un <a href=\"https:\/\/birdbusters.eu\/lv\/product\/melns-balons-putnu-aizbaidisanai\/\">melni<\/a> putnu aizbaid\u012b\u0161anas baloni.<\/p>\n<h3><strong>Apsarg\u0101jam\u0101s zonas<\/strong><strong>: <\/strong>d\u0101rzi, st\u0101d\u012bjumi, t\u012brumi, terases, noliktavas, iekrau\u0161anas platformas, laivu piest\u0101tnes, augstcelt\u0146u jumti u.c.<\/h3>\n<h3><strong>Atbaida<\/strong> strazdus, balo\u017eus, zvirbu\u013cus, kaijas, v\u0101rnas un citus putnus.<\/h3>\n<p><strong>K\u0101 izmantot<\/strong><strong>. <\/strong>Piep\u016btiet balonu, bet ne p\u0101r\u0101k stipri, neizmantojiet pumpi. Piel\u012bm\u0113jiet sp\u012bdo\u0161as \u201cacis\u201d melno ap\u013cu centros. Piel\u012bm\u0113jiet sp\u012bdo\u0161as joslas pie balona pamatnes. Piekariet balonu redzam\u0101 viet\u0101.<\/p>\n<p>Uz ziemu nedaudz izlaidiet gaisu un ievietojiet pagrab\u0101 vai v\u0113s\u0101 telp\u0101 l\u012bdz n\u0101kamajai sezonai.<\/p>\n<p style=\"text-align: justify;\">Balona diametrs 50 cm, svars 130 g<\/p>\n","protected":false},"excerpt":{"rendered":"<p>Izgatavots no iztur\u012bga PVC, \u0161is balts balons putnu aizbaid\u012b\u0161anai ir \u013coti popul\u0101rs un ekonomisks putnu atbaid\u012b\u0161anas l\u012bdzeklis, kas \u013cauj notur\u0113t putnus pietiekami t\u0101lu no viet\u0101m, kur tiem nav v\u0113lams atrasties. To vienk\u0101r\u0161i uzst\u0101d\u012bt, un tas izmantojams visda\u017e\u0101d\u0101kaj\u0101s viet\u0101s, kur putni rada probl\u0113mas.<\/p>\n<p>Balonam ir se\u0161as \u201cpl\u0113s\u012bgu putnu acis\u201d, kas atbaida zvirbu\u013cus, balo\u017eus, v\u0101rnas, kaijas un citus putnus \u2013 \u0161\u012bs sugas parasti ir vanagveid\u012bgo upuri.<\/p>\n<p>&nbsp;<\/p>\n","protected":false},"featured_media":3867,"template":"","meta":{"_themeisle_gutenberg_block_has_review":false},"product_brand":[],"product_cat":[61,58],"product_tag":[],"class_list":{"0":"post-3862","1":"product","2":"type-product","3":"status-publish","4":"has-post-thumbnail","6":"product_cat-putnu-atbaidisanas-lidzekli","7":"product_cat-putnu-vizualie-atbaiditaji","9":"first","10":"instock","11":"taxable","12":"shipping-taxable","13":"purchasable","14":"product-type-simple"},"_links":{"self":[{"href":"https:\/\/birdbusters.eu\/lv\/wp-json\/wp\/v2\/product\/3862","targetHints":{"allow":["GET"]}}],"collection":[{"href":"https:\/\/birdbusters.eu\/lv\/wp-json\/wp\/v2\/product"}],"about":[{"href":"https:\/\/birdbusters.eu\/lv\/wp-json\/wp\/v2\/types\/product"}],"wp:featuredmedia":[{"embeddable":true,"href":"https:\/\/birdbusters.eu\/lv\/wp-json\/wp\/v2\/media\/3867"}],"wp:attachment":[{"href":"https:\/\/birdbusters.eu\/lv\/wp-json\/wp\/v2\/media?parent=3862"}],"wp:term":[{"taxonomy":"product_brand","embeddable":true,"href":"https:\/\/birdbusters.eu\/lv\/wp-json\/wp\/v2\/product_brand?post=3862"},{"taxonomy":"product_cat","embeddable":true,"href":"https:\/\/birdbusters.eu\/lv\/wp-json\/wp\/v2\/product_cat?post=3862"},{"taxonomy":"product_tag","embeddable":true,"href":"https:\/\/birdbusters.eu\/lv\/wp-json\/wp\/v2\/product_tag?post=3862"}],"curies":[{"name":"wp","href":"https:\/\/api.w.org\/{rel}","templated":true}]}}