{"id":4913,"date":"2021-01-05T15:41:58","date_gmt":"2021-01-05T14:41:58","guid":{"rendered":"https:\/\/birdbusters.eu\/?post_type=product&#038;p=4913"},"modified":"2025-12-14T14:36:54","modified_gmt":"2025-12-14T13:36:54","slug":"putnu-atbaiditajs-lazers","status":"publish","type":"product","link":"https:\/\/birdbusters.eu\/lv\/produkts\/putnu-atbaiditajs-lazers\/","title":{"rendered":"Putnu atbaid\u012bt\u0101js l\u0101zers \u2013 Efekt\u012bva un klusa putnu atbaid\u012b\u0161ana ar l\u0101zeru"},"content":{"rendered":"<h2 data-start=\"1097\" data-end=\"1138\">K\u0101 darbojas putnu atbaid\u012bt\u0101js l\u0101zers<\/h2>\n<p data-start=\"1140\" data-end=\"1410\">Putniem ir \u013coti j\u016bt\u012bga redze, un tie sp\u0113c\u012bgi rea\u0123\u0113 uz gaismu un kust\u012bbu. <strong data-start=\"1213\" data-end=\"1244\">Putnu atbaid\u012b\u0161ana ar l\u0101zeru<\/strong> izmanto \u0161o dabisko reakciju.<br data-start=\"1273\" data-end=\"1276\" \/>Za\u013cais l\u0101zera stars p\u0101rvietojas pa da\u017e\u0101d\u0101m virsm\u0101m un strukt\u016br\u0101m, radot past\u0101v\u012bgas kust\u012bbas efektu, ko putni uztver k\u0101 apdraud\u0113jumu.<\/p>\n<p data-start=\"1412\" data-end=\"1555\">L\u0101zers darbojas efekt\u012bvi r\u012btausm\u0101, kr\u0113sl\u0101 un m\u0101ko\u0146ain\u0101 laik\u0101 \u2013 laik\u0101, kad putni ir visakt\u012bv\u0101kie. Stars ir labi redzams ar\u012b no liela att\u0101luma.<\/p>\n<p data-start=\"1557\" data-end=\"1787\">Ar komplekt\u0101 iek\u013cauto t\u0101lvad\u012bbas pulti var \u0113rti main\u012bt l\u0101zera kust\u012bbas virzienu, \u0101trumu un le\u0146\u0137i, koncentr\u0113jot staru tie\u0161i tur, kur tas ir nepiecie\u0161ams \u2013 piem\u0113ram, uz jumta mal\u0101m, siju konstrukcij\u0101m vai lauksaimniec\u012bbas laukiem.<\/p>\n<h2 data-start=\"1794\" data-end=\"1816\">Galven\u0101s \u012bpa\u0161\u012bbas<\/h2>\n<ul data-start=\"1818\" data-end=\"2329\">\n<li data-start=\"1818\" data-end=\"1886\">\n<p data-start=\"1820\" data-end=\"1886\"><strong data-start=\"1820\" data-end=\"1836\">Tehnolo\u0123ija:<\/strong> kust\u012bgs za\u013cais l\u0101zera stars ar pla\u0161u p\u0101rkl\u0101jumu<\/p>\n<\/li>\n<li data-start=\"1887\" data-end=\"1944\">\n<p data-start=\"1889\" data-end=\"1944\"><strong data-start=\"1889\" data-end=\"1900\">Vad\u012bba:<\/strong> bezvadu t\u0101lvad\u012bbas pults \u0113rtai lieto\u0161anai<\/p>\n<\/li>\n<li data-start=\"1945\" data-end=\"2003\">\n<p data-start=\"1947\" data-end=\"2003\"><strong data-start=\"1947\" data-end=\"1965\">Darb\u012bbas zona:<\/strong> l\u012bdz 3000 m\u00b2 atkar\u012bb\u0101 no apst\u0101k\u013ciem<\/p>\n<\/li>\n<li data-start=\"2004\" data-end=\"2058\">\n<p data-start=\"2006\" data-end=\"2058\"><strong data-start=\"2006\" data-end=\"2025\">Energoefekt\u012bvs:<\/strong> zems elektroener\u0123ijas pat\u0113ri\u0146\u0161<\/p>\n<\/li>\n<li data-start=\"2059\" data-end=\"2124\">\n<p data-start=\"2061\" data-end=\"2124\"><strong data-start=\"2061\" data-end=\"2079\">Piln\u012bgi kluss:<\/strong> nav ska\u0146as vai trauc\u0113jumu apk\u0101rt\u0113jai videi<\/p>\n<\/li>\n<li data-start=\"2125\" data-end=\"2187\">\n<p data-start=\"2127\" data-end=\"2187\"><strong data-start=\"2127\" data-end=\"2153\">Laikapst\u0101k\u013cu iztur\u012bgs:<\/strong> IPX5 aizsardz\u012bba \u0101ra lieto\u0161anai<\/p>\n<\/li>\n<li data-start=\"2188\" data-end=\"2264\">\n<p data-start=\"2190\" data-end=\"2264\"><strong data-start=\"2190\" data-end=\"2216\">Vienk\u0101r\u0161a uzst\u0101d\u012b\u0161ana:<\/strong> var nostiprin\u0101t pie sienas, staba vai stat\u012bva<\/p>\n<\/li>\n<li data-start=\"2265\" data-end=\"2329\">\n<p data-start=\"2267\" data-end=\"2329\"><strong data-start=\"2267\" data-end=\"2283\">Bez apkopes:<\/strong> nav nepiecie\u0161amas rezerves da\u013cas vai apkope<\/p>\n<\/li>\n<\/ul>\n<p data-start=\"2331\" data-end=\"2473\">\u0160is <strong data-start=\"2335\" data-end=\"2363\">putnu atbaid\u012bt\u0101js l\u0101zers<\/strong> ir piem\u0113rots gan profesion\u0101lai, gan priv\u0101tai lieto\u0161anai, nodro\u0161inot uzticamu putnu kontroli jebkur\u0101 sezon\u0101.<\/p>\n<h2 data-start=\"2480\" data-end=\"2502\">Lieto\u0161anas vietas<\/h2>\n<p data-start=\"2504\" data-end=\"2565\"><strong data-start=\"2504\" data-end=\"2535\">Putnu atbaid\u012b\u0161ana ar l\u0101zeru<\/strong> ir piem\u0113rota da\u017e\u0101d\u0101m vid\u0113m:<\/p>\n<ul data-start=\"2567\" data-end=\"2965\">\n<li data-start=\"2567\" data-end=\"2635\">\n<p data-start=\"2569\" data-end=\"2635\"><strong data-start=\"2569\" data-end=\"2596\">Noliktavas un ra\u017eotnes:<\/strong> nov\u0113r\u0161 balo\u017eu un zvirbu\u013cu ligzdo\u0161anu<\/p>\n<\/li>\n<li data-start=\"2636\" data-end=\"2696\">\n<p data-start=\"2638\" data-end=\"2696\"><strong data-start=\"2638\" data-end=\"2665\">Jumti un saules pane\u013ci:<\/strong> aizsarg\u0101 no kaij\u0101m un v\u0101rn\u0101m<\/p>\n<\/li>\n<li data-start=\"2697\" data-end=\"2762\">\n<p data-start=\"2699\" data-end=\"2762\"><strong data-start=\"2699\" data-end=\"2719\">Lauksaimniec\u012bba:<\/strong> pasarg\u0101 graudu kr\u0101tuves, k\u016btis un laukus<\/p>\n<\/li>\n<li data-start=\"2763\" data-end=\"2836\">\n<p data-start=\"2765\" data-end=\"2836\"><strong data-start=\"2765\" data-end=\"2797\">V\u012bnogu d\u0101rzi un aug\u013cu d\u0101rzi:<\/strong> atbaida strazdus un citus aug\u013c\u0113d\u0101jus<\/p>\n<\/li>\n<li data-start=\"2837\" data-end=\"2894\">\n<p data-start=\"2839\" data-end=\"2894\"><strong data-start=\"2839\" data-end=\"2862\">Lidostas un ang\u0101ri:<\/strong> samazina putnu rad\u012btos riskus<\/p>\n<\/li>\n<li data-start=\"2895\" data-end=\"2965\">\n<p data-start=\"2897\" data-end=\"2965\"><strong data-start=\"2897\" data-end=\"2921\">Ostas un piest\u0101tnes:<\/strong> pasarg\u0101 no kaiju izk\u0101rn\u012bjumiem un ligzd\u0101m<\/p>\n<\/li>\n<\/ul>\n<p data-start=\"2967\" data-end=\"3155\">Liel\u0101m atkl\u0101t\u0101m teritorij\u0101m ieteicams kombin\u0113t \u0161o ier\u012bci ar <a class=\"decorated-link\" href=\"https:\/\/birdbusters.eu\/lv\/produkts\/7-metrigs-gaisa-pukis-ergla-forma\/\" target=\"_new\" rel=\"noopener\" data-start=\"3027\" data-end=\"3099\">7 metru \u0113rg\u013ca p\u016b\u0137i<\/a>, kas kustas v\u0113j\u0101 un nodro\u0161ina dabisku vizu\u0101lo efektu.<\/p>\n<h2 data-start=\"3162\" data-end=\"3211\">Priek\u0161roc\u012bbas sal\u012bdzin\u0101jum\u0101 ar cit\u0101m metod\u0113m<\/h2>\n<div class=\"TyagGW_tableContainer\">\n<div class=\"group TyagGW_tableWrapper flex w-fit flex-col-reverse\" tabindex=\"-1\">\n<table class=\"w-fit min-w-(--thread-content-width)\" data-start=\"3213\" data-end=\"3653\">\n<thead data-start=\"3213\" data-end=\"3289\">\n<tr data-start=\"3213\" data-end=\"3289\">\n<th data-start=\"3213\" data-end=\"3223\" data-col-size=\"sm\">\u012apa\u0161\u012bba<\/th>\n<th data-start=\"3223\" data-end=\"3250\" data-col-size=\"sm\">Putnu atbaid\u012bt\u0101js l\u0101zers<\/th>\n<th data-start=\"3250\" data-end=\"3271\" data-col-size=\"sm\">Ska\u0146as atbaid\u012bt\u0101js<\/th>\n<th data-start=\"3271\" data-end=\"3289\" data-col-size=\"sm\">T\u012bkli un tapas<\/th>\n<\/tr>\n<\/thead>\n<tbody data-start=\"3369\" data-end=\"3653\">\n<tr data-start=\"3369\" data-end=\"3418\">\n<td data-start=\"3369\" data-end=\"3380\" data-col-size=\"sm\">Troksnis<\/td>\n<td data-start=\"3380\" data-end=\"3396\" data-col-size=\"sm\">Piln\u012bgi kluss<\/td>\n<td data-start=\"3396\" data-end=\"3409\" data-col-size=\"sm\">\u013boti ska\u013c\u0161<\/td>\n<td data-start=\"3409\" data-end=\"3418\" data-col-size=\"sm\">Kluss<\/td>\n<\/tr>\n<tr data-start=\"3419\" data-end=\"3457\">\n<td data-start=\"3419\" data-end=\"3428\" data-col-size=\"sm\">Apkope<\/td>\n<td data-start=\"3428\" data-end=\"3439\" data-col-size=\"sm\">Minim\u0101la<\/td>\n<td data-start=\"3439\" data-end=\"3448\" data-col-size=\"sm\">Vid\u0113ja<\/td>\n<td data-start=\"3448\" data-end=\"3457\" data-col-size=\"sm\">Liela<\/td>\n<\/tr>\n<tr data-start=\"3458\" data-end=\"3496\">\n<td data-start=\"3458\" data-end=\"3476\" data-col-size=\"sm\">Videi draudz\u012bgs<\/td>\n<td data-start=\"3476\" data-end=\"3481\" data-col-size=\"sm\">J\u0101<\/td>\n<td data-start=\"3481\" data-end=\"3490\" data-col-size=\"sm\">Da\u013c\u0113ji<\/td>\n<td data-start=\"3490\" data-end=\"3496\" data-col-size=\"sm\">J\u0101<\/td>\n<\/tr>\n<tr data-start=\"3497\" data-end=\"3551\">\n<td data-start=\"3497\" data-end=\"3513\" data-col-size=\"sm\">Darb\u012bbas zona<\/td>\n<td data-start=\"3513\" data-end=\"3528\" data-col-size=\"sm\">L\u012bdz 3000 m\u00b2<\/td>\n<td data-start=\"3528\" data-end=\"3541\" data-col-size=\"sm\">Ierobe\u017eota<\/td>\n<td data-start=\"3541\" data-end=\"3551\" data-col-size=\"sm\">Lok\u0101la<\/td>\n<\/tr>\n<tr data-start=\"3552\" data-end=\"3603\">\n<td data-start=\"3552\" data-end=\"3571\" data-col-size=\"sm\">Pieraduma efekts<\/td>\n<td data-start=\"3571\" data-end=\"3583\" data-col-size=\"sm\">\u013boti zems<\/td>\n<td data-start=\"3583\" data-end=\"3595\" data-col-size=\"sm\">Iesp\u0113jams<\/td>\n<td data-start=\"3595\" data-end=\"3603\" data-col-size=\"sm\">Zems<\/td>\n<\/tr>\n<tr data-start=\"3604\" data-end=\"3653\">\n<td data-start=\"3604\" data-end=\"3618\" data-col-size=\"sm\">Uzst\u0101d\u012b\u0161ana<\/td>\n<td data-start=\"3618\" data-end=\"3630\" data-col-size=\"sm\">Vienk\u0101r\u0161a<\/td>\n<td data-start=\"3630\" data-end=\"3643\" data-col-size=\"sm\">Komplic\u0113ta<\/td>\n<td data-start=\"3643\" data-end=\"3653\" data-col-size=\"sm\">Vid\u0113ja<\/td>\n<\/tr>\n<\/tbody>\n<\/table>\n<\/div>\n<\/div>\n<p data-start=\"3655\" data-end=\"3782\">At\u0161\u0137ir\u012bb\u0101 no ska\u0146as ier\u012bc\u0113m, <strong data-start=\"3684\" data-end=\"3715\">putnu atbaid\u012b\u0161ana ar l\u0101zeru<\/strong> darbojas piln\u012bgi klusi un netrauc\u0113 cilv\u0113kiem vai m\u0101jdz\u012bvniekiem.<\/p>\n<h2 data-start=\"3789\" data-end=\"3835\">Dro\u0161s un dz\u012bvniekiem draudz\u012bgs risin\u0101jums<\/h2>\n<p data-start=\"3837\" data-end=\"4055\"><strong data-start=\"3837\" data-end=\"3865\">Putnu atbaid\u012bt\u0101js l\u0101zers<\/strong> nes\u0101pina putnus \u2013 tas vienk\u0101r\u0161i liek tiem izvair\u012bties no zonas, izmantojot gaismas un kust\u012bbas efektu. Ier\u012bce atbilst ES dro\u0161\u012bbas standartiem un ir dro\u0161a cilv\u0113kiem, dz\u012bvniekiem un augiem.<\/p>\n<p data-start=\"4057\" data-end=\"4193\">Ide\u0101li piem\u0113rots ferm\u0101m, p\u0101rtikas noliktav\u0101m, industri\u0101l\u0101m teritorij\u0101m un sabiedrisk\u0101m viet\u0101m, kur nepiecie\u0161ama hum\u0101na putnu kontrole.<\/p>\n<h2 data-start=\"4200\" data-end=\"4225\">Lieto\u0161anas ieteikumi<\/h2>\n<ul data-start=\"4227\" data-end=\"4497\">\n<li data-start=\"4227\" data-end=\"4299\">\n<p data-start=\"4229\" data-end=\"4299\">Izmantojiet l\u0101zeri agri no r\u012bta un vakar\u0101, kad putni ir visakt\u012bv\u0101kie<\/p>\n<\/li>\n<li data-start=\"4300\" data-end=\"4365\">\n<p data-start=\"4302\" data-end=\"4365\">Mainiet ier\u012bces le\u0146\u0137i laiku pa laikam, lai nov\u0113rstu pieradumu<\/p>\n<\/li>\n<li data-start=\"4366\" data-end=\"4430\">\n<p data-start=\"4368\" data-end=\"4430\">Not\u012briet l\u0113cu regul\u0101ri, lai saglab\u0101tu maksim\u0101lu efektivit\u0101ti<\/p>\n<\/li>\n<li data-start=\"4431\" data-end=\"4497\">\n<p data-start=\"4433\" data-end=\"4497\">Kombin\u0113jiet ar vizu\u0101lajiem atbaid\u012bt\u0101jiem, piem\u0113ram, \u0113rg\u013ca p\u016b\u0137i<\/p>\n<\/li>\n<\/ul>\n<p data-start=\"4499\" data-end=\"4622\">Regul\u0101ri lietojot, <strong data-start=\"4518\" data-end=\"4546\">putnu atbaid\u012bt\u0101js l\u0101zers<\/strong> nodro\u0161ina ilgsto\u0161u un uzticamu aizsardz\u012bbu pret putniem visa gada garum\u0101.<\/p>\n<h2 data-start=\"4629\" data-end=\"4650\">Klientu pieredze<\/h2>\n<blockquote data-start=\"4652\" data-end=\"4807\">\n<p data-start=\"4654\" data-end=\"4807\">\u201cMums bija probl\u0113mas ar kaij\u0101m uz noliktavas jumta \u2013 \u0161is l\u0101zers atrisin\u0101ja to ned\u0113\u013cas laik\u0101. Piln\u012bgs klusums un lielisks efekts.\u201d<br data-start=\"4783\" data-end=\"4786\" \/>\u2014 Andris, Liep\u0101ja<\/p>\n<\/blockquote>\n<blockquote data-start=\"4809\" data-end=\"4915\">\n<p data-start=\"4811\" data-end=\"4915\">\u201cLielisks risin\u0101jums saules pane\u013cu aizsardz\u012bbai. Vairs nek\u0101du net\u012brumu vai boj\u0101jumu.\u201d<br data-start=\"4896\" data-end=\"4899\" \/>\u2014 Ilze, R\u012bga<\/p>\n<\/blockquote>\n<blockquote data-start=\"4917\" data-end=\"5005\">\n<p data-start=\"4919\" data-end=\"5005\">\u201c\u0112rta t\u0101lvad\u012bba, viegli main\u012bt virzienu un p\u0101rkl\u0101juma laukumu.\u201d<br data-start=\"4982\" data-end=\"4985\" \/>\u2014 J\u0101nis, Jelgava<\/p>\n<\/blockquote>\n<h2 data-start=\"5012\" data-end=\"5045\">K\u0101p\u0113c izv\u0113l\u0113ties Birdbusters<\/h2>\n<p data-start=\"5047\" data-end=\"5274\">Birdbusters pied\u0101v\u0101 profesion\u0101lus un videi draudz\u012bgus risin\u0101jumus putnu kontrolei.<br data-start=\"5129\" data-end=\"5132\" \/>M\u016bsu <strong data-start=\"5137\" data-end=\"5165\">putnu atbaid\u012bt\u0101js l\u0101zers<\/strong> apvieno modernu tehnolo\u0123iju, dro\u0161\u012bbu un efektivit\u0101ti \u2013 lieliska izv\u0113le gan uz\u0146\u0113mumiem, gan priv\u0101tperson\u0101m.<\/p>\n<p>LAng\u013cu valodas <a href=\"https:\/\/birdbusters.eu\/wp-content\/uploads\/2021\/01\/outdoor.pdf\">rokasgr\u0101mata<\/a>.<\/p>\n","protected":false},"excerpt":{"rendered":"<p data-start=\"371\" data-end=\"677\">Putni var rad\u012bt nopietnas probl\u0113mas uz jumtiem, noliktav\u0101s vai lauksaimniec\u012bbas teritorij\u0101s. Tie net\u012bra virsmas, boj\u0101 iek\u0101rtas un apdraud ra\u017eu.<br data-start=\"514\" data-end=\"517\" \/><strong data-start=\"517\" data-end=\"545\">Putnu atbaid\u012bt\u0101js l\u0101zers<\/strong> ir moderna, klusa un videi draudz\u012bga metode, lai notur\u0113tu putnus dro\u0161\u0101 att\u0101lum\u0101 \u2013 bez ska\u013c\u0101m ska\u0146\u0101m, \u0137\u012bmisk\u0101m viel\u0101m vai t\u012bkliem.<\/p>\n<p data-start=\"679\" data-end=\"943\">\u0160\u012b <strong data-start=\"682\" data-end=\"713\">putnu atbaid\u012b\u0161ana ar l\u0101zeru<\/strong> izmanto sp\u0113c\u012bgu za\u013co l\u0101zera staru, kas nep\u0101rtraukti kustas un rada il\u016bziju par kust\u012bgu objektu. Putni \u0161o gaismu uztver k\u0101 draudu un instinkt\u012bvi pamet teritoriju. T\u0101 k\u0101 stars regul\u0101ri maina virzienu, putni nesp\u0113j pierast pie t\u0101.<\/p>\n<p data-start=\"945\" data-end=\"1090\">Ier\u012bce ir ide\u0101li piem\u0113rota jumtiem, noliktav\u0101m, k\u016bt\u012bm, lauksaimniec\u012bbas \u0113k\u0101m, ost\u0101m un saules pane\u013cu parkiem \u2013 visur, kur putni rada probl\u0113mas.<\/p>\n[video width=\"720\" height=\"720\" mp4=\"https:\/\/birdbusters.eu\/wp-content\/uploads\/2021\/01\/384414405855-1-2.mp4\"][\/video]\n","protected":false},"featured_media":4199,"template":"","meta":{"_themeisle_gutenberg_block_has_review":false},"product_brand":[],"product_cat":[48,62],"product_tag":[],"class_list":{"0":"post-4913","1":"product","2":"type-product","3":"status-publish","4":"has-post-thumbnail","6":"product_cat-putnu-atvairisanas-lidzekli","7":"product_cat-putnu-lazera-atvairitaji","9":"first","10":"instock","11":"taxable","12":"shipping-taxable","13":"purchasable","14":"product-type-simple"},"_links":{"self":[{"href":"https:\/\/birdbusters.eu\/lv\/wp-json\/wp\/v2\/product\/4913","targetHints":{"allow":["GET"]}}],"collection":[{"href":"https:\/\/birdbusters.eu\/lv\/wp-json\/wp\/v2\/product"}],"about":[{"href":"https:\/\/birdbusters.eu\/lv\/wp-json\/wp\/v2\/types\/product"}],"wp:featuredmedia":[{"embeddable":true,"href":"https:\/\/birdbusters.eu\/lv\/wp-json\/wp\/v2\/media\/4199"}],"wp:attachment":[{"href":"https:\/\/birdbusters.eu\/lv\/wp-json\/wp\/v2\/media?parent=4913"}],"wp:term":[{"taxonomy":"product_brand","embeddable":true,"href":"https:\/\/birdbusters.eu\/lv\/wp-json\/wp\/v2\/product_brand?post=4913"},{"taxonomy":"product_cat","embeddable":true,"href":"https:\/\/birdbusters.eu\/lv\/wp-json\/wp\/v2\/product_cat?post=4913"},{"taxonomy":"product_tag","embeddable":true,"href":"https:\/\/birdbusters.eu\/lv\/wp-json\/wp\/v2\/product_tag?post=4913"}],"curies":[{"name":"wp","href":"https:\/\/api.w.org\/{rel}","templated":true}]}}