{"id":5206,"date":"2021-02-01T11:37:17","date_gmt":"2021-02-01T10:37:21","guid":{"rendered":"https:\/\/birdbusters.eu\/?post_type=product&#038;p=5206"},"modified":"2025-10-31T13:30:27","modified_gmt":"2025-10-31T12:30:27","slug":"360-triskajainais-zon-marks-gazes-lielgabals","status":"publish","type":"product","link":"https:\/\/birdbusters.eu\/lv\/produkts\/360-triskajainais-zon-marks-gazes-lielgabals\/","title":{"rendered":"360 tr\u012bsk\u0101jainais Zon Marks (Meh\u0101niskais g\u0101zes lielgabals)"},"content":{"rendered":"<p>P\u0113c katra \u0161\u0101viena tas izmaina trieciensp\u0113ka rezult\u0101t\u0101 savu virzienu.<\/p>\n<h4>Pieg\u0101des laiks 3-4 darba dienas<\/h4>\n","protected":false},"excerpt":{"rendered":"<p><strong>Tr\u012bsk\u0101jainais Zon Marks grie\u017eas 360 gr\u0101dus<\/strong> ap savu asi un t\u0101d\u0113j\u0101di tiek palielin\u0101ts <a href=\"https:\/\/birdbusters.eu\/lv\/produkts\/gazes-lielgabals\/\">meh\u0101niskais g\u0101zes lielgabala<\/a> darba r\u0101diuss.<\/p>\n<h4><span class=\"_d41d8cd98f00b204e9800998ecf8427e \" style=\"color: #ff0000;\">NB! Prece neiederas pakom\u0101t\u0101. K\u0101 pieg\u0101des veidu izv\u0113lieties kurjeru (Courier Standard)<\/span><\/h4>\n<p>&nbsp;<\/p>\n","protected":false},"featured_media":5216,"template":"","meta":{"_themeisle_gutenberg_block_has_review":false},"product_brand":[],"product_cat":[48,64],"product_tag":[],"class_list":{"0":"post-5206","1":"product","2":"type-product","3":"status-publish","4":"has-post-thumbnail","6":"product_cat-putnu-atvairisanas-lidzekli","7":"product_cat-putnu-petardes","8":"product_shipping_class-kuller-pick-up-point-lv","10":"first","11":"instock","12":"taxable","13":"shipping-taxable","14":"purchasable","15":"product-type-simple"},"_links":{"self":[{"href":"https:\/\/birdbusters.eu\/lv\/wp-json\/wp\/v2\/product\/5206","targetHints":{"allow":["GET"]}}],"collection":[{"href":"https:\/\/birdbusters.eu\/lv\/wp-json\/wp\/v2\/product"}],"about":[{"href":"https:\/\/birdbusters.eu\/lv\/wp-json\/wp\/v2\/types\/product"}],"wp:featuredmedia":[{"embeddable":true,"href":"https:\/\/birdbusters.eu\/lv\/wp-json\/wp\/v2\/media\/5216"}],"wp:attachment":[{"href":"https:\/\/birdbusters.eu\/lv\/wp-json\/wp\/v2\/media?parent=5206"}],"wp:term":[{"taxonomy":"product_brand","embeddable":true,"href":"https:\/\/birdbusters.eu\/lv\/wp-json\/wp\/v2\/product_brand?post=5206"},{"taxonomy":"product_cat","embeddable":true,"href":"https:\/\/birdbusters.eu\/lv\/wp-json\/wp\/v2\/product_cat?post=5206"},{"taxonomy":"product_tag","embeddable":true,"href":"https:\/\/birdbusters.eu\/lv\/wp-json\/wp\/v2\/product_tag?post=5206"}],"curies":[{"name":"wp","href":"https:\/\/api.w.org\/{rel}","templated":true}]}}