{"id":6723,"date":"2021-06-03T07:59:44","date_gmt":"2021-06-03T05:59:44","guid":{"rendered":"https:\/\/birdbusters.eu\/?post_type=product&#038;p=6723"},"modified":"2025-11-02T14:27:44","modified_gmt":"2025-11-02T13:27:44","slug":"7-metrigs-gaisa-pukis-ergla-forma","status":"publish","type":"product","link":"https:\/\/birdbusters.eu\/lv\/produkts\/7-metrigs-gaisa-pukis-ergla-forma\/","title":{"rendered":"7-metr\u012bgs gaisa p\u016b\u0137is \u0113rg\u013ca form\u0101"},"content":{"rendered":"<h2 class=\"text-xl font-bold text-text-100 mt-1 -mb-0.5\">\u0112rg\u013ca P\u016b\u0137is Putnu Atbaid\u012b\u0161anai<\/h2>\n<p class=\"whitespace-normal break-words\">\u0112rg\u013ca p\u016b\u0137is ir efekt\u012bva un iztur\u012bga metode, lai tur\u0113tu kait\u012bgos putnus pa gabalu no j\u016bsu d\u0101rza. Tas ir viens no popul\u0101r\u0101kajiem putnu atbaid\u012b\u0161anas r\u012bkiem, un ar labu iemeslu \u2013 tas izbaida nev\u0113lamos apmekl\u0113t\u0101jus no j\u016bsu aug\u013cu d\u0101rza vai laukiem.<\/p>\n<p class=\"whitespace-normal break-words\">Klusais un efekt\u012bvais p\u016b\u0137is darbojas konsekventi, pat visl\u0113n\u0101kaj\u0101 v\u0113ja br\u012bz\u0113 (maz\u0101k par 2 km\/h). 7 metru garais teleskopiskais stabs nodro\u0161ina past\u0101v\u012bgi main\u012bgu p\u016b\u0137a kust\u012bbu. Tas pace\u013cas un laiski lejup k\u0101 \u012bstens \u0113rglis, un t\u0101 kl\u0101tb\u016btne pietiek, lai tur\u0113tu kait\u012bgos putnus pa gabalu. Instinkt\u012bv\u0101s bailes no pl\u0113s\u012bgiem putniem ir iesak\u0146oju\u0161\u0101s putnu uzved\u012bb\u0101, t\u0101p\u0113c \u0113rg\u013ca p\u016b\u0137is nov\u0113r\u0161 tos no iek\u013c\u016b\u0161anas aizsarg\u0101taj\u0101s zon\u0101s.<\/p>\n<p class=\"whitespace-normal break-words\">P\u016b\u0137a atstarojo\u0161\u0101s acis un izcil\u0101 kr\u0101sa ir papildu iemesli, k\u0101p\u0113c putni j\u016btas no t\u0101 trauc\u0113ti.<\/p>\n<p class=\"whitespace-normal break-words\">\u0112rg\u013ca p\u016b\u0137a efekt\u012bvais darb\u012bbas att\u0101lums ir atkar\u012bgs no t\u0101 lidojuma augstuma. 7 metru garais teleskopiskais stabs ar k\u0101ta garumu aptuveni 5 m nes putnu atbaid\u012bt\u0101ju l\u012bdz 12 m lidojuma augstumam. Efekt\u012bv\u0101 plat\u012bba ir aptuveni 0,75 hekt\u0101ri.<\/p>\n<p class=\"whitespace-normal break-words\">Papildus \u0161ai p\u016b\u0137a sist\u0113mai m\u0113s pied\u0101v\u0101jam sist\u0113mas, kas piel\u0101gotas da\u017e\u0101d\u0101m lietojumprogramm\u0101m ar 5 metru vai 9 metru teleskopiskajiem stabiem.<\/p>\n<p class=\"whitespace-normal break-words\">\u0112rg\u013ca p\u016b\u0137is ir dz\u012bvniekiem draudz\u012bgs putnu atbaid\u012bt\u0101js, kas atbaida putnus dabisk\u0101 veid\u0101. \u0160\u012b atbaid\u012bt\u0101ja klus\u0101 darb\u012bba nodro\u0161ina, ka \u0161is putnu bied\u0113klis ir labi piem\u0113rots ar\u012b d\u0101rziem un balkoniem.<\/p>\n<h2 class=\"text-xl font-bold text-text-100 mt-1 -mb-0.5\">Lietojumi<\/h2>\n<p class=\"whitespace-normal break-words\">P\u016b\u0137a sist\u0113mu var samont\u0113t ikviens, un to var uzst\u0101d\u012bt jebkur, kur nepiecie\u0161ama aizsardz\u012bba. Lietojuma iesp\u0113jas sv\u0101rst\u0101s no d\u0101rze\u0146u audz\u0113\u0161anas, v\u012bnkop\u012bbas un zivju audz\u0113\u0161anas l\u012bdz augstcelt\u0146iem, r\u016bpniec\u012bbas hall\u0113m, ostu iek\u0101rt\u0101m un atkritumu poligoniem.<\/p>\n<p class=\"whitespace-normal break-words\">P\u016b\u0137a lidojuma augstums ar\u012b \u013cauj izmantot augst\u0101s kult\u016br\u0101s, piem\u0113ram, aug\u013cu d\u0101rzos vai kokaudz\u0113tav\u0101s.<\/p>\n<h2 class=\"text-xl font-bold text-text-100 mt-1 -mb-0.5\">Uzst\u0101d\u012b\u0161ana<\/h2>\n<p class=\"whitespace-normal break-words\">Parasti ir nodro\u0161in\u0101ts, ka \u0161\u012b atbaid\u012bt\u0101ja uzst\u0101d\u012b\u0161ana ir \u013coti vienk\u0101r\u0161a un neaiz\u0146em vair\u0101k par 10 min\u016bt\u0113m. Mont\u0101\u017ea sast\u0101v no \u010detriem vienk\u0101r\u0161iem so\u013ciem:<\/p>\n<ul class=\"[&amp;:not(:last-child)_ul]:pb-1 [&amp;:not(:last-child)_ol]:pb-1 list-disc space-y-2.5 pl-7\">\n<li class=\"whitespace-normal break-words\">Iedzi\u013ciniet zemes enkuru l\u012bdz pusei dzi\u013ci zem\u0113;<\/li>\n<li class=\"whitespace-normal break-words\">Izvelciet stabu l\u012bdz pilnam garumam;<\/li>\n<li class=\"whitespace-normal break-words\">Samont\u0113jiet \u0113rgli un piesieniet to staba aug\u0161gal\u0101;<\/li>\n<li class=\"whitespace-normal break-words\">Uzvelciet teleskopisko stabu p\u0101ri zemes enkuram.<\/li>\n<\/ul>\n<p class=\"whitespace-normal break-words\">Mont\u0113jot uz jumta, izmantojiet komplekt\u0101 iek\u013cauto zemes smaili staba stiprin\u0101jumam.<\/p>\n<h2 class=\"text-xl font-bold text-text-100 mt-1 -mb-0.5\">Bie\u017ei Uzdotie Jaut\u0101jumi<\/h2>\n<h3 class=\"text-lg font-bold text-text-100 mt-1 -mb-1.5\">K\u0101di putni ir iespaidoti no \u0113rg\u013ca p\u016b\u0137a?<\/h3>\n<p class=\"whitespace-normal break-words\">Putnu sugas, kuras ir iespaidotas no \u0113rg\u013ca p\u016b\u0137a, ietver balo\u017eus, zvirbu\u013cus, melnos strazdi, v\u0101rnas, bezdel\u012bgas, zosis, kaijas un strazdi.<\/p>\n<h3 class=\"text-lg font-bold text-text-100 mt-1 -mb-1.5\">K\u0101 es varu izdz\u012bt nev\u0113lamos putnus no sava d\u0101rza?<\/h3>\n<p class=\"whitespace-normal break-words\">Ja jums ir probl\u0113ma ar putniem sav\u0101 d\u0101rz\u0101, ir vair\u0101ki risin\u0101jumi, lai tos izdz\u012btu.<\/p>\n<p class=\"whitespace-normal break-words\">J\u016bs varat, piem\u0113ram, izmantot akustiskos atbaid\u012bt\u0101jus, piem\u0113ram, v\u0101rnu atbaid\u012bt\u0101ju no Bird Guard. Vai izv\u0113lieties kaut ko atstarojo\u0161u, piem\u0113ram, vec\u0101s CD plates, auto folijas sloksnes vai putnu atbaid\u012b\u0161anas lentu.<\/p>\n<h3 class=\"text-lg font-bold text-text-100 mt-1 -mb-1.5\">Vai putnu bied\u0113k\u013ca p\u016b\u0137is ir efekt\u012bvs?<\/h3>\n<p class=\"whitespace-normal break-words\">J\u0101, bez \u0161aub\u0101m! Ir neapstr\u012bdams, ka putnu bied\u0113k\u013ca p\u016b\u0137is efekt\u012bvi nov\u0113r\u0161 melnos strazdi un citus putnus no noteiktu zonu apmekl\u0113\u0161anas. Liel\u0101k\u0101 da\u013ca putnu ir instinkt\u012bvas bailes no pl\u0113s\u012bgam putnam l\u012bdz\u012bg\u0101 p\u016b\u0137a un izvair\u012bsies no uztur\u0113\u0161an\u0101s zem t\u0101.<\/p>\n<h3 class=\"text-lg font-bold text-text-100 mt-1 -mb-1.5\">Vai putni var pierast pie putnu bied\u0113k\u013ca p\u016b\u0137iem?<\/h3>\n<p class=\"whitespace-normal break-words\">T\u0101 k\u0101 instinkt\u012bv\u0101s bailes no pl\u0113s\u012bgiem putniem ir iesak\u0146oju\u0161\u0101s putnu uzved\u012bb\u0101, tie var piel\u0101goties p\u016b\u0137iem tikai ar liel\u0101m gr\u016bt\u012bb\u0101m. Tom\u0113r da\u017ei viegli pieraduma efekti var rasties noteiktos apst\u0101k\u013cos. \u0160aj\u0101 gad\u012bjum\u0101, l\u016bdzu, mainiet p\u016b\u0137a poz\u012bciju vai lidojuma augstumu.<\/p>\n<h3 class=\"text-lg font-bold text-text-100 mt-1 -mb-1.5\">Vai p\u016b\u0137is darbojas ar\u012b r\u0101mos apst\u0101k\u013cos?<\/h3>\n<p class=\"whitespace-normal break-words\">P\u016b\u0137is pacelsies un lidoties apk\u0101rt pat ar vieglu br\u012bzi (maz\u0101k par 2 km\/h), bet diem\u017e\u0113l tas nedarbojas piln\u012bgi r\u0101mos apst\u0101k\u013cos.<\/p>\n<p>Instrukcija ang\u013cu valod\u0101: <a href=\"https:\/\/birdbusters.eu\/wp-content\/uploads\/2019\/03\/BB-Manual-DEMO.pdf\">Bird kite manual<\/a><\/p>\n<h3 style=\"text-align: justify;\">NB! Pirms stipra v\u0113ja un v\u0113tras p\u016b\u0137i ieteicams no\u0146emt, lai tas netiktu saboj\u0101ts.<\/h3>\n<p>&nbsp;<\/p>\n","protected":false},"excerpt":{"rendered":"<p>Kaijas un balo\u017ei pils\u0113tas vid\u0113 var k\u013c\u016bt par lielu probl\u0113mu. Ligzdu vietas un bar\u012bbas atliekas aizsprosto \u016bdens notekas uz jumtiem; putni, aizst\u0101vot savus mazu\u013cus, var k\u013c\u016bt ar\u012b b\u012bstami cilv\u0113kiem, savuk\u0101rt to rad\u012btais piem\u0113slojums kait\u0113 vesel\u012bbai un \u012bpa\u0161umiem.<\/p>\n<h4><span class=\"_d41d8cd98f00b204e9800998ecf8427e \" style=\"color: #ff0000;\">NB! Prece neiederas pakom\u0101t\u0101. K\u0101 pieg\u0101des veidu izv\u0113lieties kurjeru (Courier Standard)<\/span><\/h4>\n<h4>Ja izv\u0113laties nepareizu pieg\u0101des metodi, pas\u016bt\u012bjums j\u016bs nenon\u0101ks.<\/h4>\n<p>https:\/\/youtu.be\/p6I04j4kwmo<\/p>\n<p>&nbsp;<\/p>\n","protected":false},"featured_media":13432,"template":"","meta":{"_themeisle_gutenberg_block_has_review":false},"product_brand":[],"product_cat":[61,59],"product_tag":[],"class_list":{"0":"post-6723","1":"product","2":"type-product","3":"status-publish","4":"has-post-thumbnail","6":"product_cat-putnu-atbaidisanas-lidzekli","7":"product_cat-putnu-puki","8":"product_shipping_class-kuller-pick-up-point-lv","10":"first","11":"instock","12":"sale","13":"taxable","14":"shipping-taxable","15":"purchasable","16":"product-type-simple"},"_links":{"self":[{"href":"https:\/\/birdbusters.eu\/lv\/wp-json\/wp\/v2\/product\/6723","targetHints":{"allow":["GET"]}}],"collection":[{"href":"https:\/\/birdbusters.eu\/lv\/wp-json\/wp\/v2\/product"}],"about":[{"href":"https:\/\/birdbusters.eu\/lv\/wp-json\/wp\/v2\/types\/product"}],"wp:featuredmedia":[{"embeddable":true,"href":"https:\/\/birdbusters.eu\/lv\/wp-json\/wp\/v2\/media\/13432"}],"wp:attachment":[{"href":"https:\/\/birdbusters.eu\/lv\/wp-json\/wp\/v2\/media?parent=6723"}],"wp:term":[{"taxonomy":"product_brand","embeddable":true,"href":"https:\/\/birdbusters.eu\/lv\/wp-json\/wp\/v2\/product_brand?post=6723"},{"taxonomy":"product_cat","embeddable":true,"href":"https:\/\/birdbusters.eu\/lv\/wp-json\/wp\/v2\/product_cat?post=6723"},{"taxonomy":"product_tag","embeddable":true,"href":"https:\/\/birdbusters.eu\/lv\/wp-json\/wp\/v2\/product_tag?post=6723"}],"curies":[{"name":"wp","href":"https:\/\/api.w.org\/{rel}","templated":true}]}}