{"id":8322,"date":"2020-11-09T10:43:30","date_gmt":"2020-11-09T09:43:30","guid":{"rendered":"https:\/\/birdbusters.eu\/product\/pauksciu-atbaidymo-prietaisas-agro-pro-3ga\/"},"modified":"2023-03-02T00:49:12","modified_gmt":"2023-03-01T23:49:12","slug":"putnu-atbaiditajs-agro-pro-3ha","status":"publish","type":"product","link":"https:\/\/birdbusters.eu\/lv\/produkts\/putnu-atbaiditajs-agro-pro-3ha\/","title":{"rendered":"Putnu atbaid\u012bt\u0101js Agro Pro 3Ha"},"content":{"rendered":"<h3>Putnu atbaid\u012bt\u0101js Agro Pro 3Ha ir izmantojams da\u017e\u0101d\u0101s viet\u0101s: t\u012brumos, kl\u0113t\u012bs, k\u016bt\u012bs, pils\u0113tas centra aizsardz\u012bbai, r\u016bpniec\u012bbas zon\u0101s.<\/h3>\n<p>Ier\u012bce piem\u0113rota putnu aizbaid\u012b\u0161anai gan iek\u0161telp\u0101s, gan \u0101rpus telp\u0101m.<\/p>\n<p>Efekt\u012bvi aizsarg\u0101 l\u012bdz 3 hekt\u0101riem. Akumulators darbojas l\u012bdz 3 ned\u0113\u013c\u0101m. Piln\u012bb\u0101 programm\u0113jams.<\/p>\n<p>Starp ska\u0146u sign\u0101liem ir 20 min\u016b\u0161u pauze. Ier\u012bc\u0113 glab\u0101jas vair\u0101k nek\u0101 150 da\u017e\u0101du aizbaid\u012b\u0161anas sign\u0101lu un ska\u0146u, kas iedal\u012bti 7 grup\u0101s. Komplekt\u0101 ir ar\u012b l\u0101d\u0113t\u0101js un akumulators.<\/p>\n<p><strong>Priek\u0161roc\u012bbas<\/strong><strong>:<br \/>\n<\/strong>Vienk\u0101r\u0161i uzst\u0101d\u0101ms un lietojams<br \/>\n\u016adensdro\u0161s korpuss un saliekama pamatne<br \/>\nVar izmantot jebkuros laika apst\u0101k\u013cos<\/p>\n<p><strong>Svar\u012bg\u0101kie parametri<\/strong><strong>:<br \/>\n<\/strong>Efekt\u012bvi aizsarg\u0101 l\u012bdz 3 hekt\u0101riem<br \/>\nAkumulatora apjoms: 3 ned\u0113\u013cas*<\/p>\n<p><strong>Piln\u012bb\u0101 programm\u0113jams<\/strong><strong>:<\/strong><\/p>\n<ul>\n<li>izdod j\u016bsu izv\u0113l\u0113tos ska\u0146as sign\u0101lus<\/li>\n<li>var izv\u0113l\u0113ties raid\u012b\u0161anas interv\u0101lu<\/li>\n<li>palai\u0161anas laiks un programmas aptur\u0113\u0161ana<\/li>\n<li>regul\u0113jams sign\u0101la stiprums<\/li>\n<\/ul>\n<p>* Ar 20 min\u016b\u0161u p\u0101rtraukumu starp akustiskajiem sign\u0101liem<\/p>\n<p><strong>Putnu atbaid\u012bt\u0101ja sast\u0101vda\u013cas<\/strong><strong>:<\/strong><br \/>\n&#8211; Ska\u013crunis, kas izdod aizbaido\u0161\u0101s ska\u0146as<br \/>\n&#8211; No\u0146emama met\u0101la pamatne<br \/>\n&#8211; IP55 elektrisk\u0101 ier\u012bce ar:<\/p>\n<ul>\n<li>uzl\u0101d\u0113jamu akumulatoru 12 V 7,2 Ah<\/li>\n<li>elektronikas moduli ar ekr\u0101nu un klaviat\u016bru<\/li>\n<li>atmi\u0146as karti ar atbaido\u0161iem ska\u0146as sign\u0101liem<\/li>\n<\/ul>\n<p>&#8211; Mont\u0101\u017eas un ekspluat\u0101cijas instrukcija<\/p>\n<p><strong>Agro Pro <\/strong><strong>3Ha <\/strong>atbilsto\u0161i standartam ir apr\u012bkots ar l\u0101d\u0113t\u0101ju (100\u2013240 V, 50\/60 Hz).<\/p>\n<p>** \u0145emiet v\u0113r\u0101, ka pati uzl\u0101des ier\u012bce nav \u016bdensiztur\u012bga.<\/p>\n<p><a href=\"https:\/\/birdbusters.eu\/wp-content\/uploads\/2022\/06\/NoticeUtilisationAVT_B_EN.pdf\">Instrukcija<\/a><\/p>\n<div class=\"page\" title=\"Page 1\">\n<div class=\"section\">\n<div class=\"layoutArea\">\n<div class=\"column\">\n<p><iframe loading=\"lazy\" title=\"Efficacit\u00e9 de l&#039;effaroucheur AviTrac\u00ae AVT18M sur un dortoir de corbeaux\" width=\"500\" height=\"281\" src=\"https:\/\/www.youtube.com\/embed\/1igkzc2yDdc?feature=oembed\" frameborder=\"0\" allow=\"accelerometer; autoplay; clipboard-write; encrypted-media; gyroscope; picture-in-picture; web-share\" referrerpolicy=\"strict-origin-when-cross-origin\" allowfullscreen><\/iframe><\/p>\n<p>&nbsp;<\/p>\n<\/div>\n<\/div>\n<\/div>\n<\/div>\n","protected":false},"excerpt":{"rendered":"<h3>Putnu atbaid\u012bt\u0101js Agro Pro 3Ha atkuria pauk\u0161\u010di\u0173 \u0161auksmus ir pl\u0117\u0161ri\u0173j\u0173 pauk\u0161\u010di\u0173 balsus, sukurdama kenk\u0117jui nemaloni\u0105 aplink\u0105. Jis veiksmingai atbaido daugel\u012f pauk\u0161\u010di\u0173 r\u016b\u0161i\u0173, toki\u0173 kaip <strong>varnos, baland\u017eiai, starkiai, kirai<\/strong> ir kt.<\/h3>\n<p>Atbaidymo prietaisas, sukurtas \u017eem\u0117s \u016bkio reikm\u0117ms, skirtas naudoti daugiausia lauke. Veikia tiek su baterija (3 sav.), tiek prijungtas prie 220 V tinklo.<\/p>\n<p>https:\/\/youtu.be\/XaM6VkvFlgo<\/p>\n<p>&nbsp;<\/p>\n","protected":false},"featured_media":9084,"template":"","meta":{"_themeisle_gutenberg_block_has_review":false},"product_brand":[],"product_cat":[61,60],"product_tag":[],"class_list":{"0":"post-8322","1":"product","2":"type-product","3":"status-publish","4":"has-post-thumbnail","6":"product_cat-putnu-atbaidisanas-lidzekli","7":"product_cat-putnu-atvairitaji-ar-skanu","9":"first","10":"onbackorder","11":"taxable","12":"shipping-taxable","13":"purchasable","14":"product-type-simple"},"_links":{"self":[{"href":"https:\/\/birdbusters.eu\/lv\/wp-json\/wp\/v2\/product\/8322","targetHints":{"allow":["GET"]}}],"collection":[{"href":"https:\/\/birdbusters.eu\/lv\/wp-json\/wp\/v2\/product"}],"about":[{"href":"https:\/\/birdbusters.eu\/lv\/wp-json\/wp\/v2\/types\/product"}],"wp:featuredmedia":[{"embeddable":true,"href":"https:\/\/birdbusters.eu\/lv\/wp-json\/wp\/v2\/media\/9084"}],"wp:attachment":[{"href":"https:\/\/birdbusters.eu\/lv\/wp-json\/wp\/v2\/media?parent=8322"}],"wp:term":[{"taxonomy":"product_brand","embeddable":true,"href":"https:\/\/birdbusters.eu\/lv\/wp-json\/wp\/v2\/product_brand?post=8322"},{"taxonomy":"product_cat","embeddable":true,"href":"https:\/\/birdbusters.eu\/lv\/wp-json\/wp\/v2\/product_cat?post=8322"},{"taxonomy":"product_tag","embeddable":true,"href":"https:\/\/birdbusters.eu\/lv\/wp-json\/wp\/v2\/product_tag?post=8322"}],"curies":[{"name":"wp","href":"https:\/\/api.w.org\/{rel}","templated":true}]}}