{"id":8675,"date":"2019-09-21T17:50:39","date_gmt":"2019-09-21T15:50:39","guid":{"rendered":"https:\/\/birdbusters.eu\/product\/agro-bird-repellent-mini\/"},"modified":"2024-09-02T08:41:57","modified_gmt":"2024-09-02T06:41:57","slug":"putnu-atbaiditajs-agro-pro-mini","status":"publish","type":"product","link":"https:\/\/birdbusters.eu\/lv\/produkts\/putnu-atbaiditajs-agro-pro-mini\/","title":{"rendered":"Putnu atbaid\u012bt\u0101js Agro Pro mini"},"content":{"rendered":"<div class=\"page\" title=\"Page 1\">\n<div class=\"section\">\n<div class=\"layoutArea\">\n<div class=\"column\">\n<p>Darbojas ar 220 V spriegumu. Piln\u012bb\u0101 programm\u0113jams. Starp akustiskajiem sign\u0101liem 20 min. pauze. Ierakst\u012bts vair\u0101k nek\u0101 50 da\u017e\u0101du atbaid\u012b\u0161anas sign\u0101lu.<\/p>\n<p><a href=\"https:\/\/birdbusters.eu\/wp-content\/uploads\/2022\/06\/NoticeUtilisationBT9M_002_EN.pdf\">Instrukcija <\/a><\/p>\n<p>&nbsp;<\/p>\n<\/div>\n<\/div>\n<\/div>\n<\/div>\n","protected":false},"excerpt":{"rendered":"<p><strong>Putnu atbaid\u012bt\u0101js<\/strong><strong> Agro Pro<\/strong><strong> mini<\/strong>, izstr\u0101d\u0101ts lauksaimniec\u012bbas nol\u016bkiem.<\/p>\n<p>Agro Pro izdod izbied\u0113tu putnu kliedzienus, k\u0101 ar\u012b pl\u0113s\u012bgo putnu balsis, radot kait\u012bgajos putnos bai\u013cu saj\u016btu. Tas ir efekt\u012bgi daudzu sugu putnu, piem\u0113ram, v\u0101rnu, balo\u017eu, strazdu, kaiju u.c. aizbaid\u012b\u0161anai.<\/p>\n<h3>Putnu atbaid\u012bt\u0101js Agro Pro mini ir izmantojams da\u017e\u0101d\u0101s viet\u0101s: t\u012brumos, kl\u0113t\u012bs, k\u016bt\u012bs, pils\u0113tas centra aizsardz\u012bbai, r\u016bpniec\u012bbas zon\u0101s.<\/h3>\n<p>Ier\u012bce lieliski piem\u0113rota putnu aizbaid\u012b\u0161anai gan iek\u0161telp\u0101s, gan \u0101rpus telp\u0101m. Aizsarg\u0101jam\u0101 teritorija l\u012bdz 5000 m<sup>2<\/sup>.<\/p>\n<p>https:\/\/youtu.be\/xxkk2m9rcUE<\/p>\n<p>&nbsp;<\/p>\n","protected":false},"featured_media":8750,"template":"","meta":{"_themeisle_gutenberg_block_has_review":false},"product_brand":[],"product_cat":[61,60],"product_tag":[],"class_list":{"0":"post-8675","1":"product","2":"type-product","3":"status-publish","4":"has-post-thumbnail","6":"product_cat-putnu-atbaidisanas-lidzekli","7":"product_cat-putnu-atvairitaji-ar-skanu","9":"first","10":"onbackorder","11":"taxable","12":"shipping-taxable","13":"purchasable","14":"product-type-simple"},"_links":{"self":[{"href":"https:\/\/birdbusters.eu\/lv\/wp-json\/wp\/v2\/product\/8675","targetHints":{"allow":["GET"]}}],"collection":[{"href":"https:\/\/birdbusters.eu\/lv\/wp-json\/wp\/v2\/product"}],"about":[{"href":"https:\/\/birdbusters.eu\/lv\/wp-json\/wp\/v2\/types\/product"}],"wp:featuredmedia":[{"embeddable":true,"href":"https:\/\/birdbusters.eu\/lv\/wp-json\/wp\/v2\/media\/8750"}],"wp:attachment":[{"href":"https:\/\/birdbusters.eu\/lv\/wp-json\/wp\/v2\/media?parent=8675"}],"wp:term":[{"taxonomy":"product_brand","embeddable":true,"href":"https:\/\/birdbusters.eu\/lv\/wp-json\/wp\/v2\/product_brand?post=8675"},{"taxonomy":"product_cat","embeddable":true,"href":"https:\/\/birdbusters.eu\/lv\/wp-json\/wp\/v2\/product_cat?post=8675"},{"taxonomy":"product_tag","embeddable":true,"href":"https:\/\/birdbusters.eu\/lv\/wp-json\/wp\/v2\/product_tag?post=8675"}],"curies":[{"name":"wp","href":"https:\/\/api.w.org\/{rel}","templated":true}]}}