{"id":8711,"date":"2021-02-19T14:36:55","date_gmt":"2021-02-19T13:36:55","guid":{"rendered":"https:\/\/birdbusters.eu\/product\/ultrasonic-repellent-with-motion-sensor\/"},"modified":"2025-10-31T13:30:11","modified_gmt":"2025-10-31T12:30:11","slug":"ultraskanas-aizbaidisanas-ierice-ar-kustibu-sensoru","status":"publish","type":"product","link":"https:\/\/birdbusters.eu\/lv\/produkts\/ultraskanas-aizbaidisanas-ierice-ar-kustibu-sensoru\/","title":{"rendered":"Ultraska\u0146as aizbaid\u012b\u0161anas ier\u012bce ar kust\u012bbu sensoru"},"content":{"rendered":"<p>J\u016bs trauc\u0113 sve\u0161i ka\u0137i, peles, \u017eurkas, sermu\u013ci un pat me\u017eac\u016bkas j\u016bsu d\u0101rz\u0101 vai uz terases? Un pat stirnas un za\u0137i? \u0160\u012b ier\u012bce der\u0113s ar\u012b dze\u0146u, v\u0101rnu un citu atsevi\u0161\u0137u putnu aizbaid\u012b\u0161anai. Ieb\u016bv\u0113tais detektors atpaz\u012bst kust\u012bbu un atbaida nev\u0113lamos viesus desmit metru r\u0101dius\u0101, izmantojot mirgojo\u0161u gaismu un\/vai ska\u0146u, k\u0101 ar\u012b ultraska\u0146u. Uzst\u0101d\u012bjumus var viegli main\u012bt ar ier\u012bces \u0101rpus\u0113 ier\u012bkoto pogu.<\/p>\n<p><strong>Uzst\u0101d\u012bjumi<\/strong><strong>:<br \/>\n<\/strong>1) ultraska\u0146a <strong><br \/>\n<\/strong>2) ultraska\u0146a un mirgojo\u0161a gaisma<strong><br \/>\n<\/strong>3) ska\u0146as sign\u0101ls, ultraska\u0146a un mirgojo\u0161a gaisma.<\/p>\n<p>Ska\u0146as stiprums l\u012bdz 100 dB. Ultraska\u0146as sign\u0101la frekvence: 15 \u2013 27 kHz.<\/p>\n<p>Saules panelis uztur pietiekami augstu uzl\u0101des l\u012bmeni trim AA tipa baterij\u0101m. T\u0101s var uzl\u0101d\u0113t ar\u012b ar uzl\u0101des ier\u012bci (nav komplekt\u0101).<\/p>\n<p>\u016adensiztur\u012bgs un iztur\u012bgs pret da\u017e\u0101diem laikapst\u0101k\u013ciem.<\/p>\n<p>Izm\u0113ri: 14,5 x 12,5 x 10 cm<\/p>\n<p>Svars: 380 grami<\/p>\n","protected":false},"excerpt":{"rendered":"<p>Ultraska\u0146as aizbaid\u012b\u0161anas ier\u012bce ar kust\u012bbu sensoru Garden Guard 580 ar kust\u012bbu sensoru pasarg\u0101s j\u016bsu d\u0101rzu un terasi no nev\u0113lamiem dz\u012bvniekiem un putniem.<\/p>\n","protected":false},"featured_media":8712,"template":"","meta":{"_themeisle_gutenberg_block_has_review":false},"product_brand":[],"product_cat":[187,61,60],"product_tag":[],"class_list":{"0":"post-8711","1":"product","2":"type-product","3":"status-publish","4":"has-post-thumbnail","6":"product_cat-kurmju-atbaiditajs-un-dzivnieku-atbaiditajs-dabigs-risinajums-darzam-un-zalienam","7":"product_cat-putnu-atbaidisanas-lidzekli","8":"product_cat-putnu-atvairitaji-ar-skanu","10":"first","11":"instock","12":"taxable","13":"shipping-taxable","14":"purchasable","15":"product-type-simple"},"_links":{"self":[{"href":"https:\/\/birdbusters.eu\/lv\/wp-json\/wp\/v2\/product\/8711","targetHints":{"allow":["GET"]}}],"collection":[{"href":"https:\/\/birdbusters.eu\/lv\/wp-json\/wp\/v2\/product"}],"about":[{"href":"https:\/\/birdbusters.eu\/lv\/wp-json\/wp\/v2\/types\/product"}],"wp:featuredmedia":[{"embeddable":true,"href":"https:\/\/birdbusters.eu\/lv\/wp-json\/wp\/v2\/media\/8712"}],"wp:attachment":[{"href":"https:\/\/birdbusters.eu\/lv\/wp-json\/wp\/v2\/media?parent=8711"}],"wp:term":[{"taxonomy":"product_brand","embeddable":true,"href":"https:\/\/birdbusters.eu\/lv\/wp-json\/wp\/v2\/product_brand?post=8711"},{"taxonomy":"product_cat","embeddable":true,"href":"https:\/\/birdbusters.eu\/lv\/wp-json\/wp\/v2\/product_cat?post=8711"},{"taxonomy":"product_tag","embeddable":true,"href":"https:\/\/birdbusters.eu\/lv\/wp-json\/wp\/v2\/product_tag?post=8711"}],"curies":[{"name":"wp","href":"https:\/\/api.w.org\/{rel}","templated":true}]}}