{"id":8722,"date":"2021-02-25T17:32:48","date_gmt":"2021-02-25T16:32:48","guid":{"rendered":"https:\/\/birdbusters.eu\/product\/eagle-shaped-bird-repellent-with-a-solar-battery-and-sound\/"},"modified":"2025-10-31T11:30:37","modified_gmt":"2025-10-31T10:30:37","slug":"ergla-figura-ar-saules-bateriju-un-skanu","status":"publish","type":"product","link":"https:\/\/birdbusters.eu\/lv\/produkts\/ergla-figura-ar-saules-bateriju-un-skanu\/","title":{"rendered":"\u0112rg\u013ca fig\u016bra ar saules bateriju un ska\u0146u"},"content":{"rendered":"<p>\u0112rg\u013ca fig\u016bra ir apr\u012bkota ar groz\u0101mu gultni, kas \u013cauj fig\u016brai viegli griezties v\u0113j\u0101. Ja iesl\u0113gta ska\u0146as poga, tad ar neregul\u0101riem interv\u0101liem fig\u016bra izdod da\u017e\u0101das ska\u0146as: vanaga, piek\u016bna, \u0113rg\u013ca, p\u016bces un v\u0101rnas balss. Bez ska\u013cuma regulatora. Aizmugur\u0113 iemont\u0113tais saules panelis nodro\u0161ina akumulatora uzl\u0101di. \u0112rg\u013ca fig\u016bra apr\u012bkota ar gaismas sensoru, t\u0101d\u0113j\u0101di \u0113rglis tums\u0101 ska\u0146as neizdod.<\/p>\n<h3><strong>Apsarg\u0101jamie objekti<\/strong><strong>:<\/strong> balkoni, d\u0101rzi, terases, d\u0101rze\u0146u st\u0101d\u012bjumi, \u0113kas, laivas, t\u012brumi.<\/h3>\n<p><strong>Uzst\u0101d\u012b\u0161ana<\/strong><strong>: <\/strong>Sp\u0101rni j\u0101nostiprina ar komplekt\u0101 iek\u013cautaj\u0101m skr\u016bv\u0113m tiem paredz\u0113taj\u0101 padzi\u013cin\u0101jum\u0101. Piestipriniet \u0113rgli pie sienas vai staba ar kron\u0161teinu. P\u0101rliecinieties, vai fig\u016brai pietiek vietas, lai grieztos. Ievietojiet akumulatoru akumulatora ligzd\u0101. Nospiediet sl\u0113dzi, un \u0113rglis s\u0101ks izdot da\u017e\u0101das ska\u0146as ik p\u0113c neregul\u0101riem laika interv\u0101liem.<\/p>\n<p><strong>Ieg\u016bstamais efekts<\/strong>: nev\u0113lamo putnu atbaid\u012b\u0161ana ar ska\u0146as un vizu\u0101lo efektu.<\/p>\n<p>Izm\u0113ri: 43 x 35 x 19 cm<\/p>\n<p>Iepakojuma izm\u0113ri 51 x 19 x 19 cm<\/p>\n","protected":false},"excerpt":{"rendered":"<p><strong>\u0112rg\u013ca fig\u016bra ar saules bateriju un ska\u0146u<\/strong>, kas grie\u017eas v\u0113j\u0101, apr\u012bkota ar saules paneli un akumulatoru, izdod pl\u0113s\u012bgu putnu un v\u0101rnu balsis. Piem\u0113rota nev\u0113lamu putnu atbaid\u012b\u0161anai no teras\u0113m, d\u0101rziem, t\u012brumiem, \u0113k\u0101m.<\/p>\n<p>https:\/\/youtu.be\/Whn31p5u3q8<\/p>\n","protected":false},"featured_media":8726,"template":"","meta":{"_themeisle_gutenberg_block_has_review":false,"rank_math_focus_keyword":"\u0112rg\u013ca fig\u016bra ar saules bateriju un ska\u0146u","rank_math_title":"","rank_math_description":"","rank_math_canonical_url":"","rank_math_facebook_title":"","rank_math_facebook_description":"","rank_math_facebook_image":"","rank_math_twitter_title":"","rank_math_twitter_description":"","rank_math_twitter_image":"","rank_math_schema_FAQPage":[]},"product_brand":[],"product_cat":[286,292,243,48,60,58],"product_tag":[],"class_list":{"0":"post-8722","1":"product","2":"type-product","3":"status-publish","4":"has-post-thumbnail","6":"product_cat-balozu-atbaidisana","7":"product_cat-strazdu-atbaidisana","8":"product_cat-putnu-atbaidisana-darza","9":"product_cat-putnu-atvairisanas-lidzekli","10":"product_cat-putnu-atvairitaji-ar-skanu","11":"product_cat-putnu-vizualie-atbaiditaji","13":"first","14":"outofstock","15":"taxable","16":"shipping-taxable","17":"purchasable","18":"product-type-simple"},"_links":{"self":[{"href":"https:\/\/birdbusters.eu\/lv\/wp-json\/wp\/v2\/product\/8722","targetHints":{"allow":["GET"]}}],"collection":[{"href":"https:\/\/birdbusters.eu\/lv\/wp-json\/wp\/v2\/product"}],"about":[{"href":"https:\/\/birdbusters.eu\/lv\/wp-json\/wp\/v2\/types\/product"}],"wp:featuredmedia":[{"embeddable":true,"href":"https:\/\/birdbusters.eu\/lv\/wp-json\/wp\/v2\/media\/8726"}],"wp:attachment":[{"href":"https:\/\/birdbusters.eu\/lv\/wp-json\/wp\/v2\/media?parent=8722"}],"wp:term":[{"taxonomy":"product_brand","embeddable":true,"href":"https:\/\/birdbusters.eu\/lv\/wp-json\/wp\/v2\/product_brand?post=8722"},{"taxonomy":"product_cat","embeddable":true,"href":"https:\/\/birdbusters.eu\/lv\/wp-json\/wp\/v2\/product_cat?post=8722"},{"taxonomy":"product_tag","embeddable":true,"href":"https:\/\/birdbusters.eu\/lv\/wp-json\/wp\/v2\/product_tag?post=8722"}],"curies":[{"name":"wp","href":"https:\/\/api.w.org\/{rel}","templated":true}]}}