{"id":8729,"date":"2021-02-25T17:49:54","date_gmt":"2021-02-25T16:49:54","guid":{"rendered":"https:\/\/birdbusters.eu\/product\/telescopic-rod-7m\/"},"modified":"2025-10-31T11:35:37","modified_gmt":"2025-10-31T10:35:37","slug":"teleskopisks-stabs-7-m","status":"publish","type":"product","link":"https:\/\/birdbusters.eu\/lv\/produkts\/teleskopisks-stabs-7-m\/","title":{"rendered":"Teleskopisks stabs 7 m"},"content":{"rendered":"<p>7 metrus augsts teleskopisks stabs. Piem\u0113rots, lai paceltu putna lidojuma augstum\u0101 putnu atbaid\u012bt\u0101jus <a href=\"https:\/\/birdbusters.eu\/lv\/produkts\/erglis-putnu-biedeklis\/\">\u0113rg\u013ca<\/a> un <a href=\"https:\/\/birdbusters.eu\/lv\/produkts\/vanagpuka-putnu-biedeklis\/\">vanaga<\/a> form\u0101. Stabu var izmantot ar\u012b, lai pie t\u0101 piek\u0101rtu <a href=\"https:\/\/birdbusters.eu\/lv\/produkts\/dzeltens-balons-putnu-aizbaidisanai\/\">balonu putnu atbaid\u012b\u0161anai<\/a>.<\/p>\n<h4><span class=\"_d41d8cd98f00b204e9800998ecf8427e \" style=\"color: #ff0000;\">NB! Prece neiederas pakom\u0101t\u0101. K\u0101 pieg\u0101des veidu izv\u0113lieties kurjeru (Courier Standard)<\/span><\/h4>\n","protected":false},"excerpt":{"rendered":"<p>Lai putni nepiek\u013c\u016btu d\u0101rza ra\u017eai, ir nepiecie\u0161ams pietiekam\u0101 augstum\u0101 uzst\u0101d\u012bt atbaid\u012bt\u0101jus, kas atg\u0101dina to dabiskos ienaidniekus.<\/p>\n","protected":false},"featured_media":8730,"template":"","meta":{"_themeisle_gutenberg_block_has_review":false},"product_brand":[],"product_cat":[48,59],"product_tag":[],"class_list":{"0":"post-8729","1":"product","2":"type-product","3":"status-publish","4":"has-post-thumbnail","6":"product_cat-putnu-atvairisanas-lidzekli","7":"product_cat-putnu-puki","8":"product_shipping_class-kuller-pick-up-point-lv","10":"first","11":"instock","12":"taxable","13":"shipping-taxable","14":"purchasable","15":"product-type-simple"},"_links":{"self":[{"href":"https:\/\/birdbusters.eu\/lv\/wp-json\/wp\/v2\/product\/8729","targetHints":{"allow":["GET"]}}],"collection":[{"href":"https:\/\/birdbusters.eu\/lv\/wp-json\/wp\/v2\/product"}],"about":[{"href":"https:\/\/birdbusters.eu\/lv\/wp-json\/wp\/v2\/types\/product"}],"wp:featuredmedia":[{"embeddable":true,"href":"https:\/\/birdbusters.eu\/lv\/wp-json\/wp\/v2\/media\/8730"}],"wp:attachment":[{"href":"https:\/\/birdbusters.eu\/lv\/wp-json\/wp\/v2\/media?parent=8729"}],"wp:term":[{"taxonomy":"product_brand","embeddable":true,"href":"https:\/\/birdbusters.eu\/lv\/wp-json\/wp\/v2\/product_brand?post=8729"},{"taxonomy":"product_cat","embeddable":true,"href":"https:\/\/birdbusters.eu\/lv\/wp-json\/wp\/v2\/product_cat?post=8729"},{"taxonomy":"product_tag","embeddable":true,"href":"https:\/\/birdbusters.eu\/lv\/wp-json\/wp\/v2\/product_tag?post=8729"}],"curies":[{"name":"wp","href":"https:\/\/api.w.org\/{rel}","templated":true}]}}