{"id":8778,"date":"2021-05-14T11:18:36","date_gmt":"2021-05-14T09:18:36","guid":{"rendered":"https:\/\/birdbusters.eu\/product\/strap-on-boat-base\/"},"modified":"2025-10-31T11:35:17","modified_gmt":"2025-10-31T10:35:17","slug":"zirneklveida-stiprinajums-putnu-atbaidisanai","status":"publish","type":"product","link":"https:\/\/birdbusters.eu\/lv\/produkts\/zirneklveida-stiprinajums-putnu-atbaidisanai\/","title":{"rendered":"Zirnek\u013cveida stiprin\u0101jums putnu atbaid\u012b\u0161anai"},"content":{"rendered":"","protected":false},"excerpt":{"rendered":"<p><strong>Zirnek\u013cveida stiprin\u0101jums putnu atbaid\u012b\u0161anai<\/strong><\/p>\n<p>Izgatavots no iztur\u012bgas plastmasas, stat\u012bvs ar stiprin\u0101juma cilp\u0101m \u013cauj piestiprin\u0101t <a href=\"https:\/\/birdbusters.eu\/lv\/produkts\/zirneklis-putnu-atbaidisanai-18-m\/\">zirnek\u013cveida bied\u0113kli<\/a> pie buru laivas vai smil\u0161u spilvena. Tas \u013cauj aizsarg\u0101t jahtu, kam\u0113r neesat kl\u0101t.<\/p>\n","protected":false},"featured_media":8781,"template":"","meta":{"_themeisle_gutenberg_block_has_review":false},"product_brand":[],"product_cat":[48,133],"product_tag":[],"class_list":{"0":"post-8778","1":"product","2":"type-product","3":"status-publish","4":"has-post-thumbnail","6":"product_cat-putnu-atvairisanas-lidzekli","7":"product_cat-putnu-tapas","9":"first","10":"instock","11":"sale","12":"taxable","13":"shipping-taxable","14":"purchasable","15":"product-type-simple"},"_links":{"self":[{"href":"https:\/\/birdbusters.eu\/lv\/wp-json\/wp\/v2\/product\/8778","targetHints":{"allow":["GET"]}}],"collection":[{"href":"https:\/\/birdbusters.eu\/lv\/wp-json\/wp\/v2\/product"}],"about":[{"href":"https:\/\/birdbusters.eu\/lv\/wp-json\/wp\/v2\/types\/product"}],"wp:featuredmedia":[{"embeddable":true,"href":"https:\/\/birdbusters.eu\/lv\/wp-json\/wp\/v2\/media\/8781"}],"wp:attachment":[{"href":"https:\/\/birdbusters.eu\/lv\/wp-json\/wp\/v2\/media?parent=8778"}],"wp:term":[{"taxonomy":"product_brand","embeddable":true,"href":"https:\/\/birdbusters.eu\/lv\/wp-json\/wp\/v2\/product_brand?post=8778"},{"taxonomy":"product_cat","embeddable":true,"href":"https:\/\/birdbusters.eu\/lv\/wp-json\/wp\/v2\/product_cat?post=8778"},{"taxonomy":"product_tag","embeddable":true,"href":"https:\/\/birdbusters.eu\/lv\/wp-json\/wp\/v2\/product_tag?post=8778"}],"curies":[{"name":"wp","href":"https:\/\/api.w.org\/{rel}","templated":true}]}}