{"id":8856,"date":"2021-12-05T17:18:43","date_gmt":"2021-12-05T16:18:43","guid":{"rendered":"https:\/\/birdbusters.eu\/product\/5-meter-eagle-kite\/"},"modified":"2025-10-31T11:29:52","modified_gmt":"2025-10-31T10:29:52","slug":"5-metrigs-gaisa-pukis-ergla-forma","status":"publish","type":"product","link":"https:\/\/birdbusters.eu\/lv\/produkts\/5-metrigs-gaisa-pukis-ergla-forma\/","title":{"rendered":"5-metr\u012bgs gaisa p\u016b\u0137is \u0113rg\u013ca form\u0101"},"content":{"rendered":"<p>P\u016b\u0137is \u0113rg\u013ca form\u0101 aizbaida gan s\u012bkos, gan liel\u0101kos putnus. Gaisa p\u016b\u0137is-\u0113rglis izgatavots no pietiekami iztur\u012bga materi\u0101la, visas malas ir noapa\u013cotas, lai tas iztur\u0113tu stipru v\u0113ju. T\u0101p\u0113c tas ir \u013coti piem\u0113rots, lai pasarg\u0101tu jumtus no balo\u017eiem, kaij\u0101m un v\u0101rn\u0101m.<\/p>\n<h3><strong>Apsarg\u0101jamie objekti<\/strong><strong>:<\/strong> jumti, laukumi, izg\u0101ztuves, parki, d\u0101rzi, aug\u013cu d\u0101rzi, ogul\u0101ju st\u0101d\u012bjumi.<\/h3>\n<p><strong>K\u0101 tas str\u0101d\u0101<\/strong><strong>:<\/strong> p\u016b\u0137is \u0113rg\u013ca form\u0101 uz iztur\u012bga 5 metrus augsta mieta v\u0113j\u0101 kustas, imit\u0113jot \u0113rg\u013ca grie\u0161anos virs upura.<\/p>\n<p><strong>Uzman\u012bbu<\/strong><strong>! <\/strong>Gaisa p\u016b\u0137is ir ik pa laikam j\u0101p\u0101rbauda, vai tas nav apvijies ap stabu. Lai stabs nesadal\u012btos, ir nepiecie\u0161ams izjaukt katru posmu atsevi\u0161\u0137i un pagriezt pret\u0113jos virzienos, lai nofiks\u0113tu.<\/p>\n<p>Komplekt\u0101 ietilpst stiprin\u0101jums, teleskoposkais stabs un p\u016b\u0137is ar aukli\u0146u. Lai nostiprin\u0101tu p\u016b\u0137i uz jumta konstrukcijas, nepiecie\u0161ama celtniec\u012bbas lente, siksna vai skava.<\/p>\n<p>Instrukcija ang\u013cu valod\u0101: <a href=\"https:\/\/birdbusters.eu\/wp-content\/uploads\/2019\/03\/BB-Manual-DEMO.pdf\">Bird kite manual<\/a><\/p>\n<p>NB! Pirms stipra v\u0113ja un v\u0113tras p\u016b\u0137i ieteicams no\u0146emt, lai tas netiktu saboj\u0101ts.<\/p>\n","protected":false},"excerpt":{"rendered":"<p>Kaijas un balo\u017ei pils\u0113tas vid\u0113 var k\u013c\u016bt par lielu probl\u0113mu. Ligzdu vietas un bar\u012bbas atliekas aizsprosto \u016bdens notekas uz jumtiem; putni, aizst\u0101vot savus mazu\u013cus, var k\u013c\u016bt ar\u012b b\u012bstami cilv\u0113kiem, savuk\u0101rt to rad\u012btais piem\u0113slojums kait\u0113 vesel\u012bbai un \u012bpa\u0161umiem.<\/p>\n<h4><span class=\"_d41d8cd98f00b204e9800998ecf8427e \" style=\"color: #ff0000;\">NB! Prece neiederas pakom\u0101t\u0101. K\u0101 pieg\u0101des veidu izv\u0113lieties kurjeru (Courier Standard)<\/span><\/h4>\n<h4>Ja izv\u0113laties nepareizu pieg\u0101des metodi, pas\u016bt\u012bjums j\u016bs nenon\u0101ks.<\/h4>\n","protected":false},"featured_media":13489,"template":"","meta":{"_themeisle_gutenberg_block_has_review":false},"product_brand":[],"product_cat":[61,59],"product_tag":[],"class_list":{"0":"post-8856","1":"product","2":"type-product","3":"status-publish","4":"has-post-thumbnail","6":"product_cat-putnu-atbaidisanas-lidzekli","7":"product_cat-putnu-puki","8":"product_shipping_class-kuller-pick-up-point-lv","10":"first","11":"instock","12":"sale","13":"taxable","14":"shipping-taxable","15":"purchasable","16":"product-type-simple"},"_links":{"self":[{"href":"https:\/\/birdbusters.eu\/lv\/wp-json\/wp\/v2\/product\/8856","targetHints":{"allow":["GET"]}}],"collection":[{"href":"https:\/\/birdbusters.eu\/lv\/wp-json\/wp\/v2\/product"}],"about":[{"href":"https:\/\/birdbusters.eu\/lv\/wp-json\/wp\/v2\/types\/product"}],"wp:featuredmedia":[{"embeddable":true,"href":"https:\/\/birdbusters.eu\/lv\/wp-json\/wp\/v2\/media\/13489"}],"wp:attachment":[{"href":"https:\/\/birdbusters.eu\/lv\/wp-json\/wp\/v2\/media?parent=8856"}],"wp:term":[{"taxonomy":"product_brand","embeddable":true,"href":"https:\/\/birdbusters.eu\/lv\/wp-json\/wp\/v2\/product_brand?post=8856"},{"taxonomy":"product_cat","embeddable":true,"href":"https:\/\/birdbusters.eu\/lv\/wp-json\/wp\/v2\/product_cat?post=8856"},{"taxonomy":"product_tag","embeddable":true,"href":"https:\/\/birdbusters.eu\/lv\/wp-json\/wp\/v2\/product_tag?post=8856"}],"curies":[{"name":"wp","href":"https:\/\/api.w.org\/{rel}","templated":true}]}}