{"id":8872,"date":"2021-05-13T12:09:36","date_gmt":"2021-05-13T10:09:36","guid":{"rendered":"https:\/\/birdbusters.eu\/product\/scare-man\/"},"modified":"2025-10-31T11:35:30","modified_gmt":"2025-10-31T10:35:30","slug":"biedeklis-scare-man","status":"publish","type":"product","link":"https:\/\/birdbusters.eu\/lv\/produkts\/biedeklis-scare-man\/","title":{"rendered":"Bied\u0113klis Scare Man"},"content":{"rendered":"<ul>\n<li>P\u016b\u0161ot v\u0113jam, bied\u0113klis viegli kustas, ko pavada ass ska\u0146as sign\u0101ls, turkl\u0101t tas ir t\u0101d\u0101 kr\u0101s\u0101, kas putnus atbaida. Tas viss garant\u0113, ka putni uz savva\u013cas dz\u012bvnieki neuzdro\u0161in\u0101sies tuvoties.<\/li>\n<li>Putnubied\u0113klis ir piep\u016b\u0161ams 25 sekun\u017eu laik\u0101, un tam var uzst\u0101d\u012bt darba ciklu \u2013 par\u0101d\u012b\u0161anos ik p\u0113c noteikta laika vai ar\u012b nejau\u0161i izv\u0113l\u0113t\u0101 br\u012bd\u012b.<\/li>\n<li>Izdod sp\u0113c\u012bgu ska\u0146u<\/li>\n<li>Oran\u017e\u0101 kr\u0101sa efekt\u012bvi atbaida<\/li>\n<li>Korpuss ir iztur\u012bgs; ja rodas neliels caurums, to var aizl\u0113m\u0113t ar parastu l\u012bmlenti.<\/li>\n<li>Bied\u0113k\u013ca augstums 169 cm<\/li>\n<li>Ir akumulatora uzl\u0101des indikators<\/li>\n<li>Darbojas ar 12 voltu akumulatoru<\/li>\n<li>Akumulators nav iek\u013cauts komplekt\u0101<\/li>\n<\/ul>\n<h3><strong>Izmanto\u0161ana<\/strong>:<\/h3>\n<ul>\n<li>\n<h3>d\u0101rze\u0146u un ogul\u0101ju st\u0101d\u012bjumos atkl\u0101t\u0101s plat\u012bb\u0101s<\/h3>\n<\/li>\n<li>\n<h3>aug\u013cu un ogu kult\u016bru st\u0101daudz\u0113tav\u0101s<\/h3>\n<\/li>\n<li>\n<h3>lauksaimniec\u012bbas kult\u016bru s\u0113jumos<\/h3>\n<\/li>\n<li>\n<h3>aug\u013cu d\u0101rzos<\/h3>\n<\/li>\n<li>\n<h3>pie zivju d\u012b\u0137iem<\/h3>\n<\/li>\n<li>\n<h3>lidost\u0101s<\/h3>\n<\/li>\n<\/ul>\n<h3><strong>Efekt\u012bvi<\/strong> darbojas pret balo\u017eiem, zos\u012bm, v\u0101rn\u0101m, kaij\u0101m, strazdiem, za\u0137iem un stirn\u0101m<\/h3>\n<p><strong>Ieteikumi lietot\u0101jiem<\/strong><strong>:<br \/>\n<\/strong>Bied\u0113klim j\u0101atrodas augst\u0101k par augu kult\u016bru.<\/p>\n<p>Regul\u0101ri mainiet novietojumu un bied\u0113k\u013ca par\u0101d\u012b\u0161an\u0101s interv\u0101lu.<\/p>\n<p>Lai ieg\u016btu ide\u0101lu rezult\u0101tu, ieteicams izmantot kop\u0101 ar citiem atbaid\u012b\u0161anas l\u012bdzek\u013ciem.<\/p>\n<p><strong>Tehniskie parametri<\/strong><strong>:<br \/>\n<\/strong>Darb\u012bbas diapazons: no 1 l\u012bdz 2 ha<br \/>\nUzst\u0101d\u012b\u0161anas laiks: 3 min\u016btes<br \/>\nAtbaid\u012b\u0161ana ar kust\u012bbu un sir\u0113nu<br \/>\nIzm\u0113ri: 169 \u0445 37 \u0445 32,5 cm<br \/>\nSvars: 5,5 kg<br \/>\nMateri\u0101ls: plastmasa un elektronika<br \/>\nIepakojuma izm\u0113rs: 44 \u0445 39 \u0445 34 cm<\/p>\n","protected":false},"excerpt":{"rendered":"<p>Bied\u0113klis Scare Man &#8211; unik\u0101ls putnu atbaid\u012bt\u0101js ar elektronisku vad\u012bbu!<\/p>\n<p>\u0160is m\u016bsdien\u012bgais piep\u016b\u0161amais putnubied\u0113klis cilv\u0113ka augum\u0101 ar savu negaid\u012bto par\u0101d\u012b\u0161anos nobied\u0113s putnus un savva\u013cas dz\u012bvniekus, un tie netuvosies j\u016bsu teritorijai.<\/p>\n<p>https:\/\/www.youtube.com\/watch?v=_nNeq3NaCdg<\/p>\n","protected":false},"featured_media":8873,"template":"","meta":{"_themeisle_gutenberg_block_has_review":false},"product_brand":[],"product_cat":[187,48],"product_tag":[],"class_list":{"0":"post-8872","1":"product","2":"type-product","3":"status-publish","4":"has-post-thumbnail","6":"product_cat-kurmju-atbaiditajs-un-dzivnieku-atbaiditajs-dabigs-risinajums-darzam-un-zalienam","7":"product_cat-putnu-atvairisanas-lidzekli","9":"first","10":"onbackorder","11":"taxable","12":"shipping-taxable","13":"purchasable","14":"product-type-simple"},"_links":{"self":[{"href":"https:\/\/birdbusters.eu\/lv\/wp-json\/wp\/v2\/product\/8872","targetHints":{"allow":["GET"]}}],"collection":[{"href":"https:\/\/birdbusters.eu\/lv\/wp-json\/wp\/v2\/product"}],"about":[{"href":"https:\/\/birdbusters.eu\/lv\/wp-json\/wp\/v2\/types\/product"}],"wp:featuredmedia":[{"embeddable":true,"href":"https:\/\/birdbusters.eu\/lv\/wp-json\/wp\/v2\/media\/8873"}],"wp:attachment":[{"href":"https:\/\/birdbusters.eu\/lv\/wp-json\/wp\/v2\/media?parent=8872"}],"wp:term":[{"taxonomy":"product_brand","embeddable":true,"href":"https:\/\/birdbusters.eu\/lv\/wp-json\/wp\/v2\/product_brand?post=8872"},{"taxonomy":"product_cat","embeddable":true,"href":"https:\/\/birdbusters.eu\/lv\/wp-json\/wp\/v2\/product_cat?post=8872"},{"taxonomy":"product_tag","embeddable":true,"href":"https:\/\/birdbusters.eu\/lv\/wp-json\/wp\/v2\/product_tag?post=8872"}],"curies":[{"name":"wp","href":"https:\/\/api.w.org\/{rel}","templated":true}]}}