{"id":8886,"date":"2021-12-05T17:02:48","date_gmt":"2021-12-05T16:02:48","guid":{"rendered":"https:\/\/birdbusters.eu\/product\/audio-bird-repellent-with-motion-sensor\/"},"modified":"2026-03-14T07:55:05","modified_gmt":"2026-03-14T06:55:05","slug":"putnu-atbaiditajs-ar-skanas-signalu","status":"publish","type":"product","link":"https:\/\/birdbusters.eu\/lv\/produkts\/putnu-atbaiditajs-ar-skanas-signalu\/","title":{"rendered":"Putnu atbaid\u012bt\u0101js ar ska\u0146as sign\u0101lu, ar kust\u012bbu sensoru"},"content":{"rendered":"<p><strong>Putnu atbaid\u012bt\u0101js ar ska\u0146as sign\u0101lu<\/strong> atbaida nev\u0113lamus putnus, raidot pl\u0113s\u012bgu putnu balsis. AUTO re\u017e\u012bms dod iesp\u0113ju pasarg\u0101t l\u012bdz 4000 m<sup>2<\/sup> lielu teritoriju. Lai iesl\u0113gtu kust\u012bbu sensoru, iestatiet ier\u012bci PIR re\u017e\u012bm\u0101. PIR sensors saj\u016bt kust\u012bbu no 9 m att\u0101luma, 130 gr\u0101du le\u0146\u0137\u012b un iedarbina jaud\u012bgu ska\u0146as sign\u0101lu, kas atdarina vanaga, piek\u016bna, \u0113rg\u013ca un p\u016bces balsis. Lai pasarg\u0101tu l\u012bdz 4000 m2 teritoriju autom\u0101tiskaj\u0101 re\u017e\u012bm\u0101, iestatiet laika interv\u0101lu no 5 l\u012bdz 30 min\u016bt\u0113m, tad ier\u012bce autom\u0101tiski attiec\u012bgajos laika periodos raid\u012bs pl\u0113s\u012bgu putnu balsis.<\/p>\n<p>Nakt\u012b, kad putni nav akt\u012bvi, ieb\u016bv\u0113tais fotoradars aptur ier\u012bces darb\u012bbu.<\/p>\n<h3><strong>Putni, uz kuriem ier\u012bce iedarbojas<\/strong><strong>: <\/strong>dze\u0146i, zvirbu\u013ci, strazdi, balo\u017ei, v\u0101rnas un citi kait\u012bgie putni<\/h3>\n<h3><strong>Apsarg\u0101jamie objekti<\/strong><strong>:<\/strong> lauku m\u0101jas, pagalmi, aug\u013cu d\u0101rzi, terases un citi objekti.<\/h3>\n<p><strong>Funkcijas<\/strong>:<br \/>\nVienk\u0101r\u0161i lietojams un uzst\u0101d\u0101ms<\/p>\n<p>PIR re\u017e\u012bms dod iesp\u0113ju aizsarg\u0101t maz\u0101ku teritoriju.<\/p>\n<p>AUTO re\u017e\u012bms ar 5-30 min\u016b\u0161u interv\u0101liem paredz\u0113ts liel\u0101kas teritorijas aizsardz\u012bbai.<\/p>\n<p>Ieb\u016bv\u0113tais fotoradars dod iesp\u0113ju izmantot ier\u012bci tikai gai\u0161aj\u0101 dienas laik\u0101.<\/p>\n<p>Pl\u0113s\u012bgo putnu, piem\u0113ram, vanagu, \u0113rg\u013cu, piek\u016bnu un p\u016b\u010du balsis sp\u0113j atbaid\u012bt ar\u012b peles un \u017eurkas.<\/p>\n<p>Ieb\u016bv\u0113ta ska\u013cuma regul\u0113\u0161anas poga.<\/p>\n<p>Digit\u0101li uzlabotas dab\u012bg\u0101s pl\u0113s\u012bgo putnu balsis<\/p>\n<p><strong>Specifik\u0101cija<\/strong>:<br \/>\nBaro\u0161ana: mai\u0146str\u0101vas adapteris ar 12 V l\u012bdzstr\u0101vas izeju, 400 m\u0410<br \/>\nSka\u0146u sign\u0101li: digit\u0101li uzlabotas \u0113rg\u013ca, vanaga, piek\u016bna un p\u016bces balsis<br \/>\nApsarg\u0101jam\u0101 plat\u012bba: AUTO MODE re\u017e\u012bm\u0101 (kad ska\u0146a noregul\u0113ta uz pilnu jaudu): l\u012bdz 4000 m2<\/p>\n<p>PIR re\u017e\u012bm\u0101: 130 gr\u0101du le\u0146\u0137\u012b 9 metru att\u0101lum\u0101<\/p>\n<p>Ra\u017eots Taiv\u0101n\u0101<\/p>\n","protected":false},"excerpt":{"rendered":"<p><strong>Putnu atbaid\u012bt\u0101js ar ska\u0146as sign\u0101lu, ar kust\u012bbu sensoru<\/strong> LS-2001 atbaida dze\u0146us, zvirbu\u013cus, strazdus, balo\u017eus un v\u0101rnas no j\u016bsu m\u0101j\u0101m, d\u0101rziem, pagalmiem un teras\u0113m.<\/p>\n","protected":false},"featured_media":8887,"template":"","meta":{"_themeisle_gutenberg_block_has_review":false},"product_brand":[],"product_cat":[60],"product_tag":[],"class_list":{"0":"post-8886","1":"product","2":"type-product","3":"status-publish","4":"has-post-thumbnail","6":"product_cat-putnu-atvairitaji-ar-skanu","8":"first","9":"instock","10":"taxable","11":"shipping-taxable","12":"purchasable","13":"product-type-simple"},"_links":{"self":[{"href":"https:\/\/birdbusters.eu\/lv\/wp-json\/wp\/v2\/product\/8886","targetHints":{"allow":["GET"]}}],"collection":[{"href":"https:\/\/birdbusters.eu\/lv\/wp-json\/wp\/v2\/product"}],"about":[{"href":"https:\/\/birdbusters.eu\/lv\/wp-json\/wp\/v2\/types\/product"}],"wp:featuredmedia":[{"embeddable":true,"href":"https:\/\/birdbusters.eu\/lv\/wp-json\/wp\/v2\/media\/8887"}],"wp:attachment":[{"href":"https:\/\/birdbusters.eu\/lv\/wp-json\/wp\/v2\/media?parent=8886"}],"wp:term":[{"taxonomy":"product_brand","embeddable":true,"href":"https:\/\/birdbusters.eu\/lv\/wp-json\/wp\/v2\/product_brand?post=8886"},{"taxonomy":"product_cat","embeddable":true,"href":"https:\/\/birdbusters.eu\/lv\/wp-json\/wp\/v2\/product_cat?post=8886"},{"taxonomy":"product_tag","embeddable":true,"href":"https:\/\/birdbusters.eu\/lv\/wp-json\/wp\/v2\/product_tag?post=8886"}],"curies":[{"name":"wp","href":"https:\/\/api.w.org\/{rel}","templated":true}]}}