{"id":8895,"date":"2021-12-05T16:23:54","date_gmt":"2021-12-05T15:23:54","guid":{"rendered":"https:\/\/birdbusters.eu\/product\/bird-repellent-with-motion-sensor-activated-ultrasound-and-lights\/"},"modified":"2025-10-31T11:30:24","modified_gmt":"2025-10-31T10:30:24","slug":"putnu-atbaiditajs-ar-ultraskanu-un-kustibu-sensoru","status":"publish","type":"product","link":"https:\/\/birdbusters.eu\/lv\/produkts\/putnu-atbaiditajs-ar-ultraskanu-un-kustibu-sensoru\/","title":{"rendered":"Putnu atbaid\u012bt\u0101js ar ultraska\u0146u un kust\u012bbu sensoru"},"content":{"rendered":"<p>Putnu atbaid\u012bt\u0101js apr\u012bkots ar sare\u017e\u0123\u012btu kust\u012bbu sensoru (PIR <em>passive infra red<\/em>), lai nov\u0113rotu 3D v\u0113dek\u013cveida apgabalu 70 gr\u0101du le\u0146\u0137\u012b 12 metru att\u0101lum\u0101, kas ir ekvivalents 85 kvadr\u0101tmetriem br\u012bvas telpas. Ier\u012bce iedarbojas, ja tiek nov\u0113rots putnu uzbrukums zonai. Ar da\u017e\u0101das frekvences ska\u0146u pal\u012bdz\u012bbu un spilgtas gaismas sign\u0101liem nev\u0113lamie putni tiek aizbaid\u012bti no apsarg\u0101jam\u0101s teritorijas.<\/p>\n<h3><strong>Putni, uz kuriem ier\u012bce iedarbojas<\/strong><strong>:<\/strong><\/h3>\n<h3>dze\u0146i<br \/>\nbalo\u017ei<br \/>\nstrazdi<br \/>\nzvirbu\u013ci<br \/>\nme\u017eastrazdi<br \/>\nv\u0101rnas<br \/>\nciti kait\u012bgie putni<\/h3>\n<h3><strong>Funkcijas<\/strong><\/h3>\n<p>Efekt\u012bvs un nekait\u012bgs<\/p>\n<p>Apr\u012bkots ar testa pogu<\/p>\n<p>Iztur\u012bgs pret laikapst\u0101k\u013ciem un nav vajadz\u012bga apkalpo\u0161ana<\/p>\n<p>Viegli uzst\u0101d\u0101ms pie sien\u0101m, stabiem, kokos u.c.<\/p>\n<p>Nekait\u012bgs cilv\u0113kiem un putniem<\/p>\n<p>Baro\u0161ana: 2 x 9\u0412 baterijas; mai\u0146str\u0101vas adapteris<strong> (<\/strong><strong>baterijas un adapteris nav iek\u013cauti komplekt\u0101<\/strong><strong>).<\/strong><\/p>\n<p>Apsarg\u0101jam\u0101 plat\u012bba ir l\u012bdz 85 kvadr\u0101tmetriem, nav novietojuma ierobe\u017eojumu.<\/p>\n<p>PIR sensors identific\u0113 kust\u012bbu un iedarbina ultraska\u0146u un mirgojo\u0161u gaismas diodi.<\/p>\n<p>&nbsp;<\/p>\n<p>&nbsp;<\/p>\n<h3><strong>Apsarg\u0101jamie objekti<\/strong><\/h3>\n<h3>D\u0101rzi<\/h3>\n<h3>Pagalmi<\/h3>\n<h3>Zivju d\u012b\u0137i<\/h3>\n<h3>Citi objekti, kur nav v\u0113lama putnu kl\u0101tb\u016btne<\/h3>\n<h3><\/h3>\n<p><strong>Parametri<\/strong><strong>:<br \/>\n<\/strong><br \/>\nIzm\u0113rs: 110 x 100 x 95 mm<\/p>\n<p>Svars: 255 g<\/p>\n<p>baro\u0161ana: 9\u0412 (2 x 9V s\u0101rma baterijas)<\/p>\n<p>Mai\u0146str\u0101vas adapteris (nav iek\u013cauts komplekt\u0101) 220-240 V mai\u0146str\u0101vai<\/p>\n<p>100-120 V mai\u0146str\u0101va, izvads: 12 V l\u012bdzstr\u0101va 200\u043c\u0410<\/p>\n<p>Baro\u0161ana: rezerves str\u0101va: 0,16 m\u0410<\/p>\n<p>Frekven\u010du diapazons: no 17 000 Hz l\u012bdz 24 000 Hz<\/p>\n<p>(nejau\u0161i izv\u0113l\u0113tas un main\u012bgas)<\/p>\n<p>Apsarg\u0101jam\u0101 plat\u012bba: l\u012bdz 85 kvadr\u0101tmetriem,<\/p>\n<p>V\u0113dek\u013cveid\u012bg\u0101 plat\u012bba 70\u00b0 (horizont\u0101l\u0101), 9\u00b0 (vertik\u0101l\u0101) 12 metru att\u0101lum\u0101<\/p>\n<p>Mirgojo\u0161\u0101s lampi\u0146as kalpo\u0161anas ilgums l\u012bdz 100 000 stund\u0101m<\/p>\n<p>Ra\u017eots Taiv\u0101n\u0101<\/p>\n","protected":false},"excerpt":{"rendered":"<h3>Elektroniskais putnu atbaid\u012bt\u0101js: kust\u012bbu sensors + ultraska\u0146a + mirgojo\u0161a gaisma.<\/h3>\n<p>Efekt\u012bvi aizsarg\u0101 j\u016bsu teritoriju no strazdiem, balo\u017eiem, zvirbu\u013ciem, v\u0101rn\u0101m un citiem kait\u012bgiem putniem!<\/p>\n","protected":false},"featured_media":8896,"template":"","meta":{"_themeisle_gutenberg_block_has_review":false},"product_brand":[],"product_cat":[60],"product_tag":[],"class_list":{"0":"post-8895","1":"product","2":"type-product","3":"status-publish","4":"has-post-thumbnail","6":"product_cat-putnu-atvairitaji-ar-skanu","8":"first","9":"instock","10":"taxable","11":"shipping-taxable","12":"purchasable","13":"product-type-simple"},"_links":{"self":[{"href":"https:\/\/birdbusters.eu\/lv\/wp-json\/wp\/v2\/product\/8895","targetHints":{"allow":["GET"]}}],"collection":[{"href":"https:\/\/birdbusters.eu\/lv\/wp-json\/wp\/v2\/product"}],"about":[{"href":"https:\/\/birdbusters.eu\/lv\/wp-json\/wp\/v2\/types\/product"}],"wp:featuredmedia":[{"embeddable":true,"href":"https:\/\/birdbusters.eu\/lv\/wp-json\/wp\/v2\/media\/8896"}],"wp:attachment":[{"href":"https:\/\/birdbusters.eu\/lv\/wp-json\/wp\/v2\/media?parent=8895"}],"wp:term":[{"taxonomy":"product_brand","embeddable":true,"href":"https:\/\/birdbusters.eu\/lv\/wp-json\/wp\/v2\/product_brand?post=8895"},{"taxonomy":"product_cat","embeddable":true,"href":"https:\/\/birdbusters.eu\/lv\/wp-json\/wp\/v2\/product_cat?post=8895"},{"taxonomy":"product_tag","embeddable":true,"href":"https:\/\/birdbusters.eu\/lv\/wp-json\/wp\/v2\/product_tag?post=8895"}],"curies":[{"name":"wp","href":"https:\/\/api.w.org\/{rel}","templated":true}]}}