{"id":9550,"date":"2023-01-18T15:21:47","date_gmt":"2023-01-18T14:21:47","guid":{"rendered":"https:\/\/birdbusters.eu\/?post_type=product&#038;p=9550"},"modified":"2025-12-05T12:26:53","modified_gmt":"2025-12-05T11:26:53","slug":"dzenu-maneklis","status":"publish","type":"product","link":"https:\/\/birdbusters.eu\/lv\/produkts\/dzenu-maneklis\/","title":{"rendered":"Dze\u0146u m\u0101neklis"},"content":{"rendered":"<h2 class=\"text-xl font-bold text-text-100 mt-1 -mb-0.5\">Dzenis Atbaid\u012bt\u0101js<\/h2>\n<p class=\"whitespace-normal break-words\">Dze\u0146a m\u0101neklis, m\u016bsu efekt\u012bvais dze\u0146a atbaid\u012bt\u0101js, tur \u012bstos dze\u0146us pa gabalu un aizsarg\u0101 j\u016bsu m\u0101ju no vi\u0146u kait\u012bgaj\u0101m darb\u012bb\u0101m. \u0160is dz\u012bv\u012bbai l\u012bdz\u012bgais m\u0101neklis atg\u0101dina \u012bstu dzeni un ir neaizst\u0101jams instruments j\u016bsu putnu kontroles arsen\u0101l\u0101. Piestiprin\u0101ts pie atsperes, m\u0101neklis dab\u012bgi kust\u0101s ar v\u0113ju, radot p\u0101rliecino\u0161u dz\u012bva putna il\u016bziju.<\/p>\n<p class=\"whitespace-normal break-words\">M\u0101neklin ir iztur\u012bga pamatne, kas viegli uzst\u0101d\u0101ma uz jebkuras sienas. T\u0101 autentiskais izskats izmanto dze\u0146u teritori\u0101lo dabu. Kad \u012bstais putns redz m\u0101nekli, tas instinkt\u012bvi uzskata, ka teritorija jau ir ie\u0146emta, un p\u0101riet uz jaunu apgabalu.<\/p>\n<p class=\"whitespace-normal break-words\">Izstr\u0101d\u0101ts ilgsto\u0161ai lieto\u0161anai \u0101rpus telp\u0101m, \u0161is dze\u0146a atbaid\u012bt\u0101js ir laika apst\u0101k\u013ciem iztur\u012bgs un saglab\u0101 savu integrit\u0101ti visos gadalaikos. \u0160is vienk\u0101r\u0161ais, bet efekt\u012bvais risin\u0101jums aizsarg\u0101 j\u016bsu koka konstrukcijas no dze\u0146u neatlaid\u012bg\u0101s klauv\u0113\u0161anas.<\/p>\n<p class=\"whitespace-normal break-words\">Fig\u016bras augstums ir 46 cm.<\/p>\n<h2 class=\"text-xl font-bold text-text-100 mt-1 -mb-0.5\">Saglab\u0101jiet savas m\u0101jas integrit\u0101ti un est\u0113tiku ar dze\u0146a atbaid\u012bt\u0101ju<\/h2>\n<p class=\"whitespace-normal break-words\">Dze\u0146u atbaid\u012b\u0161ana ir svar\u012bga, lai saglab\u0101tu j\u016bsu m\u0101jas integrit\u0101ti un est\u0113tiku. \u0160ie putni ir dabiski noslieces urbties kok\u0101 vair\u0101ku iemeslu d\u0113\u013c.<\/p>\n<p class=\"whitespace-normal break-words\">Dze\u0146i galvenok\u0101rt urbjas kok\u0101, lai mekl\u0113tu kukai\u0146us. Vi\u0146i ir prasm\u012bgi atkl\u0101t k\u013c\u016bdu kl\u0101tb\u016btni zem koka konstrukciju virsmas, ko vi\u0146i izklauv\u0113, lai piek\u013c\u016btu n\u0101kamajam \u0113dienam. \u0160\u012b uzved\u012bba var izrais\u012bt pla\u0161us boj\u0101jumus koka apdares d\u0113\u013ciem, l\u012bst\u0113m un jumta p\u0101rkares mal\u0101m, kad putni rada daudzus caurumus mekl\u0113jot p\u0101rtiku. Laika gait\u0101 \u0161ie caurumi var apdraud\u0113t koka struktur\u0101lo integrit\u0101ti.<\/p>\n<p class=\"whitespace-normal break-words\">V\u0113l viens iemesls, k\u0101p\u0113c dze\u0146i m\u0113r\u0137\u0113 uz m\u0101j\u0101m, ir ligzdo\u0161anas un nak\u0161\u0146o\u0161anas nol\u016bki. Vi\u0146i rada dobumu kok\u0101, lai b\u016bv\u0113tu savas ligzdas vai atrastu patv\u0113rumu, \u012bpa\u0161i vairo\u0161an\u0101s sezon\u0101. \u0160ie dobie var b\u016bt lieli un dzi\u013ci.<\/p>\n<p class=\"whitespace-normal break-words\">Dze\u0146i ar\u012b izmanto savu bungu uzved\u012bbu, lai atz\u012bm\u0113tu teritoriju un sazin\u0101tos ar citiem dze\u0146iem. Tas ietver \u0101tru klauv\u0113\u0161anu uz rezon\u0113jo\u0161\u0101m virsm\u0101m, lai rad\u012btu ska\u013cu ska\u0146u. Lai gan \u0161\u012b uzved\u012bba maz\u0101k attiecas uz \u0113diena vai patv\u0113ruma mekl\u0113\u0161anu, t\u0101 joproj\u0101m boj\u0101 j\u016bsu m\u0101ju.<\/p>\n<h2 class=\"text-xl font-bold text-text-100 mt-1 -mb-0.5\">Bie\u017ei Uzdotie Jaut\u0101jumi<\/h2>\n<h3 class=\"text-lg font-bold text-text-100 mt-1 -mb-1.5\">K\u0101 es zinu, vai man ir dze\u0146u probl\u0113ma?<\/h3>\n<p class=\"whitespace-normal break-words\">Dze\u0146u probl\u0113mas paz\u012bmes ietver past\u0101v\u012bgu bungu ska\u0146u dzird\u0113\u0161anu, caurumu atra\u0161anu koka konstrukcij\u0101s, dze\u0146u bie\u017eu paman\u012b\u0161anu ap j\u016bsu \u012bpa\u0161umu un koka skaidu vai atkritumo paman\u012b\u0161anu net\u0101lu no urbtu vietu. Ja j\u016bs nov\u0113rojat \u0161\u012bs paz\u012bmes, dze\u0146i, visticam\u0101k, ir akt\u012bvi j\u016bsu \u012bpa\u0161um\u0101.<\/p>\n<h3 class=\"text-lg font-bold text-text-100 mt-1 -mb-1.5\">K\u0101da veida boj\u0101jumus dze\u0146i var izrais\u012bt manai m\u0101jai?<\/h3>\n<p class=\"whitespace-normal break-words\">Dze\u0146i var izrais\u012bt iev\u0113rojamus boj\u0101jumus, urbdami caurumus koka apdares d\u0113\u013cos, l\u012bst\u0113s, jumta p\u0101rkares mal\u0101s un cit\u0101s koka konstrukcij\u0101s. Tas var novest pie struktur\u0101l\u0101s v\u0101jin\u0101\u0161an\u0101s, \u016bdens boj\u0101jumiem un kukai\u0146u iebrukumiem.<\/p>\n<h3 class=\"text-lg font-bold text-text-100 mt-1 -mb-1.5\">K\u0101p\u0113c dze\u0146i urb manu m\u0101ju?<\/h3>\n<p class=\"whitespace-normal break-words\">Dze\u0146i urb m\u0101jas galvenok\u0101rt, lai mekl\u0113tu kukai\u0146us, kas sl\u0113pjas kok\u0101, rad\u012btu ligzdo\u0161anas vai nak\u0161\u0146o\u0161anas vietas vai sazin\u0101tos un atz\u012bm\u0113tu savu teritoriju. Vi\u0146u bungu ska\u0146a ir ar\u012b veids, k\u0101 piesaist\u012bt partnerus. Ja vi\u0146i atrod piem\u0113rotu vietu j\u016bsu m\u0101j\u0101, vi\u0146i var izrais\u012bt iev\u0113rojamus boj\u0101jumus laika gait\u0101.<\/p>\n<h3 class=\"text-lg font-bold text-text-100 mt-1 -mb-1.5\">Vai \u0161is dze\u0146a m\u0101neklis patie\u0161\u0101m darbojas?<\/h3>\n<p class=\"whitespace-normal break-words\">J\u0101, dze\u0146a m\u0101neklis var b\u016bt efekt\u012bvs, jo dze\u0146i ir teritori\u0101li un izvair\u0101s no apgabaliem, kas \u0161\u0137iet esam ie\u0146emti citi dze\u0146i. M\u0101neklis, kas atdarina dze\u0146a izskatu, var maldin\u0101t putnus dom\u0101t, ka teritorija jau ir pras\u012bta.<\/p>\n<h3 class=\"text-lg font-bold text-text-100 mt-1 -mb-1.5\">Vai dze\u0146i var saboj\u0101t citas manas \u012bpa\u0161uma da\u013cas bez koka konstrukcij\u0101m?<\/h3>\n<p class=\"whitespace-normal break-words\">Lai gan dze\u0146i galvenok\u0101rt m\u0113r\u0137\u0113 uz koka konstrukcij\u0101m, vi\u0146i var ar\u012b saboj\u0101t citas j\u016bsu \u012bpa\u0161uma da\u013cas, piem\u0113ram, apmetumu, met\u0101lu un sint\u0113tisko apdari, ja vi\u0146i bungo, lai atz\u012bm\u0113tu teritoriju. Vi\u0146i var ar\u012b saboj\u0101t kokus, urbdami tajos, lai atrastu kukai\u0146us vai rad\u012btu ligzdo\u0161anas vietas.<\/p>\n<h3 class=\"text-lg font-bold text-text-100 mt-1 -mb-1.5\">Vai ir konkr\u0113ti laiki gad\u0101, kad dze\u0146u aktivit\u0101te ir augst\u0101ka?<\/h3>\n<p class=\"whitespace-normal break-words\">Dze\u0146u aktivit\u0101te parasti ir augst\u0101ka pavasar\u012b un ruden\u012b. Pavasar\u012b dze\u0146i mekl\u0113 partnerus un ligzdo\u0161anas vietas, kas noved pie palielin\u0101tas bungu un urb\u0161anas. Rudens aktivit\u0101te var palielin\u0101ties, kad vi\u0146i gatavojas ziemai un izveido teritorijas.<\/p>\n<h3 class=\"text-lg font-bold text-text-100 mt-1 -mb-1.5\">Vai man vajadz\u0113tu izmantot vair\u0101kus dze\u0146u atbaid\u012bt\u0101jus vienlaic\u012bgi?<\/h3>\n<p class=\"whitespace-normal break-words\">J\u0101, vair\u0101ku dze\u0146u atbaid\u012bt\u0101ju izmanto\u0161ana vienlaic\u012bgi var b\u016bt \u013coti efekt\u012bva. Dze\u0146a m\u0101nek\u013ca kombin\u0113\u0161ana ar atstarojo\u0161u lentu padar\u012bs \u012bpa\u0161umu maz\u0101k pievilc\u012bgu dze\u0146iem.<\/p>\n","protected":false},"excerpt":{"rendered":"<p>Dzenis, kas kn\u0101b\u0101 m\u0101ju un jumtu, var izrais\u012bt re\u0101lu probl\u0113mu. T\u0101 k\u0101 vi\u0146am nepat\u012bk atrasties cita dze\u0146a tuvum\u0101, re\u0101la izskata dze\u0146a fig\u016bras novieto\u0161ana uz sienas, jumta, gaisa k\u0101rbas un citiem priek\u0161metiem, ko \u0161iem putniem pat\u012bk kn\u0101b\u0101t, atbaida \u012bstos dze\u0146us.<\/p>\n<p>&nbsp;<\/p>\n","protected":false},"featured_media":9571,"template":"","meta":{"_themeisle_gutenberg_block_has_review":false,"rank_math_focus_keyword":"","rank_math_title":"","rank_math_description":"","rank_math_canonical_url":"","rank_math_facebook_title":"","rank_math_facebook_description":"","rank_math_facebook_image":"","rank_math_twitter_title":"","rank_math_twitter_description":"","rank_math_twitter_image":"","rank_math_schema_FAQPage":[]},"product_brand":[],"product_cat":[61,58],"product_tag":[],"class_list":{"0":"post-9550","1":"product","2":"type-product","3":"status-publish","4":"has-post-thumbnail","6":"product_cat-putnu-atbaidisanas-lidzekli","7":"product_cat-putnu-vizualie-atbaiditaji","9":"first","10":"instock","11":"taxable","12":"shipping-taxable","13":"purchasable","14":"product-type-simple"},"_links":{"self":[{"href":"https:\/\/birdbusters.eu\/lv\/wp-json\/wp\/v2\/product\/9550","targetHints":{"allow":["GET"]}}],"collection":[{"href":"https:\/\/birdbusters.eu\/lv\/wp-json\/wp\/v2\/product"}],"about":[{"href":"https:\/\/birdbusters.eu\/lv\/wp-json\/wp\/v2\/types\/product"}],"wp:featuredmedia":[{"embeddable":true,"href":"https:\/\/birdbusters.eu\/lv\/wp-json\/wp\/v2\/media\/9571"}],"wp:attachment":[{"href":"https:\/\/birdbusters.eu\/lv\/wp-json\/wp\/v2\/media?parent=9550"}],"wp:term":[{"taxonomy":"product_brand","embeddable":true,"href":"https:\/\/birdbusters.eu\/lv\/wp-json\/wp\/v2\/product_brand?post=9550"},{"taxonomy":"product_cat","embeddable":true,"href":"https:\/\/birdbusters.eu\/lv\/wp-json\/wp\/v2\/product_cat?post=9550"},{"taxonomy":"product_tag","embeddable":true,"href":"https:\/\/birdbusters.eu\/lv\/wp-json\/wp\/v2\/product_tag?post=9550"}],"curies":[{"name":"wp","href":"https:\/\/api.w.org\/{rel}","templated":true}]}}