{"id":11166,"date":"2023-08-24T14:18:45","date_gmt":"2023-08-24T12:18:45","guid":{"rendered":"https:\/\/birdbusters.eu\/om-bird-busters\/"},"modified":"2023-09-21T11:50:02","modified_gmt":"2023-09-21T09:50:02","slug":"om-bird-busters","status":"publish","type":"page","link":"https:\/\/birdbusters.eu\/sv\/om-bird-busters\/","title":{"rendered":"Om oss"},"content":{"rendered":"<h1><span style=\"font-size: 14pt;\">Om Bird Busters<\/span><\/h1>\n<p>Det b\u00e4sta s\u00e4ttet att h\u00e5lla f\u00e5glar borta fr\u00e5n din egendom \u00e4r att anv\u00e4nda f\u00e5gelkontrollsystem. P\u00e5 Bird Busters erbjuder vi ett brett utbud av f\u00e5gelavskr\u00e4ckande produkter och l\u00f6sningar f\u00f6r effektiv kontroll av f\u00e5glar.<\/p>\n<p>Det finns m\u00e5nga s\u00e4tt att skr\u00e4mma bort st\u00f6rande f\u00e5glar och varje metod har sina egna f\u00f6r- och nackdelar. Det kan d\u00e4rf\u00f6r ibland vara n\u00f6dv\u00e4ndigt att kombinera tv\u00e5 eller flera avskr\u00e4ckande \u00e5tg\u00e4rder f\u00f6r att s\u00e4kerst\u00e4lla b\u00e4sta m\u00f6jliga resultat.<\/p>\n<p>Du kan hitta r\u00e5d om hur man f\u00e5r bort olika f\u00e5gelarter i v\u00e5r <a href=\"https:\/\/birdbusters.eu\/bird-control-blog\/\">f\u00e5gelkontrollblogg<\/a>. V\u00e5ra specialister p\u00e5 f\u00e5gelkontroll diskuterar ocks\u00e5 vilka l\u00f6sningar som \u00e4r mest effektiva i en given situation och hur man effektivt kombinerar metoder f\u00f6r f\u00e5gelkontroll.<\/p>\n<p>Man beh\u00f6ver inte anv\u00e4nda v\u00e5ld f\u00f6r att f\u00e5 bort st\u00f6rande f\u00e5glar. De redskap och metoder som vi f\u00f6resl\u00e5r \u00e4r alla i enlighet med principerna om djurens v\u00e4lbefinnande och st\u00f6der f\u00e5glarnas och andra djurs v\u00e4lbefinnande.<\/p>\n<h3>V\u00e5r historia<\/h3>\n<p style=\"text-align: justify;\">Det hela b\u00f6rjade p\u00e5 en g\u00e5rd i norra Estland, d\u00e4r det en g\u00e5ng uppt\u00e4cktes att vargar attackerade f\u00e5r systematiskt. Vi f\u00f6rs\u00f6kte m\u00e5nga olika s\u00e4tt att skr\u00e4mma bort dessa vilda djur men de fortsatte \u00e4nd\u00e5 att komma tillbaka.<\/p>\n<p style=\"text-align: justify;\">Det hj\u00e4lpte inte heller att det var sommar, s\u00e5 vargvalparna hade vuxit tillr\u00e4ckligt stora f\u00f6r att l\u00e4ra sig jaga. Tyv\u00e4rr verkade v\u00e5r f\u00e5rflock vara perfekt f\u00f6r deras tr\u00e4ning. Vi beh\u00f6ver inte n\u00e4mna att synen p\u00e5 betesmarken p\u00e5 f\u00f6rmiddagarna var obeskrivligt hemsk. Det finns ett statligt st\u00f6d i Estland att s\u00f6ka f\u00f6r s\u00e5dana h\u00e4r fall, men det r\u00e4cker inte f\u00f6r att skaffa ny f\u00e5rflock. Dessutom, l\u00e5ng tidskr\u00e4vande byr\u00e5krati naturligtvis.<\/p>\n<p style=\"text-align: left;\">S\u00e5 vi var tvungna att ta fram en ny plan, n\u00e5got som verkligen skulle fungera. Vi b\u00f6rjade leta efter effektiva s\u00e4tt att skr\u00e4mma vargar. En l\u00f6sning som f\u00e5ngade v\u00e5r uppm\u00e4rksamhet var gaskanon. Vi fick snabbt reda p\u00e5 att ingen s\u00e5lde n\u00e5gon i Estland och genom olika kontakter hamnade vi i Litauen. d\u00e4r vi fick v\u00e5r f\u00f6rsta gaskanon.<\/p>\n<p style=\"text-align: left;\">Tyv\u00e4rr var sm\u00e4llen fr\u00e5n kanonen f\u00f6r h\u00f6gljudd, s\u00e5 f\u00e5ren satts under st\u00e4ndig stress och st\u00f6rdes konstant av gaskanonen. S\u00e5 det obehagliga ljudet beh\u00f6vde stoppas och vi blev tvugna att s\u00e4lja kanonen. F\u00f6rv\u00e5nansv\u00e4rt nog blev efterfr\u00e5gan p\u00e5 skadedjursmedel s\u00e5 stor, att vi hamnade i en situation d\u00e4r vi best\u00e4llde gaskanoner f\u00f6r tiotals andra. Det ledde till att &#8211; Nirgu e-butik (den estniska versionen av Birdbusters.eu) f\u00f6ddes.<\/p>\n<p>Dessutom b\u00f6rjade folk be om r\u00e5d och v\u00e4nde sig till oss med olika intressanta problem. Till exempel en kille som klagade p\u00e5 att f\u00e5glar bara verkade skita ner endast hans bil. Oavsett var han parkerade, fick han f\u00e5gelbajs p\u00e5 sin bil. Sedan visade det sig vanligt att storkar f\u00f6rs\u00f6ker skr\u00e4mma m\u00e4nniskor genom f\u00f6nster och glasd\u00f6rrar &#8211; de skr\u00e4mmer faktiskt bort de &#8220;andra storkarna&#8221; de tror sig se fr\u00e5n reflektionen. Numera \u00e4r flyttf\u00e5glar en daglig oro och det finns ocks\u00e5 en hel del problem med st\u00f6rande fiskm\u00e5sar och duvor p\u00e5 taken. Den senaste &#8220;trenden&#8221; \u00e4r st\u00f6rande hackspettar som verkar gilla att riva hus &#8211; de v\u00e4ljer en tr\u00e4v\u00e4gg och b\u00f6rjar g\u00f6ra h\u00e5l.<\/p>\n<h2><span style=\"font-size: 14pt;\">Bird Busters Uppdrag<\/span><\/h2>\n<p style=\"text-align: justify;\">Idag har vi mer \u00e4n 1000 n\u00f6jda kunder.<\/p>\n<p style=\"text-align: justify;\">Vi har mer \u00e4n 50 typer av f\u00e5gelskr\u00e4mmor i v\u00e5r butik och utbudet v\u00e4xer kontinuerligt f\u00f6r att vi ska kunna erbjuda de mest effektiva metoderna f\u00f6r att h\u00e5lla st\u00f6rande f\u00e5glar borta.<\/p>\n<p>Vi str\u00e4var st\u00e4ndigt efter nya innovativa och effektiva s\u00e4tt att avskr\u00e4cka och avv\u00e4rja skadedjur.<\/p>\n<table style=\"width: 100%; border-collapse: collapse; height: 56px;\" border=\"0\">\n<tbody>\n<tr style=\"height: 56px;\">\n<td style=\"width: 45.9607%; height: 56px;\"><\/td>\n<td style=\"width: 53.9301%; height: 56px;\"><\/td>\n<\/tr>\n<\/tbody>\n<\/table>\n","protected":false},"excerpt":{"rendered":"<p>Om Bird Busters Det b\u00e4sta s\u00e4ttet att h\u00e5lla f\u00e5glar borta fr\u00e5n din egendom \u00e4r att anv\u00e4nda f\u00e5gelkontrollsystem. P\u00e5 Bird Busters erbjuder vi ett brett utbud av f\u00e5gelavskr\u00e4ckande produkter och l\u00f6sningar f\u00f6r effektiv kontroll av f\u00e5glar. Det finns m\u00e5nga s\u00e4tt att skr\u00e4mma bort st\u00f6rande f\u00e5glar och varje metod har sina egna f\u00f6r- och nackdelar. Det kan [&hellip;]<\/p>\n","protected":false},"author":1,"featured_media":0,"parent":0,"menu_order":0,"comment_status":"closed","ping_status":"closed","template":"","meta":{"_themeisle_gutenberg_block_has_review":false,"footnotes":""},"class_list":["post-11166","page","type-page","status-publish","hentry"],"_links":{"self":[{"href":"https:\/\/birdbusters.eu\/sv\/wp-json\/wp\/v2\/pages\/11166","targetHints":{"allow":["GET"]}}],"collection":[{"href":"https:\/\/birdbusters.eu\/sv\/wp-json\/wp\/v2\/pages"}],"about":[{"href":"https:\/\/birdbusters.eu\/sv\/wp-json\/wp\/v2\/types\/page"}],"author":[{"embeddable":true,"href":"https:\/\/birdbusters.eu\/sv\/wp-json\/wp\/v2\/users\/1"}],"replies":[{"embeddable":true,"href":"https:\/\/birdbusters.eu\/sv\/wp-json\/wp\/v2\/comments?post=11166"}],"version-history":[{"count":2,"href":"https:\/\/birdbusters.eu\/sv\/wp-json\/wp\/v2\/pages\/11166\/revisions"}],"predecessor-version":[{"id":11328,"href":"https:\/\/birdbusters.eu\/sv\/wp-json\/wp\/v2\/pages\/11166\/revisions\/11328"}],"wp:attachment":[{"href":"https:\/\/birdbusters.eu\/sv\/wp-json\/wp\/v2\/media?parent=11166"}],"curies":[{"name":"wp","href":"https:\/\/api.w.org\/{rel}","templated":true}]}}