{"id":11170,"date":"2023-08-28T11:17:04","date_gmt":"2023-08-28T09:17:04","guid":{"rendered":"https:\/\/birdbusters.eu\/kontaktuppgifter\/"},"modified":"2023-10-17T17:34:11","modified_gmt":"2023-10-17T15:34:11","slug":"kontaktuppgifter","status":"publish","type":"page","link":"https:\/\/birdbusters.eu\/sv\/kontaktuppgifter\/","title":{"rendered":"Kontakt"},"content":{"rendered":"<p><!-- Builder # --><\/p>\n<h3>KONTAKTA OSS!<\/h3>\n<div>V\u00e4nligen skicka in eventuella fr\u00e5gor, funderingar eller allm\u00e4n feedback nedan tillsammans med ditt namn och e-postadress.<\/div>\n<div>\n\n<div class=\"wpcf7 no-js\" id=\"wpcf7-f11332-o1\" lang=\"et\" dir=\"ltr\" data-wpcf7-id=\"11332\">\n<div class=\"screen-reader-response\"><p role=\"status\" aria-live=\"polite\" aria-atomic=\"true\"><\/p> <ul><\/ul><\/div>\n<form action=\"\/sv\/wp-json\/wp\/v2\/pages\/11170#wpcf7-f11332-o1\" method=\"post\" class=\"wpcf7-form init\" aria-label=\"Contact form\" novalidate=\"novalidate\" data-status=\"init\">\n<fieldset class=\"hidden-fields-container\"><input type=\"hidden\" name=\"_wpcf7\" value=\"11332\" \/><input type=\"hidden\" name=\"_wpcf7_version\" value=\"6.1.5\" \/><input type=\"hidden\" name=\"_wpcf7_locale\" value=\"et\" \/><input type=\"hidden\" name=\"_wpcf7_unit_tag\" value=\"wpcf7-f11332-o1\" \/><input type=\"hidden\" name=\"_wpcf7_container_post\" value=\"0\" \/><input type=\"hidden\" name=\"_wpcf7_posted_data_hash\" value=\"\" \/>\n<\/fieldset>\n<p><span class=\"wpcf7-form-control-wrap\" data-name=\"your-name\"><input size=\"40\" maxlength=\"400\" class=\"wpcf7-form-control wpcf7-text wpcf7-validates-as-required\" aria-required=\"true\" aria-invalid=\"false\" placeholder=\"Ditt namn\" value=\"\" type=\"text\" name=\"your-name\" \/><\/span>\n<\/p>\n<p><span class=\"wpcf7-form-control-wrap\" data-name=\"your-email\"><input size=\"40\" maxlength=\"400\" class=\"wpcf7-form-control wpcf7-email wpcf7-validates-as-required wpcf7-text wpcf7-validates-as-email\" aria-required=\"true\" aria-invalid=\"false\" placeholder=\"Din e-post\" value=\"\" type=\"email\" name=\"your-email\" \/><\/span>\n<\/p>\n<p><span class=\"wpcf7-form-control-wrap\" data-name=\"your-message\"><textarea cols=\"40\" rows=\"10\" maxlength=\"2000\" class=\"wpcf7-form-control wpcf7-textarea\" aria-invalid=\"false\" placeholder=\"Ditt meddelande\" name=\"your-message\"><\/textarea><\/span>\n<\/p>\n<div class=\"wpcf7-turnstile cf-turnstile\" data-sitekey=\"0x4AAAAAACQZxx72JmR9rcYi\" data-response-field-name=\"_wpcf7_turnstile_response\" data-theme=\"light\"><\/div>\n<p><input class=\"wpcf7-form-control wpcf7-submit has-spinner\" type=\"submit\" value=\"Skicka\" \/>\n<\/p><div class=\"wpcf7-response-output\" aria-hidden=\"true\"><\/div>\n<\/form>\n<\/div>\n\n<\/div>\n","protected":false},"excerpt":{"rendered":"<p>KONTAKTA OSS! V\u00e4nligen skicka in eventuella fr\u00e5gor, funderingar eller allm\u00e4n feedback nedan tillsammans med ditt namn och e-postadress.<\/p>\n","protected":false},"author":1,"featured_media":0,"parent":0,"menu_order":0,"comment_status":"closed","ping_status":"closed","template":"","meta":{"_themeisle_gutenberg_block_has_review":false,"rank_math_focus_keyword":"Kontakta oss","rank_math_title":"Kontakta oss f\u00f6r f\u00e5gelkontrolll\u00f6sningar | BIRD BUSTERS","rank_math_description":"Har du problem med o\u00f6nskade f\u00e5glar p\u00e5 tomten? Bes\u00f6k v\u00e5r webbutik och hitta de b\u00e4sta l\u00f6sningarna. Kontakta oss g\u00e4rna f\u00f6r mer r\u00e5d!","rank_math_canonical_url":"","rank_math_facebook_title":"","rank_math_facebook_description":"","rank_math_facebook_image":"","rank_math_twitter_title":"","rank_math_twitter_description":"","rank_math_twitter_image":"","rank_math_schema_FAQPage":[],"footnotes":""},"class_list":["post-11170","page","type-page","status-publish","hentry"],"_links":{"self":[{"href":"https:\/\/birdbusters.eu\/sv\/wp-json\/wp\/v2\/pages\/11170","targetHints":{"allow":["GET"]}}],"collection":[{"href":"https:\/\/birdbusters.eu\/sv\/wp-json\/wp\/v2\/pages"}],"about":[{"href":"https:\/\/birdbusters.eu\/sv\/wp-json\/wp\/v2\/types\/page"}],"author":[{"embeddable":true,"href":"https:\/\/birdbusters.eu\/sv\/wp-json\/wp\/v2\/users\/1"}],"replies":[{"embeddable":true,"href":"https:\/\/birdbusters.eu\/sv\/wp-json\/wp\/v2\/comments?post=11170"}],"version-history":[{"count":4,"href":"https:\/\/birdbusters.eu\/sv\/wp-json\/wp\/v2\/pages\/11170\/revisions"}],"predecessor-version":[{"id":11398,"href":"https:\/\/birdbusters.eu\/sv\/wp-json\/wp\/v2\/pages\/11170\/revisions\/11398"}],"wp:attachment":[{"href":"https:\/\/birdbusters.eu\/sv\/wp-json\/wp\/v2\/media?parent=11170"}],"curies":[{"name":"wp","href":"https:\/\/api.w.org\/{rel}","templated":true}]}}