{"id":11171,"date":"2023-08-28T11:57:00","date_gmt":"2023-08-28T09:57:00","guid":{"rendered":"https:\/\/birdbusters.eu\/hur-man-koper\/"},"modified":"2024-10-16T13:25:09","modified_gmt":"2024-10-16T11:25:09","slug":"hur-man-koper","status":"publish","type":"page","link":"https:\/\/birdbusters.eu\/sv\/hur-man-koper\/","title":{"rendered":"K\u00f6pr\u00e5d"},"content":{"rendered":"<h3><b><span data-contrast=\"auto\">LEVERANS<\/span><\/b><span data-ccp-props=\"{&quot;335559738&quot;:240,&quot;335559739&quot;:240}\">\u00a0<\/span><\/h3>\n<p><span data-contrast=\"auto\">V\u00e5ra varor levereras \u00f6ver hela v\u00e4rlden. Kontrollera fr\u00e5n kundvagnen vilka l\u00e4nder som \u00e4r tillg\u00e4ngliga. Om ditt land inte finns med p\u00e5 listan, kontakta oss s\u00e5 l\u00e4gger vi till ditt land om m\u00f6jligt.<\/span><span data-ccp-props=\"{&quot;335559738&quot;:240,&quot;335559739&quot;:240}\">\u00a0<\/span><\/p>\n<p><span data-contrast=\"auto\">Varorna kan levereras till paketbox eller med bud. Leveransalternativen visas efter att du har valt destinationslandet och angett adressen i kassan.<\/span><span data-ccp-props=\"{&quot;335559738&quot;:240,&quot;335559739&quot;:240}\">\u00a0<\/span><\/p>\n<p><span data-contrast=\"auto\">Det \u00e4r k\u00f6paren som betalar f\u00f6r frakten. Kostnadsinformation visas bredvid den valda leveransmetoden.<\/span><span data-ccp-props=\"{&quot;335559738&quot;:240,&quot;335559739&quot;:240}\">\u00a0<\/span><\/p>\n<p><span data-contrast=\"auto\">Leveranstiderna varierar beroende p\u00e5 land och leveransmetod. Leveranser till Estland, Finland, Lettland och Litauen tar i allm\u00e4nhet 3\u201310 arbetsdagar fr\u00e5n och med att k\u00f6peavtalet tr\u00e4der i kraft. Leveranstiden till alla europeiska l\u00e4nder ligger inom 18 arbetsdagar. Leveranstiden till l\u00e4nder utanf\u00f6r EU \u00e4r upp till 5 veckor.<\/span><span data-ccp-props=\"{&quot;335559738&quot;:240,&quot;335559739&quot;:240}\">\u00a0<\/span><\/p>\n<p><span data-contrast=\"auto\">L\u00e4ngre leveranstider kan f\u00f6rekomma under hektiska perioder som jul och Black Friday.<\/span><span data-ccp-props=\"{&quot;335559738&quot;:240,&quot;335559739&quot;:240}\">\u00a0<\/span><\/p>\n<p><span data-contrast=\"auto\">Vi ansvarar inte f\u00f6r leveransf\u00f6rseningar som orsakas av of\u00f6rutsedda h\u00e4ndelser.<\/span><span data-ccp-props=\"{&quot;335559738&quot;:240,&quot;335559739&quot;:240}\">\u00a0<\/span><\/p>\n<p><span data-contrast=\"auto\">\u00c4ven varans tillg\u00e4nglighet i v\u00e5rt lager kan p\u00e5verka leveranstiden. Vi har r\u00e4tt att i undantagsfall f\u00f6rl\u00e4nga leveranstiden till upp till 45 kalenderdagar.<\/span><span data-ccp-props=\"{&quot;335559738&quot;:240,&quot;335559739&quot;:240}\">\u00a0<\/span><\/p>\n<p><span data-contrast=\"auto\">Vi meddelar dig om eventuella f\u00f6rseningar som vi k\u00e4nner till. Om din best\u00e4llning inte har kommit p\u00e5 ber\u00e4knat datum, v\u00e4nligen kontakta oss p\u00e5 <\/span><a href=\"mailto:info@birdbusters.eu\"><span data-contrast=\"none\">info@birdbusters.eu<\/span><\/a><span data-contrast=\"auto\">.<\/span><span data-ccp-props=\"{&quot;335559738&quot;:240,&quot;335559739&quot;:240}\">\u00a0<\/span><\/p>\n<p><span data-contrast=\"auto\">Varken webbutiken eller budfirman \u00e4r ansvariga f\u00f6r eventuella f\u00f6rseningar i leveransen eller f\u00f6r eventuella missf\u00f6rst\u00e5nd om s\u00e5dana f\u00f6rseningar eller missf\u00f6rst\u00e5nd orsakas av att k\u00f6paren har l\u00e4mnat otydliga eller felaktiga uppgifter i best\u00e4llningen.<\/span><span data-ccp-props=\"{&quot;335559738&quot;:240,&quot;335559739&quot;:240}\">\u00a0<\/span><\/p>\n<p><span data-contrast=\"auto\">Alla best\u00e4llningar skickas fr\u00e5n Europeiska unionen.<\/span><span data-ccp-props=\"{&quot;335559738&quot;:120,&quot;335559739&quot;:240}\">\u00a0<\/span><\/p>\n<h3><b><span data-contrast=\"auto\">RETURPOLICY <\/span><\/b><\/h3>\n<p><b><span data-contrast=\"auto\">14 dagars \u00e5ngerr\u00e4tt: <\/span><\/b><span data-contrast=\"auto\">Du kan \u00e5ngra din best\u00e4llning och returnera varorna inom 14 dagar efter leveransen. Tiden b\u00f6rjar r\u00e4knas fr.o.m. att du eller en tredje part som du har angett (inte transportf\u00f6retaget) tar emot produkterna. Kom ih\u00e5g att skicka tillbaka varorna eller uppvisa ett bevis p\u00e5 att du har returnerat dem inom den perioden.<\/span><span data-ccp-props=\"{&quot;335559738&quot;:120,&quot;335559739&quot;:240}\">\u00a0<\/span><\/p>\n<p><b><span data-contrast=\"auto\">Returvillkor:<\/span><\/b><span data-ccp-props=\"{&quot;335559738&quot;:240,&quot;335559739&quot;:240}\">\u00a0<\/span><\/p>\n<p><span data-contrast=\"auto\">Varorna m\u00e5ste returneras i originalf\u00f6rpackning med alla etiketter kvar. Om en prislapp eller f\u00f6rpackningen \u00e4r skadad till\u00e4mpas rimliga undantag. Artiklar som har anv\u00e4nts kan inte returneras.<\/span><span data-ccp-props=\"{&quot;335559738&quot;:240,&quot;335559739&quot;:240}\">\u00a0<\/span><\/p>\n<p><span data-contrast=\"auto\">Om ett paket \u00e4r skadat vid leveranstillf\u00e4llet ska mottagaren ta tydliga fotografier av paketet <\/span><i><span data-contrast=\"auto\">innan det \u00f6ppnas.<\/span><\/i><span data-contrast=\"auto\"> Dessa fotografier m\u00e5ste tydligt visa skadan p\u00e5 paketets utsida. Mottagaren ska sedan skicka bilderna, tillsammans med sitt best\u00e4llningsnummer och en kort beskrivning av skadan, till v\u00e5r kundtj\u00e4nst p\u00e5 <\/span><a href=\"mailto:info@birdbusters.eu\"><b><span data-contrast=\"none\">info@birdbusters.eu<\/span><\/b><\/a><span data-contrast=\"auto\"> snarast m\u00f6jligt. Om paketets skick innan det \u00f6ppnas inte kan dokumenteras kan det p\u00e5verka r\u00e4tten till \u00e5terbetalning eller ers\u00e4ttning.<\/span><span data-ccp-props=\"{&quot;335559738&quot;:240,&quot;335559739&quot;:240}\">\u00a0<\/span><\/p>\n<p><span data-contrast=\"auto\">F\u00f6r att utnyttja 14 dagars \u00e5ngerr\u00e4tt f\u00e5r varan inte anv\u00e4ndas p\u00e5 annat s\u00e4tt \u00e4n vad som \u00e4r n\u00f6dv\u00e4ndigt f\u00f6r att kunna f\u00f6rs\u00e4kra sig om varans beskaffenhet, egenskaper och funktion p\u00e5 samma s\u00e4tt som n\u00e4r varan testas i en fysisk butik.<\/span><span data-ccp-props=\"{&quot;335559738&quot;:240,&quot;335559739&quot;:240}\">\u00a0<\/span><\/p>\n<p><span data-contrast=\"auto\">Synligt slitage eller felaktig anv\u00e4ndning kan leda till att returen nekas eller att ers\u00e4ttningen s\u00e4nks med ett belopp som motsvarar varans v\u00e4rdeminskning.<\/span><span data-ccp-props=\"{&quot;335559738&quot;:240,&quot;335559739&quot;:240}\">\u00a0<\/span><\/p>\n<p><span data-contrast=\"auto\">\u00c5ngerr\u00e4tten g\u00e4ller inte f\u00f6r f\u00f6retag eller juridiska personer.<\/span><span data-ccp-props=\"{&quot;335559738&quot;:240,&quot;335559739&quot;:240}\">\u00a0<\/span><\/p>\n<p><b><span data-contrast=\"auto\">Hur man returnerar en vara: <\/span><\/b><span data-contrast=\"auto\">Skicka din returf\u00f6rfr\u00e5gan till e-post <\/span><a href=\"mailto:info@birdbusters.eu\"><span data-contrast=\"none\">info@birdbusters.eu<\/span><\/a><span data-contrast=\"auto\"> senast inom 14 dagar efter att du har tagit emot varorna.<\/span><span data-ccp-props=\"{&quot;335559738&quot;:240,&quot;335559739&quot;:240}\">\u00a0<\/span><\/p>\n<p><b><span data-contrast=\"auto\">Returkostnader: <\/span><\/b><span data-contrast=\"auto\">Det \u00e4r du som st\u00e5r f\u00f6r returfrakten om inte sk\u00e4let till returen \u00e4r att varan inte \u00f6verensst\u00e4mmer med best\u00e4llningen eller att varan \u00e4r felaktig eller defekt.<\/span><span data-ccp-props=\"{&quot;335559738&quot;:240,&quot;335559739&quot;:240}\">\u00a0<\/span><\/p>\n<p><b><span data-contrast=\"auto\">Ansvar: <\/span><\/b><span data-contrast=\"auto\">Du \u00e4r ansvarig f\u00f6r varan tills den n\u00e5r oss p\u00e5 ett s\u00e4kert s\u00e4tt. F\u00f6r att undvika skador under frakten, se till att varan \u00e4r v\u00e4l emballerad.<\/span><span data-ccp-props=\"{&quot;335559738&quot;:240,&quot;335559739&quot;:240}\">\u00a0<\/span><\/p>\n<p><b><span data-contrast=\"auto\">\u00c5terbetalning: <\/span><\/b><span data-contrast=\"auto\">\u00c5terbetalning sker snarast m\u00f6jligt, dock senast inom 14 dagar efter mottagandet av de returnerade varorna. \u00c5terbetalning sker till samma konto som betalningen gjordes fr\u00e5n.<\/span><span data-ccp-props=\"{&quot;335559738&quot;:240,&quot;335559739&quot;:240}\">\u00a0<\/span><\/p>\n<p><span data-contrast=\"auto\">Vid fullst\u00e4ndig retur \u00e5terbetalas \u00e4ven leveranskostnaderna.<\/span><span data-ccp-props=\"{&quot;335559738&quot;:240,&quot;335559739&quot;:240}\">\u00a0<\/span><\/p>\n<p><span data-contrast=\"auto\">Vid partiell retur \u00e5terbetalas inte leveranskostnaderna.<\/span><span data-ccp-props=\"{&quot;335559738&quot;:240,&quot;335559739&quot;:240}\">\u00a0<\/span><\/p>\n<p><span data-contrast=\"auto\">Webbutiken har r\u00e4tt att v\u00e4gra \u00e5terbetalning tills de returnerade varorna har mottagits eller tills k\u00f6paren har l\u00e4mnat bevis p\u00e5 att varorna har returnerats, beroende p\u00e5 vilket som intr\u00e4ffar f\u00f6rst.<\/span><span data-ccp-props=\"{&quot;335559738&quot;:240,&quot;335559739&quot;:240}\">\u00a0<\/span><\/p>\n<p><span data-contrast=\"auto\">Om k\u00f6paren har valt en annan fraktmetod \u00e4n den billigaste vanligaste metoden som webbutiken erbjuder, beh\u00f6ver inte butiken ers\u00e4tta den delen av kostnaden som \u00f6verstiger den vanliga fraktkostnaden.<\/span><span data-ccp-props=\"{&quot;335559738&quot;:240,&quot;335559739&quot;:240}\">\u00a0<\/span><\/p>\n<p><span data-contrast=\"auto\">Webbutiken har r\u00e4tt att h\u00e4va k\u00f6pet och kr\u00e4va att varan \u00e5terl\u00e4mnas av k\u00f6paren om varans utsatta pris i webbutiken av misstag \u00e4r v\u00e4sentligt l\u00e4gre \u00e4n varans marknadspris.<\/span><span data-ccp-props=\"{&quot;335559738&quot;:240,&quot;335559739&quot;:240}\">\u00a0<\/span><\/p>\n<p><span data-contrast=\"auto\">Webbutiken tar inte ansvar f\u00f6r eventuella skador som orsakas f\u00f6r k\u00f6paren p\u00e5 grund av tekniska problem (problem med att anv\u00e4nda webbutiken), inklusive f\u00f6rsenad leverans av en best\u00e4lld produkt. Med tekniska problem avses h\u00e4r tekniska problem som inte beror p\u00e5 s\u00e4ljaren, s\u00e5som avbrott i internetanslutningen, serverfel mm.<\/span><span data-ccp-props=\"{&quot;335559738&quot;:240,&quot;335559739&quot;:240}\">\u00a0<\/span><\/p>\n<h3><b><span data-contrast=\"auto\">REKLAMATIONSR\u00c4TT<\/span><\/b><span data-ccp-props=\"{&quot;335559738&quot;:240,&quot;335559739&quot;:240}\">\u00a0<\/span><\/h3>\n<p><span data-contrast=\"auto\">Webbutiken ansvarar f\u00f6r s\u00e5lda varors bristande \u00f6verensst\u00e4mmelse samt f\u00f6r s\u00e5dana fel som varan var beh\u00e4ftad med vid leveranstillf\u00e4llet och som uppst\u00e5r inom tv\u00e5 \u00e5r.<\/span><span data-ccp-props=\"{&quot;335559738&quot;:240,&quot;335559739&quot;:240}\">\u00a0<\/span><\/p>\n<p><span data-contrast=\"auto\">Vi f\u00f6ruts\u00e4tter att fel som uppt\u00e4cks inom sex m\u00e5nader fanns d\u00e4r vid leveranstillf\u00e4llet och vid os\u00e4kerhet \u00e4r vi skyldiga att bevisa motsatsen.<\/span><span data-ccp-props=\"{&quot;335559738&quot;:240,&quot;335559739&quot;:240}\">\u00a0<\/span><\/p>\n<p><span data-contrast=\"auto\">K\u00f6paren m\u00e5ste reklamera fel inom tv\u00e5 m\u00e5nader fr\u00e5n att felet uppstod.<\/span><span data-ccp-props=\"{&quot;335559738&quot;:240,&quot;335559739&quot;:240}\">\u00a0<\/span><\/p>\n<p><span data-contrast=\"auto\">Vi ansvarar inte f\u00f6r skador som beror p\u00e5 fel eller f\u00f6rsummelse fr\u00e5n k\u00f6parens sida, f\u00f6r felaktig anv\u00e4ndning av produkten eller f\u00f6r naturligt slitage vid normal anv\u00e4ndning.<\/span><span data-ccp-props=\"{&quot;335559738&quot;:240,&quot;335559739&quot;:240}\">\u00a0<\/span><\/p>\n<p><span data-contrast=\"auto\">Om varor som har k\u00f6pts fr\u00e5n webbutiken \u00e4r beh\u00e4ftade med fel som vi \u00e4r ansvariga f\u00f6r reparerar vi eller byter ut de defekta varorna. Om varan inte kan repareras eller bytas ut, \u00e5terbetalar vi priset f\u00f6r den defekta varan.<\/span><span data-ccp-props=\"{&quot;335559738&quot;:240,&quot;335559739&quot;:240}\">\u00a0<\/span><\/p>\n<p><span data-contrast=\"auto\">Vi besvarar din reklamation skriftligen inom 15 dagar.<\/span><span data-ccp-props=\"{&quot;335559738&quot;:240,&quot;335559739&quot;:240}\">\u00a0<\/span><\/p>\n<p><span data-contrast=\"auto\">F\u00f6r att reklamera ett fel, skicka ett e-postmeddelande till <\/span><a href=\"mailto:info@birdbusters.eu\"><span data-contrast=\"none\">info@birdbusters.eu<\/span><\/a><span data-contrast=\"auto\">. Meddelandet m\u00e5ste inneh\u00e5lla:<\/span><span data-ccp-props=\"{&quot;335559738&quot;:240,&quot;335559739&quot;:240}\">\u00a0<\/span><\/p>\n<ul>\n<li data-leveltext=\"\uf0b7\" data-font=\"Symbol\" data-listid=\"1\" data-list-defn-props=\"{&quot;335552541&quot;:1,&quot;335559685&quot;:720,&quot;335559991&quot;:360,&quot;469769226&quot;:&quot;Symbol&quot;,&quot;469769242&quot;:[8226],&quot;469777803&quot;:&quot;left&quot;,&quot;469777804&quot;:&quot;\uf0b7&quot;,&quot;469777815&quot;:&quot;hybridMultilevel&quot;}\" aria-setsize=\"-1\" data-aria-posinset=\"1\" data-aria-level=\"1\"><span data-contrast=\"auto\">Namn och kontaktuppgifter<\/span><span data-ccp-props=\"{&quot;335559739&quot;:0}\">\u00a0<\/span><\/li>\n<\/ul>\n<ul>\n<li data-leveltext=\"\uf0b7\" data-font=\"Symbol\" data-listid=\"1\" data-list-defn-props=\"{&quot;335552541&quot;:1,&quot;335559685&quot;:720,&quot;335559991&quot;:360,&quot;469769226&quot;:&quot;Symbol&quot;,&quot;469769242&quot;:[8226],&quot;469777803&quot;:&quot;left&quot;,&quot;469777804&quot;:&quot;\uf0b7&quot;,&quot;469777815&quot;:&quot;hybridMultilevel&quot;}\" aria-setsize=\"-1\" data-aria-posinset=\"2\" data-aria-level=\"1\"><span data-contrast=\"auto\">Datum f\u00f6r reklamationen<\/span><span data-ccp-props=\"{&quot;335559739&quot;:0}\">\u00a0<\/span><\/li>\n<\/ul>\n<ul>\n<li data-leveltext=\"\uf0b7\" data-font=\"Symbol\" data-listid=\"1\" data-list-defn-props=\"{&quot;335552541&quot;:1,&quot;335559685&quot;:720,&quot;335559991&quot;:360,&quot;469769226&quot;:&quot;Symbol&quot;,&quot;469769242&quot;:[8226],&quot;469777803&quot;:&quot;left&quot;,&quot;469777804&quot;:&quot;\uf0b7&quot;,&quot;469777815&quot;:&quot;hybridMultilevel&quot;}\" aria-setsize=\"-1\" data-aria-posinset=\"3\" data-aria-level=\"1\"><span data-contrast=\"auto\">Beskrivning av felet<\/span><span data-ccp-props=\"{&quot;335559739&quot;:0}\">\u00a0<\/span><\/li>\n<\/ul>\n<ul>\n<li data-leveltext=\"\uf0b7\" data-font=\"Symbol\" data-listid=\"1\" data-list-defn-props=\"{&quot;335552541&quot;:1,&quot;335559685&quot;:720,&quot;335559991&quot;:360,&quot;469769226&quot;:&quot;Symbol&quot;,&quot;469769242&quot;:[8226],&quot;469777803&quot;:&quot;left&quot;,&quot;469777804&quot;:&quot;\uf0b7&quot;,&quot;469777815&quot;:&quot;hybridMultilevel&quot;}\" aria-setsize=\"-1\" data-aria-posinset=\"4\" data-aria-level=\"1\"><span data-contrast=\"auto\">Best\u00e4llningsnummer<\/span><span data-ccp-props=\"{&quot;335559739&quot;:0}\">\u00a0<\/span><\/li>\n<\/ul>\n<ul>\n<li data-leveltext=\"\uf0b7\" data-font=\"Symbol\" data-listid=\"1\" data-list-defn-props=\"{&quot;335552541&quot;:1,&quot;335559685&quot;:720,&quot;335559991&quot;:360,&quot;469769226&quot;:&quot;Symbol&quot;,&quot;469769242&quot;:[8226],&quot;469777803&quot;:&quot;left&quot;,&quot;469777804&quot;:&quot;\uf0b7&quot;,&quot;469777815&quot;:&quot;hybridMultilevel&quot;}\" aria-setsize=\"-1\" data-aria-posinset=\"5\" data-aria-level=\"1\"><span data-contrast=\"auto\">Foton av felet.<\/span><span data-ccp-props=\"{&quot;335559739&quot;:0}\">\u00a0<\/span><\/li>\n<\/ul>\n<p>&nbsp;<\/p>\n<p>&nbsp;<\/p>\n<p>&nbsp;<\/p>\n<p>&nbsp;<\/p>\n<p>&nbsp;<\/p>\n","protected":false},"excerpt":{"rendered":"<p>LEVERANS\u00a0 V\u00e5ra varor levereras \u00f6ver hela v\u00e4rlden. Kontrollera fr\u00e5n kundvagnen vilka l\u00e4nder som \u00e4r tillg\u00e4ngliga. Om ditt land inte finns med p\u00e5 listan, kontakta oss s\u00e5 l\u00e4gger vi till ditt land om m\u00f6jligt.\u00a0 Varorna kan levereras till paketbox eller med bud. Leveransalternativen visas efter att du har valt destinationslandet och angett adressen i kassan.\u00a0 Det [&hellip;]<\/p>\n","protected":false},"author":1,"featured_media":0,"parent":0,"menu_order":0,"comment_status":"closed","ping_status":"closed","template":"","meta":{"_themeisle_gutenberg_block_has_review":false,"rank_math_focus_keyword":"Hur man k\u00f6per","rank_math_title":"Hur man handlar i v\u00e5r butik | BIRD BUSTER","rank_math_description":"","rank_math_canonical_url":"","rank_math_facebook_title":"","rank_math_facebook_description":"","rank_math_facebook_image":"","rank_math_twitter_title":"","rank_math_twitter_description":"","rank_math_twitter_image":"","rank_math_schema_FAQPage":[],"footnotes":""},"class_list":["post-11171","page","type-page","status-publish","hentry"],"_links":{"self":[{"href":"https:\/\/birdbusters.eu\/sv\/wp-json\/wp\/v2\/pages\/11171","targetHints":{"allow":["GET"]}}],"collection":[{"href":"https:\/\/birdbusters.eu\/sv\/wp-json\/wp\/v2\/pages"}],"about":[{"href":"https:\/\/birdbusters.eu\/sv\/wp-json\/wp\/v2\/types\/page"}],"author":[{"embeddable":true,"href":"https:\/\/birdbusters.eu\/sv\/wp-json\/wp\/v2\/users\/1"}],"replies":[{"embeddable":true,"href":"https:\/\/birdbusters.eu\/sv\/wp-json\/wp\/v2\/comments?post=11171"}],"version-history":[{"count":5,"href":"https:\/\/birdbusters.eu\/sv\/wp-json\/wp\/v2\/pages\/11171\/revisions"}],"predecessor-version":[{"id":12577,"href":"https:\/\/birdbusters.eu\/sv\/wp-json\/wp\/v2\/pages\/11171\/revisions\/12577"}],"wp:attachment":[{"href":"https:\/\/birdbusters.eu\/sv\/wp-json\/wp\/v2\/media?parent=11171"}],"curies":[{"name":"wp","href":"https:\/\/api.w.org\/{rel}","templated":true}]}}