{"id":11185,"date":"2023-08-30T14:49:09","date_gmt":"2023-08-30T12:49:09","guid":{"rendered":"https:\/\/birdbusters.eu\/anvandarvillkor\/"},"modified":"2026-02-23T14:37:02","modified_gmt":"2026-02-23T13:37:02","slug":"anvandarvillkor","status":"publish","type":"page","link":"https:\/\/birdbusters.eu\/sv\/anvandarvillkor\/","title":{"rendered":"Villkor"},"content":{"rendered":"<p>\u00c4garen till webbutiken birdbusters.eu (nedan kallad webbutiken) \u00e4r Salu O\u00dc (12600389), bel\u00e4gen i Kunderi 27-10, Tallinn, Estland.<\/p>\n<p>F\u00f6rs\u00e4ljningsavtalets giltighet, produkt- och prisinformation<\/p>\n<p>F\u00f6rs\u00e4ljningsvillkoren g\u00e4ller f\u00f6r k\u00f6p av varor fr\u00e5n webbutiken.<\/p>\n<p>Priserna p\u00e5 de produkter som s\u00e4ljs i webbutiken anges intill produkterna. En avgift f\u00f6r frakt tillkommer till priset. Alla priser \u00e4r tillg\u00e4ngliga i Euro (EUR), svenska kronor (SEK) och schweiziska franc (CHF).<\/p>\n<p>Fraktkostnaden beror p\u00e5 platsen f\u00f6r k\u00f6paren och leveranss\u00e4ttet. Fraktkostnaden visas n\u00e4r k\u00f6paren g\u00f6r best\u00e4llningen och fyller i kontaktformul\u00e4ret.<\/p>\n<p>Produktinformation l\u00e4mnas i direkt anslutning till produkten i webbutiken.<\/p>\n<p>G\u00f6r en best\u00e4llning<\/p>\n<p>L\u00e4gg till \u00f6nskade produkter i din kundvagn f\u00f6r att best\u00e4lla dem. Fyll i alla obligatoriska f\u00e4lt och v\u00e4lj den l\u00e4mpligaste leveransmetoden f\u00f6r att slutf\u00f6ra best\u00e4llningen. Den totala kostnaden visas sedan p\u00e5 sk\u00e4rmen. Best\u00e4llningen kan betalas via en online bank\u00f6verf\u00f6ring eller med n\u00e5gon annan betalningsmetod.<\/p>\n<p>&nbsp;<\/p>\n<p>Betalningar i webbutiken kan g\u00f6ras via f\u00f6ljande banker:<\/p>\n<ul>\n<li>Estland: LHV, SEB och Swedbank<\/li>\n<li>Lettland: Swedbank, SEB, Citadele och Luminor<\/li>\n<li>Litauen: Swedbank, SEB och Luminor<\/li>\n<li>Finland: Aktia, A\u030alandsbanken, Danske, Handelsbanken, Nordea, Oma Sa\u0308a\u0308stopankki, Pohjola, POP Pankki, S-Pankki, Sa\u0308a\u0308stopankki<\/li>\n<\/ul>\n<p>Birdbusters webbutik erbjuder ocks\u00e5 m\u00f6jligheten att anv\u00e4nda Paypal, betala med Visa och Mastercard.<\/p>\n<p>V\u00e4nligen notera! Efter att ha betalat med betalningsl\u00e4nk, se till att klicka p\u00e5 \u201cG\u00e5 tillbaka till handlaren\u201d p\u00e5 bankens webbplats.<\/p>\n<p>Efter best\u00e4llningen skickas bekr\u00e4ftelse och faktura till k\u00f6parens e-postadress. Om ingen bekr\u00e4ftelse erh\u00e5lls inom 20-30 minuter, ber vi kunden att kontakta oss omedelbart antingen via e-post till <a href=\"https:\/\/birdbusters.eu\/sv\/\">birdbusters.eu<\/a> eller ring +3725267138. Kundtj\u00e4nst erbjuds p\u00e5 estniska, engelska och ryska.<\/p>\n<p>Avtalet tr\u00e4der i kraft n\u00e4r det belopp som ska betalas har \u00f6verf\u00f6rts till n\u00e4tbutikens bankkonto.<\/p>\n<p>Om vi inte kan leverera de best\u00e4llda varorna p\u00e5 grund av slut p\u00e5 lagret eller av n\u00e5gon annan anledning, s\u00e5 kommer k\u00f6paren att informeras s\u00e5 snart som m\u00f6jligt och de pengar som betalats (inklusive fraktkostnaden) \u00e5terbetalas omg\u00e5ende, eller senast inom 14 dagar fr\u00e5n det att anm\u00e4lan inkommit.<\/p>\n<p>Frakt<\/p>\n<p>Varor levereras \u00f6ver hela v\u00e4rlden \u2013 Europa, Asien, Sydamerika, Nordamerika, Australien.<\/p>\n<p>Varor levereras till leveransterminaler eller direkt av bud. Leveransalternativen visas baserat p\u00e5 k\u00f6parens plats.<\/p>\n<p>K\u00f6paren b\u00e4r fraktkostnaden och respektive prisinformation visas bredvid fraktmetoden.<\/p>\n<p>Alla leveranser inom Estland anl\u00e4nder i allm\u00e4nhet inom 3-10 arbetsdagar till destinationen som anges av k\u00f6paren, r\u00e4knat fr\u00e5n det att f\u00f6rs\u00e4ljningsavtalet tr\u00e4der i kraft. Alla transporter utanf\u00f6r Estland \u00e4r garanterade att anl\u00e4nda inom 1-3 veckor.<\/p>\n<p>Vi har r\u00e4tt att transportera varor i upp till 45 kalenderdagar i undantagsfall.<\/p>\n<p>Varken webbutiken eller kurirf\u00f6retaget \u00e4r ansvariga f\u00f6r eventuella f\u00f6rseningar i leveransen av produkterna eller f\u00f6r eventuella missf\u00f6rst\u00e5nd om s\u00e5dana f\u00f6rseningar eller missf\u00f6rst\u00e5nd orsakas av att k\u00f6paren tillhandah\u00e5ller missvisande eller felaktiga uppgifter vid best\u00e4llningen.<\/p>\n<p>&nbsp;<\/p>\n<p>\u00c5ngerr\u00e4tt<\/p>\n<p>Efter att ha mottagit best\u00e4llningen har k\u00f6paren r\u00e4tt att \u00e5ngra det avtal som ing\u00e5tts med e-butiken inom 14 dagar.<\/p>\n<p>\u00c5ngerr\u00e4tten g\u00e4ller inte om k\u00f6paren \u00e4r en juridisk person.<\/p>\n<p>F\u00f6r att utnyttja 14 dagars \u00e5ngerr\u00e4tt f\u00e5r du inte anv\u00e4nda best\u00e4llda varor p\u00e5 n\u00e5got annat s\u00e4tt \u00e4n vad som \u00e4r n\u00f6dv\u00e4ndigt f\u00f6r att s\u00e4kerst\u00e4lla varans natur, egenskaper och funktion av p\u00e5 samma s\u00e4tt som du skulle till\u00e5tas att testa varorna i en verklig butik.<\/p>\n<p>Om varorna har anv\u00e4nts f\u00f6r n\u00e5got annat \u00e4ndam\u00e5l \u00e4n vad som \u00e4r n\u00f6dv\u00e4ndigt f\u00f6r att s\u00e4kerst\u00e4lla varornas karakt\u00e4r, egenskaper och funktion eller om det finns n\u00e5gra tecken p\u00e5 anv\u00e4ndning eller slitage, s\u00e5 har webbutiken r\u00e4tt att s\u00e4nka returbeloppet i enlighet med det minskade v\u00e4rdet p\u00e5 varorna.<\/p>\n<p>F\u00f6r att returnera varorna m\u00e5ste en ans\u00f6kan skickas till e-postadressen info@birdbusters.eu inom 14 dagar efter mottagandet av varorna.<\/p>\n<p>K\u00f6paren skall b\u00e4ra kostnaden f\u00f6r att returnera varorna, utom i de fall orsaken till returen g\u00e4ller en \u00e5terbetalningsbar produkt som inte \u00f6verensst\u00e4mmer med best\u00e4llningen (t ex en felaktig eller defekt produkt).<\/p>\n<p>K\u00f6paren ska returnera varorna inom 14 dagar fr\u00e5n det att deklarationen om \u00e5ngerr\u00e4tt l\u00e4mnats in eller fr\u00e5n det k\u00f6paren har l\u00e4mnat bevis p\u00e5 att de \u00f6verl\u00e4mnat varorna till transport\u00f6ren inom den ovan n\u00e4mnda perioden.<\/p>\n<p>Vid mottagande av de returnerade varorna, skall webbutiken \u00e5terbetala k\u00f6paren, omedelbart men senast efter 14 dagar, alla de betalningar som mottagits fr\u00e5n k\u00f6paren baserat p\u00e5 avtalet.<\/p>\n<p>N\u00e4tbutiken har r\u00e4tt att v\u00e4gra \u00e5terbetalning tills varan returneras eller tills k\u00f6paren har l\u00e4mnat bevis p\u00e5 att varan har returnerats, beroende p\u00e5 vilket som intr\u00e4ffar f\u00f6rst.<\/p>\n<p>Om k\u00f6paren bevisligen har valt en annan form av f\u00f6rs\u00e4ndelse \u00e4n den billigaste standard fraktmetoden som erbjuds av webbutiken, s\u00e5 \u00e4r webbutiken inte skyldig att ers\u00e4tta kostnaden som \u00f6verstiger den vanliga fraktkostnaden.<\/p>\n<p>Webbutiken har r\u00e4tt att \u00e5ngra f\u00f6rs\u00e4ljningen och kr\u00e4va att varorna returneras av k\u00f6paren om varornas utsatta pris i webbutiken \u00e4r betydligt l\u00e4gre \u00e4n varornas marknadspris p\u00e5 grund av ett misstag.<\/p>\n<p>N\u00e4tbutiken har r\u00e4tt att ensidigt \u00e4ndra dessa avtalsvillkor utan att beh\u00f6va meddela k\u00f6parna om det skriftligen via e-plattformen. N\u00e4tbutiken har r\u00e4tt att n\u00e4r som helst \u00e4ndra priserna i n\u00e4tbutiken. Om en k\u00f6pare l\u00e4gger en order innan villkoren \u00e4ndras, s\u00e5 kommer hans\/hennes k\u00f6p och k\u00f6pavtal att vara f\u00f6rem\u00e5l f\u00f6r de villkor som g\u00e4ller vid tidpunkten f\u00f6r l\u00e4ggandet av best\u00e4llningen.<\/p>\n<p>&nbsp;<\/p>\n<p>Webbutiken ansvarar inte f\u00f6r eventuella skador som uppkommer f\u00f6r k\u00f6paren p\u00e5 grund av tekniska problem (problem med att anv\u00e4nda webbutiken), inklusive f\u00f6rsenad leverans av en best\u00e4lld produkt. H\u00e4r tolkas tekniska fr\u00e5gor som tekniska fr\u00e5gor oberoende av s\u00e4ljaren, s\u00e5som avbrott i internetuppkoppling, serverfel etc.<\/p>\n<p>&nbsp;<\/p>\n<p>Defekta varor<\/p>\n<p>Webbutiken \u00e4r ansvarig f\u00f6r att varor som s\u00e5lts till en k\u00f6pare som inte lever upp till avtalets villkor eller f\u00f6r brister som redan fanns vid leveranstillf\u00e4llet och som intr\u00e4ffar inom tv\u00e5 \u00e5r efter det att varorna levererats till k\u00f6paren. Inom de f\u00f6rsta sex m\u00e5naderna efter leveransen antas felet ha funnits vid tidpunkten f\u00f6r leveransen. Det \u00e4r d\u00e5 webbutikens ansvar att bevisa n\u00e5got annat.<\/p>\n<p>K\u00f6paren har r\u00e4tt att v\u00e4nda sig till webbutiken inom tv\u00e5 m\u00e5nader efter att ett fel intr\u00e4ffat genom att mejla <a href=\"https:\/\/mail.google.com\/mail\/?view=cm&amp;fs=1&amp;tf=1&amp;to=info@birdbusters.eu\">info@birdbusters.eu<\/a> eller ring +372 52671 38.<\/p>\n<p>Webbutiken ansvarar inte f\u00f6r eventuella fel som uppst\u00e5r efter att varan levererats till k\u00f6paren.<\/p>\n<p>Webbutiken kommer inte att godk\u00e4nna n\u00e5gra krav om felet orsakats av felaktig anv\u00e4ndning eller normalt slitage p\u00e5 produkten.<\/p>\n<p>Om varor som k\u00f6ps fr\u00e5n webbutiken har fel som webbutiken ansvarar f\u00f6r, s\u00e5 reparerar eller ers\u00e4tter webbutiken de defekta varorna. Om varan inte kan repareras eller bytas ut, s\u00e5 ska alla de betalningar som ing\u00e5r i k\u00f6peavtalet \u00e5terg\u00e5 till k\u00f6paren.<\/p>\n<p>N\u00e4tbutiken ska svara p\u00e5 konsumentens klagom\u00e5l skriftligt eller i en form som m\u00f6jligg\u00f6r utskrift inom 15 dagar.<\/p>\n<p>Behandling av personuppgifter<\/p>\n<p>Webbutiken anv\u00e4nder endast de personuppgifter som inkommit fr\u00e5n k\u00f6paren (inklusive namn, telefonnummer, adress, e-post och bankuppgifter) f\u00f6r att behandla best\u00e4llningen och skicka varor till k\u00f6paren.<\/p>\n<p>Personuppgiftsansvarig \u00e4r Salu O\u00dc, butikens \u00e4gare, som \u00f6verf\u00f6r personuppgifterna till den auktoriserade partnern Pakipoint O\u00dc, som i sin tur \u00f6verf\u00f6r dessa till transportleverant\u00f6rer f\u00f6r leverans av varorna. N\u00e4tbutiken kommer att skicka de personuppgifter som kr\u00e4vs f\u00f6r att betala till personuppgiftsagenturen Maksekeskus AS.<\/p>\n<p>Avg\u00f6rande av tvister<\/p>\n<p>Alla klagom\u00e5l som en k\u00f6pare g\u00f6r om webbutiken m\u00e5ste skickas till info@birdbuster.eu.<\/p>\n<p>Om k\u00f6paren och webbutiken inte kan l\u00f6sa tvisten enligt \u00f6verenskommelse, kan k\u00f6paren kontakta konsumentombudsmannen. Du kan granska procedurreglerna och l\u00e4mna in ett klagom\u00e5l <a href=\"https:\/\/komisjon.ee\/et\" target=\"_blank\" rel=\"noopener\">h\u00e4r<\/a>. Konsumentombudsmannen \u00e4r beh\u00f6rig att l\u00f6sa tvister som uppst\u00e5r genom ett avtal mellan en k\u00f6pare och webbutiken. L\u00f6sning av tvister av konsumentombudsmannen \u00e4r gratis f\u00f6r k\u00f6paren.<\/p>\n<p>En k\u00f6pare kan ocks\u00e5 v\u00e4nda sig till tvistl\u00f6sningsorganen i EU.<\/p>\n","protected":false},"excerpt":{"rendered":"<p>\u00c4garen till webbutiken birdbusters.eu (nedan kallad webbutiken) \u00e4r Salu O\u00dc (12600389), bel\u00e4gen i Kunderi 27-10, Tallinn, Estland. F\u00f6rs\u00e4ljningsavtalets giltighet, produkt- och prisinformation F\u00f6rs\u00e4ljningsvillkoren g\u00e4ller f\u00f6r k\u00f6p av varor fr\u00e5n webbutiken. Priserna p\u00e5 de produkter som s\u00e4ljs i webbutiken anges intill produkterna. En avgift f\u00f6r frakt tillkommer till priset. Alla priser \u00e4r tillg\u00e4ngliga i Euro (EUR), [&hellip;]<\/p>\n","protected":false},"author":1,"featured_media":0,"parent":0,"menu_order":0,"comment_status":"closed","ping_status":"closed","template":"","meta":{"_themeisle_gutenberg_block_has_review":false,"footnotes":""},"class_list":["post-11185","page","type-page","status-publish","hentry"],"_links":{"self":[{"href":"https:\/\/birdbusters.eu\/sv\/wp-json\/wp\/v2\/pages\/11185","targetHints":{"allow":["GET"]}}],"collection":[{"href":"https:\/\/birdbusters.eu\/sv\/wp-json\/wp\/v2\/pages"}],"about":[{"href":"https:\/\/birdbusters.eu\/sv\/wp-json\/wp\/v2\/types\/page"}],"author":[{"embeddable":true,"href":"https:\/\/birdbusters.eu\/sv\/wp-json\/wp\/v2\/users\/1"}],"replies":[{"embeddable":true,"href":"https:\/\/birdbusters.eu\/sv\/wp-json\/wp\/v2\/comments?post=11185"}],"version-history":[{"count":3,"href":"https:\/\/birdbusters.eu\/sv\/wp-json\/wp\/v2\/pages\/11185\/revisions"}],"predecessor-version":[{"id":13757,"href":"https:\/\/birdbusters.eu\/sv\/wp-json\/wp\/v2\/pages\/11185\/revisions\/13757"}],"wp:attachment":[{"href":"https:\/\/birdbusters.eu\/sv\/wp-json\/wp\/v2\/media?parent=11185"}],"curies":[{"name":"wp","href":"https:\/\/api.w.org\/{rel}","templated":true}]}}