{"id":11189,"date":"2023-08-30T16:04:11","date_gmt":"2023-08-30T14:04:11","guid":{"rendered":"https:\/\/birdbusters.eu\/integritetspolicy\/"},"modified":"2023-09-21T11:48:06","modified_gmt":"2023-09-21T09:48:06","slug":"integritetspolicy","status":"publish","type":"page","link":"https:\/\/birdbusters.eu\/sv\/integritetspolicy\/","title":{"rendered":"Policy"},"content":{"rendered":"<p>PROCESSING AV PERSONLIG DATA<\/p>\n<p>Den personuppgiftsansvarige f\u00f6r personuppgifterna f\u00f6r n\u00e4tbutiken birdbusters.eu is Salu O\u00dc (registreringskod 12600389), bel\u00e4get i Kunderi 27-10, Tallinn, telefon +372 52198 22 och e-post info@birdbusters.eu.<\/p>\n<p><strong>Insamling och anv\u00e4ndning av personuppgifter<\/strong><br \/>\nPersonuppgifterna \u00e4r alla uppgifter som direkt eller indirekt \u00e4r relaterade till en kund i webbutiken och som beh\u00f6vs f\u00f6r att fullg\u00f6ra ett avtal som undertecknats med en individ eller f\u00f6r att kontakta honom\/henne f\u00f6r att utf\u00f6ra uppgifter enligt lagen.<\/p>\n<p>Personuppgifter samlas in n\u00e4r kontaktinformation l\u00e4mnas p\u00e5 webbplatsen i kassan.<\/p>\n<p>F\u00f6ljande personuppgifter behandlas:<\/p>\n<p>\u2212 namn, telefonnummer och e-postadress;<\/p>\n<p>\u2013 leveransadress;<\/p>\n<p>\u2013 bankkontonummer;<\/p>\n<p>\u2013 kostnad f\u00f6r varor och tj\u00e4nster och betalningsinformation (ink\u00f6pshistorik);<\/p>\n<p>\u2013 kundsupport data.<\/p>\n<p>Personuppgifter anv\u00e4nds f\u00f6r att hantera en kunds best\u00e4llningar och leverera best\u00e4llda varor.<\/p>\n<p>Ink\u00f6pshistorik (ink\u00f6psdatum, varor, kvantitet, kunddata) anv\u00e4nds f\u00f6r att sammanst\u00e4lla \u00f6versikter \u00f6ver k\u00f6pta varor och tj\u00e4nster samt f\u00f6r att analysera kundpreferenser.<\/p>\n<p>Bankkontonummer anv\u00e4nds f\u00f6r att \u00e5terbetala eventuella betalningar till kunden.<\/p>\n<p>Personuppgifter som e-post, telefonnummer och kundens namn behandlas f\u00f6r att l\u00f6sa eventuella problem i tillhandah\u00e5llandet av varor och tj\u00e4nster (kundsupport).<\/p>\n<p>IP-adressen eller andra online-identifierare f\u00f6r en anv\u00e4ndare av webbutiken behandlas f\u00f6r att tillhandah\u00e5lla webbshoppen som en informationstj\u00e4nst och f\u00f6r statistik \u00f6ver webbanv\u00e4ndning.<\/p>\n<p>&nbsp;<\/p>\n<p>Mottagare av personuppgifter<\/p>\n<p>Personuppgifter \u00f6verf\u00f6rs till kundsupport i webbutiken f\u00f6r att hantera ink\u00f6p och ink\u00f6pshistorik och f\u00f6r att l\u00f6sa eventuella problem som kunder kan ha.<\/p>\n<p>Namn, telefonnummer och e-postadress \u00f6verf\u00f6rs till den auktoriserade partnern Pakipoint O\u00dc, som \u00f6verf\u00f6r dessa till den leverant\u00f6r av transporttj\u00e4nster som valts av kunden.<\/p>\n<p>Om varorna levereras av en kurir, \u00f6verf\u00f6rs \u00e4ven kundens adress ut\u00f6ver kontaktuppgifterna.<\/p>\n<p>Personuppgifter \u00f6verf\u00f6rs till bokf\u00f6ringsbolaget Probil O\u00dc f\u00f6r bokf\u00f6rings\u00e4ndam\u00e5l.<\/p>\n<p>Personuppgifter kan komma att \u00f6verf\u00f6ras till It-tj\u00e4nsteleverant\u00f6rer om det beh\u00f6vs f\u00f6r att s\u00e4kerst\u00e4lla att webbshoppen eller webbhotellet ska fungera tillfredsst\u00e4llande.<\/p>\n<p>Varorna betalas utanf\u00f6r webbutiken i en s\u00e4ker plattform \u2013 vid betalning via bankl\u00e4nk, i den s\u00e4kra plattformen av respektive bank eller i den s\u00e4kra plattformen av operat\u00f6ren Maksekeskus AS. S\u00e4ljaren har ingen tillg\u00e5ng till kundens bank- och kreditkortsuppgifter.<\/p>\n<p>&nbsp;<\/p>\n<p>S\u00e4kerhet och data\u00e5tkomst<\/p>\n<p>Personuppgifter lagras p\u00e5 Netpro O\u00dc&#8217;s servrar. Tillg\u00e5ng till personuppgifter beviljas till de webbutiksanst\u00e4llda som har tillg\u00e5ng till s\u00e5dana uppgifter f\u00f6r att l\u00f6sa eventuella tekniska problem vid anv\u00e4ndningen av webbutiken och f\u00f6r att tillhandah\u00e5lla kundsupport. N\u00e4tbutiken genomf\u00f6r l\u00e4mpliga fysiska, organisatoriska och informationstekniska \u00e5tg\u00e4rder f\u00f6r att skydda personuppgifterna mot oavsiktlig eller olaglig f\u00f6rst\u00f6relse, f\u00f6rlust, \u00e4ndring eller obeh\u00f6rig \u00e5tkomst och publicering.<\/p>\n<p>Personuppgifterna \u00f6verf\u00f6rs till webbutikens personuppgiftsbitr\u00e4den (t.ex. transporttj\u00e4nsteleverant\u00f6r och webbhotell) baserat p\u00e5 de avtal som ing\u00e5tts mellan webbutiken och personuppgiftsagenturerna. Agenturerna \u00e4r skyldiga att vidta l\u00e4mpliga skydds\u00e5tg\u00e4rder vid behandling av personuppgifter. De agenturer som auktoriseras av webbutiken \u00e4r Pakipoint O\u00dc, Probil O\u00dc, Netpro O\u00dc och Maksekeskus AS.<\/p>\n<p>&nbsp;<\/p>\n<p>Lagring av personuppgifter<\/p>\n<p>Om en kunds konto i webbutiken st\u00e4ngs raderas personuppgifterna, utom d\u00e4r s\u00e5dana uppgifter beh\u00f6ver lagras f\u00f6r redovisnings\u00e4ndam\u00e5l eller f\u00f6r att l\u00f6sa konsumenttvister.<\/p>\n<p>Historiken om de ink\u00f6p som g\u00f6rs i webbutiken lagras i tre \u00e5r. Vid betalningstvister och konsumenttvister lagras personuppgifterna tills kravet \u00e4r uppfyllt eller till slutet av begr\u00e4nsningsperioden. De personuppgifter som beh\u00f6vs f\u00f6r bokf\u00f6rings\u00e4ndam\u00e5l lagras i sju \u00e5r.<\/p>\n<p>&nbsp;<\/p>\n<p>Tillg\u00e5ng till och r\u00e4ttelse och radering av personuppgifter<\/p>\n<p>Personuppgifter kan n\u00e5s och r\u00e4ttas via kundsupport. Kunden har r\u00e4tt att beg\u00e4ra att personuppgifterna om honom eller henne raderas fr\u00e5n birdbusters.eu databaser genom att meddela kundsupport via e-post. Beg\u00e4ran om radering besvaras senast inom en m\u00e5nad och respektive period f\u00f6r vilken uppgifterna specificerats ska raderas.<\/p>\n<p>L\u00f6sning av tvister<\/p>\n<p>Tvister om personuppgiftsbehandling l\u00f6ses via kundsupport genom att du skickar e-post till info@birdbusters.eu eller ringer +372 5267 138. Tillsynsmyndigheten \u00e4r Estlands dataskyddsinspektion (info@aki.ee).<\/p>\n","protected":false},"excerpt":{"rendered":"<p>PROCESSING AV PERSONLIG DATA Den personuppgiftsansvarige f\u00f6r personuppgifterna f\u00f6r n\u00e4tbutiken birdbusters.eu is Salu O\u00dc (registreringskod 12600389), bel\u00e4get i Kunderi 27-10, Tallinn, telefon +372 52198 22 och e-post info@birdbusters.eu. Insamling och anv\u00e4ndning av personuppgifter Personuppgifterna \u00e4r alla uppgifter som direkt eller indirekt \u00e4r relaterade till en kund i webbutiken och som beh\u00f6vs f\u00f6r att fullg\u00f6ra ett [&hellip;]<\/p>\n","protected":false},"author":1,"featured_media":0,"parent":0,"menu_order":0,"comment_status":"closed","ping_status":"closed","template":"","meta":{"_themeisle_gutenberg_block_has_review":false,"rank_math_focus_keyword":"Integritetspolicy","rank_math_title":"Integritetspolicy | BIRD BUSTERS","rank_math_description":"","rank_math_canonical_url":"","rank_math_facebook_title":"","rank_math_facebook_description":"","rank_math_facebook_image":"","rank_math_twitter_title":"","rank_math_twitter_description":"","rank_math_twitter_image":"","rank_math_schema_FAQPage":[],"footnotes":""},"class_list":["post-11189","page","type-page","status-publish","hentry"],"_links":{"self":[{"href":"https:\/\/birdbusters.eu\/sv\/wp-json\/wp\/v2\/pages\/11189","targetHints":{"allow":["GET"]}}],"collection":[{"href":"https:\/\/birdbusters.eu\/sv\/wp-json\/wp\/v2\/pages"}],"about":[{"href":"https:\/\/birdbusters.eu\/sv\/wp-json\/wp\/v2\/types\/page"}],"author":[{"embeddable":true,"href":"https:\/\/birdbusters.eu\/sv\/wp-json\/wp\/v2\/users\/1"}],"replies":[{"embeddable":true,"href":"https:\/\/birdbusters.eu\/sv\/wp-json\/wp\/v2\/comments?post=11189"}],"version-history":[{"count":1,"href":"https:\/\/birdbusters.eu\/sv\/wp-json\/wp\/v2\/pages\/11189\/revisions"}],"predecessor-version":[{"id":11326,"href":"https:\/\/birdbusters.eu\/sv\/wp-json\/wp\/v2\/pages\/11189\/revisions\/11326"}],"wp:attachment":[{"href":"https:\/\/birdbusters.eu\/sv\/wp-json\/wp\/v2\/media?parent=11189"}],"curies":[{"name":"wp","href":"https:\/\/api.w.org\/{rel}","templated":true}]}}