{"id":11204,"date":"2021-02-01T11:37:17","date_gmt":"2023-09-02T08:49:15","guid":{"rendered":"https:\/\/birdbusters.eu\/product\/360-stativ-for-mekanisk-gaskanon\/"},"modified":"2023-09-07T08:20:41","modified_gmt":"2023-09-07T06:20:41","slug":"360-stativ-for-mekanisk-gaskanon","status":"publish","type":"product","link":"https:\/\/birdbusters.eu\/sv\/produkt\/360-stativ-for-mekanisk-gaskanon\/","title":{"rendered":"360 stativ f\u00f6r mekanisk gaskanon"},"content":{"rendered":"<p><span style=\"font-size: 12pt;\">Efter varje sm\u00e4ll som kanonen g\u00f6r, kommer sm\u00e4llen g\u00f6ra att pistolen \u00e4ndrar riktning.<\/span><\/p>\n","protected":false},"excerpt":{"rendered":"<p><strong>360 grader roterande stativ<\/strong> \u00f6kar arbetsomr\u00e5det f\u00f6r <a href=\"https:\/\/birdbusters.eu\/product\/mechanical-gas-cannon\/\">propangkanonen<\/a> p\u00e5 grund av dess h\u00f6jd och roterande axel.<\/p>\n<p>&nbsp;<\/p>\n","protected":false},"featured_media":10650,"template":"","meta":{"_themeisle_gutenberg_block_has_review":false},"product_brand":[],"product_cat":[145,143],"product_tag":[],"class_list":{"0":"post-11204","1":"product","2":"type-product","3":"status-publish","4":"has-post-thumbnail","6":"product_cat-fagel-ljudkanoner","7":"product_cat-fagelavvisande-produkter","8":"product_shipping_class-bud-upphamtningsplats","10":"first","11":"instock","12":"taxable","13":"shipping-taxable","14":"purchasable","15":"product-type-simple"},"_links":{"self":[{"href":"https:\/\/birdbusters.eu\/sv\/wp-json\/wp\/v2\/product\/11204","targetHints":{"allow":["GET"]}}],"collection":[{"href":"https:\/\/birdbusters.eu\/sv\/wp-json\/wp\/v2\/product"}],"about":[{"href":"https:\/\/birdbusters.eu\/sv\/wp-json\/wp\/v2\/types\/product"}],"wp:featuredmedia":[{"embeddable":true,"href":"https:\/\/birdbusters.eu\/sv\/wp-json\/wp\/v2\/media\/10650"}],"wp:attachment":[{"href":"https:\/\/birdbusters.eu\/sv\/wp-json\/wp\/v2\/media?parent=11204"}],"wp:term":[{"taxonomy":"product_brand","embeddable":true,"href":"https:\/\/birdbusters.eu\/sv\/wp-json\/wp\/v2\/product_brand?post=11204"},{"taxonomy":"product_cat","embeddable":true,"href":"https:\/\/birdbusters.eu\/sv\/wp-json\/wp\/v2\/product_cat?post=11204"},{"taxonomy":"product_tag","embeddable":true,"href":"https:\/\/birdbusters.eu\/sv\/wp-json\/wp\/v2\/product_tag?post=11204"}],"curies":[{"name":"wp","href":"https:\/\/api.w.org\/{rel}","templated":true}]}}