{"id":11206,"date":"2021-02-19T14:36:55","date_gmt":"2021-02-19T13:36:55","guid":{"rendered":"https:\/\/birdbusters.eu\/product\/ultraljud-fagelskramma-med-rorelsesensor\/"},"modified":"2025-10-31T13:28:16","modified_gmt":"2025-10-31T12:28:16","slug":"ultraljud-fagelskramma-med-rorelsesensor","status":"publish","type":"product","link":"https:\/\/birdbusters.eu\/sv\/produkt\/ultraljud-fagelskramma-med-rorelsesensor\/","title":{"rendered":"Ultraljud f\u00e5gelskr\u00e4mma med r\u00f6relsesensor"},"content":{"rendered":"<p>\u00c4r obekanta katter, illrar, m\u00f6ss, r\u00e5ttor eller till och med vildsvin besv\u00e4rande f\u00f6r dig p\u00e5 din bakg\u00e5rd eller terrass? \u00c4r getter eller harar kanske ett problem ist\u00e4llet? H\u00e4grar, hackspettar, kr\u00e5kor eller andra f\u00e5glar som n\u00e4rmar sig individuellt kan ocks\u00e5 effektivt avvisas. Enhetens inbyggda detektor kan detektera r\u00f6relser inom en radie av upp till tio meter och skr\u00e4mma bort o\u00f6nskade g\u00e4ster med hj\u00e4lp av blinkande lampor och\/eller ljud och ultraljud \u2013 beroende p\u00e5 vilket program du har valt. Inst\u00e4llningarna \u00e4r l\u00e4tta att \u00e4ndra, knappen sitter p\u00e5 utsidan.<\/p>\n<p>Inst\u00e4llningar:<\/p>\n<p>1) Ultraljud<\/p>\n<p>2) Ultraljud och blinkande lampor<\/p>\n<p>3) H\u00f6rbar signal, ultraljud och blinkande ljus.<\/p>\n<p>Volym upp till 100 db. Ultraljudsfrekvens: 15 &#8211; 27 kHz.<\/p>\n<p>Solpanelen har en tillr\u00e4ckligt h\u00f6g effekt fr\u00e5n de tre AA-batterier som anv\u00e4nds. Batterier kan ocks\u00e5 laddas med en batteriladdare (ing\u00e5r ej).<\/p>\n<p>Vattent\u00e4t och v\u00e4derbest\u00e4ndig.<\/p>\n<p>Dimensioner: 14,5 x 12,5 x 10 cm<\/p>\n<p>Vikt: 380 gram<\/p>\n","protected":false},"excerpt":{"rendered":"<p>Garden Guard 580 ultraljudsavvisande med r\u00f6relsesensor h\u00e5ller effektivt o\u00f6nskade f\u00e5glar och djur borta fr\u00e5n tr\u00e4dg\u00e5rden och terrassen.<\/p>\n","protected":false},"featured_media":10686,"template":"","meta":{"_themeisle_gutenberg_block_has_review":false},"product_brand":[],"product_cat":[186,148,147],"product_tag":[],"class_list":{"0":"post-11206","1":"product","2":"type-product","3":"status-publish","4":"has-post-thumbnail","6":"product_cat-djuravskrackare-och-mullvadsavskrackare-skydda-din-tradgard-pa-ett-naturligt-satt","7":"product_cat-fagelavskrackande-produkter","8":"product_cat-ljud-fagelskrammor","10":"first","11":"instock","12":"taxable","13":"shipping-taxable","14":"purchasable","15":"product-type-simple"},"_links":{"self":[{"href":"https:\/\/birdbusters.eu\/sv\/wp-json\/wp\/v2\/product\/11206","targetHints":{"allow":["GET"]}}],"collection":[{"href":"https:\/\/birdbusters.eu\/sv\/wp-json\/wp\/v2\/product"}],"about":[{"href":"https:\/\/birdbusters.eu\/sv\/wp-json\/wp\/v2\/types\/product"}],"wp:featuredmedia":[{"embeddable":true,"href":"https:\/\/birdbusters.eu\/sv\/wp-json\/wp\/v2\/media\/10686"}],"wp:attachment":[{"href":"https:\/\/birdbusters.eu\/sv\/wp-json\/wp\/v2\/media?parent=11206"}],"wp:term":[{"taxonomy":"product_brand","embeddable":true,"href":"https:\/\/birdbusters.eu\/sv\/wp-json\/wp\/v2\/product_brand?post=11206"},{"taxonomy":"product_cat","embeddable":true,"href":"https:\/\/birdbusters.eu\/sv\/wp-json\/wp\/v2\/product_cat?post=11206"},{"taxonomy":"product_tag","embeddable":true,"href":"https:\/\/birdbusters.eu\/sv\/wp-json\/wp\/v2\/product_tag?post=11206"}],"curies":[{"name":"wp","href":"https:\/\/api.w.org\/{rel}","templated":true}]}}