{"id":11207,"date":"2021-02-22T15:41:27","date_gmt":"2021-02-22T14:41:27","guid":{"rendered":"https:\/\/birdbusters.eu\/product\/fagelskrammar-spindel-18-m\/"},"modified":"2025-10-31T13:28:10","modified_gmt":"2025-10-31T12:28:10","slug":"fagelskrammar-spindel-18-m","status":"publish","type":"product","link":"https:\/\/birdbusters.eu\/sv\/produkt\/fagelskrammar-spindel-18-m\/","title":{"rendered":"F\u00e5gelskr\u00e4mmar-spindel 1,8 M"},"content":{"rendered":"<p>Om <a href=\"https:\/\/birdbusters.eu\/sv\/produkt\/duvpiggar-med-pc-bas\/\">f\u00e5gelspikar<\/a> \u00e4r effektiva f\u00f6r att st\u00f6ta bort f\u00e5glar fr\u00e5n smala ytor som balkonger och tak\u00e5sar, s\u00e5 kan Bird Spider ge skydd f\u00f6r st\u00f6rre plana ytor. Diametern p\u00e5 en f\u00e5gelspindel \u00e4r 1,80 m (6ft). I st\u00f6rre omr\u00e5den kan f\u00e5gelspindlarna placeras sida vid sida.<\/p>\n<p><strong>Hur det fungerar: <\/strong>tr\u00e5darnas r\u00f6relser st\u00f6r f\u00e5glarna och hindrar dem fr\u00e5n att landa.<\/p>\n<p><strong>Installation: <\/strong>kan monteras med hj\u00e4lp av 3 skruvar eller silikonlim.<\/p>\n<p><strong>Ytterligare information: <\/strong>F\u00f6r tillf\u00e4llig anslutning till en segelb\u00e5t, sands\u00e4ck eller annat f\u00f6rem\u00e5l, best\u00e4ll en <a href=\"https:\/\/birdbusters.eu\/sv\/produkt\/strap-on-bat-bas\/\">b\u00e5tbas<\/a>.<\/p>\n<p><iframe loading=\"lazy\" title=\"Birds Off Boats - Bird Spider Bird Deterrent\" width=\"500\" height=\"281\" src=\"https:\/\/www.youtube.com\/embed\/321UhUBkOEs?feature=oembed\" frameborder=\"0\" allow=\"accelerometer; autoplay; clipboard-write; encrypted-media; gyroscope; picture-in-picture; web-share\" referrerpolicy=\"strict-origin-when-cross-origin\" allowfullscreen><\/iframe><\/p>\n","protected":false},"excerpt":{"rendered":"<h4>F\u00f6rorenar fiskm\u00e5sarna b\u00e5ten eller biltaket? L\u00f6sningen \u00e4r Bird Scare Spider (L\u00e5nga ben).<\/h4>\n<p>Tunna, rostfria stavar som roterar i vinden och svajar hotfullt, st\u00f6r f\u00e5glar n\u00e4r de f\u00f6rs\u00f6ker landa. Den kan f\u00f6rankras permanent eller f\u00e4stas p\u00e5 en sands\u00e4cksbas f\u00f6r enkel borttagning.<\/p>\n","protected":false},"featured_media":10723,"template":"","meta":{"_themeisle_gutenberg_block_has_review":false},"product_brand":[],"product_cat":[143,144],"product_tag":[],"class_list":{"0":"post-11207","1":"product","2":"type-product","3":"status-publish","4":"has-post-thumbnail","6":"product_cat-fagelavvisande-produkter","7":"product_cat-fagelpiggar","9":"first","10":"instock","11":"sale","12":"taxable","13":"shipping-taxable","14":"purchasable","15":"product-type-simple"},"_links":{"self":[{"href":"https:\/\/birdbusters.eu\/sv\/wp-json\/wp\/v2\/product\/11207","targetHints":{"allow":["GET"]}}],"collection":[{"href":"https:\/\/birdbusters.eu\/sv\/wp-json\/wp\/v2\/product"}],"about":[{"href":"https:\/\/birdbusters.eu\/sv\/wp-json\/wp\/v2\/types\/product"}],"wp:featuredmedia":[{"embeddable":true,"href":"https:\/\/birdbusters.eu\/sv\/wp-json\/wp\/v2\/media\/10723"}],"wp:attachment":[{"href":"https:\/\/birdbusters.eu\/sv\/wp-json\/wp\/v2\/media?parent=11207"}],"wp:term":[{"taxonomy":"product_brand","embeddable":true,"href":"https:\/\/birdbusters.eu\/sv\/wp-json\/wp\/v2\/product_brand?post=11207"},{"taxonomy":"product_cat","embeddable":true,"href":"https:\/\/birdbusters.eu\/sv\/wp-json\/wp\/v2\/product_cat?post=11207"},{"taxonomy":"product_tag","embeddable":true,"href":"https:\/\/birdbusters.eu\/sv\/wp-json\/wp\/v2\/product_tag?post=11207"}],"curies":[{"name":"wp","href":"https:\/\/api.w.org\/{rel}","templated":true}]}}