{"id":11208,"date":"2021-02-25T17:32:48","date_gmt":"2021-02-25T16:32:48","guid":{"rendered":"https:\/\/birdbusters.eu\/product\/ornimitation-fagelskramma\/"},"modified":"2025-10-31T13:28:06","modified_gmt":"2025-10-31T12:28:06","slug":"ornimitation-fagelskramma","status":"publish","type":"product","link":"https:\/\/birdbusters.eu\/sv\/produkt\/ornimitation-fagelskramma\/","title":{"rendered":"\u00d6rnimitation f\u00e5gelskr\u00e4mma"},"content":{"rendered":"<p>Figuren p\u00e5 \u00f6rnen \u00e4r utrustad med ett vridlager som g\u00f6r att djurimitationen kan sv\u00e4nga l\u00e4tt i vinden. N\u00e4r ljudbrytaren \u00e4r p\u00e5slagen g\u00f6r \u00f6rnen olika ljud med oregelbundna intervaller: ljudet av en h\u00f6k, en falk, en \u00f6rn, en uggla eller en kr\u00e5ka. Utan volymkontroll. Solpanelen p\u00e5 baksidan ser till att batteriet f\u00f6rblir laddat. Den bevingade \u00f6rnen har ocks\u00e5 en ljussensor f\u00f6r att s\u00e4kerst\u00e4lla att den inte g\u00f6r n\u00e5got ljud i m\u00f6rkret.<\/p>\n<p><strong>Skyddade omr\u00e5den:<\/strong> balkonger, tr\u00e4dg\u00e5rdar, terrasser, k\u00f6kstr\u00e4dg\u00e5rdar, byggnader, b\u00e5tar, f\u00e4lt<\/p>\n<p><strong>Installation:<\/strong> Vingarna m\u00e5ste tryckas in i sk\u00e5pet och f\u00e4stas med medf\u00f6ljande skruvar. F\u00e4st \u00f6rnen i en v\u00e4gg eller i en stolpe med hj\u00e4lp av ett f\u00e4ste. Se till att det finns tillr\u00e4ckligt med utrymme f\u00f6r enheten att rotera. S\u00e4tt batteriet i batterifacket. Sl\u00e5 p\u00e5 str\u00f6mbrytaren och den bevingade \u00f6rnen kommer att b\u00f6rja g\u00f6ra olika ljud med oregelbundna intervall.<\/p>\n<p><strong>Effekt:<\/strong> hot mot o\u00f6nskade f\u00e5glar med akustiska och visuella effekter<\/p>\n<p><strong>Dimensioner:<\/strong> 43 x 35 x 19 cm<\/p>\n<p><strong>F\u00f6rpackningens dimensioner:<\/strong> 51 x 19 x 19 cm<\/p>\n","protected":false},"excerpt":{"rendered":"<p>Utrustad med solpanel och batteri. \u00d6rnimitationen som roterar i vinden avger ljud som liknar rovf\u00e5glar och kr\u00e5kor. Extremt l\u00e4mplig f\u00f6r att skr\u00e4mma bort o\u00f6nskade f\u00e5glar fr\u00e5n terrasser, tr\u00e4dg\u00e5rdar, f\u00e4lt och byggnader.<\/p>\n<p>https:\/\/youtu.be\/Whn31p5u3q8<\/p>\n","protected":false},"featured_media":10707,"template":"","meta":{"_themeisle_gutenberg_block_has_review":false},"product_brand":[],"product_cat":[143,147,149],"product_tag":[],"class_list":{"0":"post-11208","1":"product","2":"type-product","3":"status-publish","4":"has-post-thumbnail","6":"product_cat-fagelavvisande-produkter","7":"product_cat-ljud-fagelskrammor","8":"product_cat-visuella-fagelskrammor","10":"first","11":"outofstock","12":"taxable","13":"shipping-taxable","14":"purchasable","15":"product-type-simple"},"_links":{"self":[{"href":"https:\/\/birdbusters.eu\/sv\/wp-json\/wp\/v2\/product\/11208","targetHints":{"allow":["GET"]}}],"collection":[{"href":"https:\/\/birdbusters.eu\/sv\/wp-json\/wp\/v2\/product"}],"about":[{"href":"https:\/\/birdbusters.eu\/sv\/wp-json\/wp\/v2\/types\/product"}],"wp:featuredmedia":[{"embeddable":true,"href":"https:\/\/birdbusters.eu\/sv\/wp-json\/wp\/v2\/media\/10707"}],"wp:attachment":[{"href":"https:\/\/birdbusters.eu\/sv\/wp-json\/wp\/v2\/media?parent=11208"}],"wp:term":[{"taxonomy":"product_brand","embeddable":true,"href":"https:\/\/birdbusters.eu\/sv\/wp-json\/wp\/v2\/product_brand?post=11208"},{"taxonomy":"product_cat","embeddable":true,"href":"https:\/\/birdbusters.eu\/sv\/wp-json\/wp\/v2\/product_cat?post=11208"},{"taxonomy":"product_tag","embeddable":true,"href":"https:\/\/birdbusters.eu\/sv\/wp-json\/wp\/v2\/product_tag?post=11208"}],"curies":[{"name":"wp","href":"https:\/\/api.w.org\/{rel}","templated":true}]}}