{"id":11209,"date":"2021-02-25T17:49:54","date_gmt":"2021-02-25T16:49:54","guid":{"rendered":"https:\/\/birdbusters.eu\/product\/teleskopstang-7m\/"},"modified":"2026-04-29T17:45:33","modified_gmt":"2026-04-29T15:45:33","slug":"teleskopstang-7m","status":"publish","type":"product","link":"https:\/\/birdbusters.eu\/sv\/produkt\/teleskopstang-7m\/","title":{"rendered":"Teleskopst\u00e5ng 7m"},"content":{"rendered":"<p>7 meter teleskopst\u00e5ng. L\u00e4mplig f\u00f6r att placera <a href=\"https:\/\/birdbusters.eu\/product\/eagle-kite\/\">\u00f6rn<\/a> eller en <a href=\"https:\/\/birdbusters.eu\/sv\/produkt\/bird-scarer-kite\/\">h\u00f6k<\/a> imitationer h\u00f6gre upp. Kan ocks\u00e5 anv\u00e4ndas f\u00f6r att installera en <a href=\"https:\/\/birdbusters.eu\/sv\/produkt\/gul-fagelskramma-ballong\/\">f\u00e5gelskr\u00e4mselboll<\/a>.<\/p>\n","protected":false},"excerpt":{"rendered":"<p>Dessa imitationer liknar de naturliga fienderna p\u00e5 r\u00e4tt h\u00f6jd f\u00f6r att h\u00e5lla f\u00e5glarna borta fr\u00e5n mogna frukter.<\/p>\n","protected":false},"featured_media":10715,"template":"","meta":{"_themeisle_gutenberg_block_has_review":false,"rank_math_focus_keyword":"teleskopstav","rank_math_title":"7 meters teleskopst\u00e5ng f\u00f6r f\u00e5geldrake | BIRD BUSTERS","rank_math_description":"Denna 7 meter teleskopst\u00e5ng placerar din rovf\u00e5geldrake h\u00f6gt upp i luften. Klicka f\u00f6r att l\u00e4sa mer och handla! ","rank_math_canonical_url":"","rank_math_facebook_title":"","rank_math_facebook_description":"","rank_math_facebook_image":"","rank_math_twitter_title":"","rank_math_twitter_description":"","rank_math_twitter_image":"","rank_math_schema_FAQPage":[]},"product_brand":[],"product_cat":[143,150,240,245,263,281,289,250,294],"product_tag":[],"class_list":{"0":"post-11209","1":"product","2":"type-product","3":"status-publish","4":"has-post-thumbnail","6":"product_cat-fagelavvisande-produkter","7":"product_cat-fageldrakar","8":"product_cat-fagelskydd-for-byggnader-och-tak","9":"product_cat-fagelskydd-i-tradgarden","10":"product_cat-fagelskydd-pa-flygplatser","11":"product_cat-krakskydd","12":"product_cat-masskydd","13":"product_cat-skydd-av-grodor-och-fruktodlingar-mot-faglar","14":"product_cat-stareskydd","15":"product_shipping_class-bud-upphamtningsplats","17":"first","18":"instock","19":"taxable","20":"shipping-taxable","21":"purchasable","22":"product-type-simple"},"_links":{"self":[{"href":"https:\/\/birdbusters.eu\/sv\/wp-json\/wp\/v2\/product\/11209","targetHints":{"allow":["GET"]}}],"collection":[{"href":"https:\/\/birdbusters.eu\/sv\/wp-json\/wp\/v2\/product"}],"about":[{"href":"https:\/\/birdbusters.eu\/sv\/wp-json\/wp\/v2\/types\/product"}],"wp:featuredmedia":[{"embeddable":true,"href":"https:\/\/birdbusters.eu\/sv\/wp-json\/wp\/v2\/media\/10715"}],"wp:attachment":[{"href":"https:\/\/birdbusters.eu\/sv\/wp-json\/wp\/v2\/media?parent=11209"}],"wp:term":[{"taxonomy":"product_brand","embeddable":true,"href":"https:\/\/birdbusters.eu\/sv\/wp-json\/wp\/v2\/product_brand?post=11209"},{"taxonomy":"product_cat","embeddable":true,"href":"https:\/\/birdbusters.eu\/sv\/wp-json\/wp\/v2\/product_cat?post=11209"},{"taxonomy":"product_tag","embeddable":true,"href":"https:\/\/birdbusters.eu\/sv\/wp-json\/wp\/v2\/product_tag?post=11209"}],"curies":[{"name":"wp","href":"https:\/\/api.w.org\/{rel}","templated":true}]}}