{"id":11210,"date":"2021-05-14T11:18:36","date_gmt":"2021-05-14T09:18:36","guid":{"rendered":"https:\/\/birdbusters.eu\/product\/strap-on-bat-bas\/"},"modified":"2025-10-31T11:35:23","modified_gmt":"2025-10-31T10:35:23","slug":"strap-on-bat-bas","status":"publish","type":"product","link":"https:\/\/birdbusters.eu\/sv\/produkt\/strap-on-bat-bas\/","title":{"rendered":"Strap-on b\u00e5t bas"},"content":{"rendered":"<p>Med hj\u00e4lp av Strap-on b\u00e5t bas f\u00f6r l\u00e5nga ben, f\u00e5gel spindel l\u00e5nga ben kan enkelt f\u00e4stas tillf\u00e4lligt till en segelbom, sands\u00e4ck eller annat f\u00f6rem\u00e5l f\u00f6r att skydda b\u00e5ten fr\u00e5n f\u00e5gelspillning. Du kan ocks\u00e5 f\u00e4sta l\u00e5nga benen p\u00e5 biltaket med hj\u00e4lp av b\u00e5tbasen.<\/p>\n<p>&nbsp;<\/p>\n","protected":false},"excerpt":{"rendered":"<p>Anslut strap-on b\u00e5t bas till l\u00e5nga ben bas och f\u00e4st sedan p\u00e5 din b\u00e5t med en gummicord eller rep.<\/p>\n","protected":false},"featured_media":10725,"template":"","meta":{"_themeisle_gutenberg_block_has_review":false},"product_brand":[],"product_cat":[143,144],"product_tag":[],"class_list":{"0":"post-11210","1":"product","2":"type-product","3":"status-publish","4":"has-post-thumbnail","6":"product_cat-fagelavvisande-produkter","7":"product_cat-fagelpiggar","9":"first","10":"instock","11":"sale","12":"taxable","13":"shipping-taxable","14":"purchasable","15":"product-type-simple"},"_links":{"self":[{"href":"https:\/\/birdbusters.eu\/sv\/wp-json\/wp\/v2\/product\/11210","targetHints":{"allow":["GET"]}}],"collection":[{"href":"https:\/\/birdbusters.eu\/sv\/wp-json\/wp\/v2\/product"}],"about":[{"href":"https:\/\/birdbusters.eu\/sv\/wp-json\/wp\/v2\/types\/product"}],"wp:featuredmedia":[{"embeddable":true,"href":"https:\/\/birdbusters.eu\/sv\/wp-json\/wp\/v2\/media\/10725"}],"wp:attachment":[{"href":"https:\/\/birdbusters.eu\/sv\/wp-json\/wp\/v2\/media?parent=11210"}],"wp:term":[{"taxonomy":"product_brand","embeddable":true,"href":"https:\/\/birdbusters.eu\/sv\/wp-json\/wp\/v2\/product_brand?post=11210"},{"taxonomy":"product_cat","embeddable":true,"href":"https:\/\/birdbusters.eu\/sv\/wp-json\/wp\/v2\/product_cat?post=11210"},{"taxonomy":"product_tag","embeddable":true,"href":"https:\/\/birdbusters.eu\/sv\/wp-json\/wp\/v2\/product_tag?post=11210"}],"curies":[{"name":"wp","href":"https:\/\/api.w.org\/{rel}","templated":true}]}}