{"id":11211,"date":"2021-05-13T12:09:36","date_gmt":"2021-05-13T10:09:36","guid":{"rendered":"https:\/\/birdbusters.eu\/product\/scary-man\/"},"modified":"2025-10-31T11:35:30","modified_gmt":"2025-10-31T10:35:30","slug":"scary-man","status":"publish","type":"product","link":"https:\/\/birdbusters.eu\/sv\/produkt\/scary-man\/","title":{"rendered":"Scary Man"},"content":{"rendered":"<ul style=\"list-style-type: disc;\">\n<li class=\"p1\">En unik el-man\u00f6vrerad f\u00e5gelskr\u00e4mma<\/li>\n<li class=\"p1\">Bl\u00e5ses upp p\u00e5 25 sekunder. N\u00e4r du anv\u00e4nder Scary Man st\u00e4ller du in en tidpunkt, tidsintervall, eller slumpvis.<\/li>\n<li class=\"p1\">Producerar h\u00f6gt oljud<\/li>\n<li class=\"p1\">Orange<\/li>\n<li class=\"p1\">Kroppen \u00e4r slitstark, ett litet h\u00e5l kan repareras med vanlig tejp<\/li>\n<li class=\"p1\">Den \u00e4r 169 cm h\u00f6g<\/li>\n<li class=\"p1\">Indikator f\u00f6r l\u00e5g batterikapacitet<\/li>\n<li class=\"p1\">Fungerar med ett 12-volts batteri<\/li>\n<li class=\"p1\">Batteri ing\u00e5r ej<\/li>\n<\/ul>\n<p class=\"p1\"><strong>Till\u00e4mpning:<\/strong><\/p>\n<p class=\"p1\">\u00d6ppna gr\u00f6nsaksodlingar utomhus<\/p>\n<p class=\"p1\">Tr\u00e4dplantskolor<\/p>\n<p class=\"p1\">Yrkesm\u00e4ssigt jordbruk<\/p>\n<p class=\"p1\">Flygplatser<\/p>\n<p class=\"p1\">Fruktodlingar<\/p>\n<p class=\"p1\">Fiskdammar<\/p>\n<p class=\"p1\"><strong>Tips f\u00f6r anv\u00e4ndare:<\/strong><\/p>\n<p class=\"p1\">Scary Man m\u00e5ste alltid st\u00e5 \u00f6ver din gr\u00f6da<\/p>\n<p class=\"p1\">Resultatet f\u00f6rb\u00e4ttras i kombination med ljud och andra visuella produkter<\/p>\n<p class=\"p1\">B\u00f6r flyttas regelbundet<\/p>\n<p class=\"p1\"><strong>Effektiv mot:<\/strong><\/p>\n<p class=\"p1\">Effektiv mot duvor, g\u00e5s, harar, kaniner, kr\u00e5kor, m\u00e5sar, r\u00e5djur, starar<\/p>\n<p class=\"p1\"><strong>Produktens m\u00e5tt:<\/strong><\/p>\n<p class=\"p1\">Dimensions: 169 x 37 x 32,5 cm<\/p>\n<p class=\"p1\">Vikt: 5,5 kg<\/p>\n<p class=\"p1\"><strong>Materialegenskaper:<\/strong><\/p>\n<p class=\"p1\">Plast<\/p>\n<p class=\"p1\">Elektronik<\/p>\n<p class=\"p1\"><strong>Tekniska specifikationer:<\/strong><\/p>\n<p class=\"p1\">R\u00e4ckvidd: 1 till 2 ha<\/p>\n<p class=\"p1\">Installationstid: 3 minuter<\/p>\n<p class=\"p1\">R\u00f6relsedetektor och larm<\/p>\n<p class=\"p1\">F\u00f6rpackningens m\u00e5tt: 44 x 39 x 34 cm<\/p>\n","protected":false},"excerpt":{"rendered":"<h3 class=\"p1\">Scary Man \u00e4r en uppbl\u00e5sbar f\u00e5gelskr\u00e4mmare i manstorlek som fungerar elektroniskt och automatiskt.<\/h3>\n<p class=\"p1\">Kombinationen av att den pl\u00f6tsligt reser sig n\u00e4r den bl\u00e5ses upp, ett larm som ljuder, och en f\u00e5gelavskr\u00e4ckande f\u00e4rg, ser till att f\u00e5glar och andra vilda djur inte v\u00e5gar komma n\u00e4ra.<\/p>\n<p>https:\/\/www.youtube.com\/watch?v=_nNeq3NaCdg<\/p>\n","protected":false},"featured_media":10717,"template":"","meta":{"_themeisle_gutenberg_block_has_review":false},"product_brand":[],"product_cat":[186,143],"product_tag":[],"class_list":{"0":"post-11211","1":"product","2":"type-product","3":"status-publish","4":"has-post-thumbnail","6":"product_cat-djuravskrackare-och-mullvadsavskrackare-skydda-din-tradgard-pa-ett-naturligt-satt","7":"product_cat-fagelavvisande-produkter","9":"first","10":"onbackorder","11":"taxable","12":"shipping-taxable","13":"purchasable","14":"product-type-simple"},"_links":{"self":[{"href":"https:\/\/birdbusters.eu\/sv\/wp-json\/wp\/v2\/product\/11211","targetHints":{"allow":["GET"]}}],"collection":[{"href":"https:\/\/birdbusters.eu\/sv\/wp-json\/wp\/v2\/product"}],"about":[{"href":"https:\/\/birdbusters.eu\/sv\/wp-json\/wp\/v2\/types\/product"}],"wp:featuredmedia":[{"embeddable":true,"href":"https:\/\/birdbusters.eu\/sv\/wp-json\/wp\/v2\/media\/10717"}],"wp:attachment":[{"href":"https:\/\/birdbusters.eu\/sv\/wp-json\/wp\/v2\/media?parent=11211"}],"wp:term":[{"taxonomy":"product_brand","embeddable":true,"href":"https:\/\/birdbusters.eu\/sv\/wp-json\/wp\/v2\/product_brand?post=11211"},{"taxonomy":"product_cat","embeddable":true,"href":"https:\/\/birdbusters.eu\/sv\/wp-json\/wp\/v2\/product_cat?post=11211"},{"taxonomy":"product_tag","embeddable":true,"href":"https:\/\/birdbusters.eu\/sv\/wp-json\/wp\/v2\/product_tag?post=11211"}],"curies":[{"name":"wp","href":"https:\/\/api.w.org\/{rel}","templated":true}]}}