{"id":11212,"date":"2021-06-03T07:59:44","date_gmt":"2021-06-03T05:59:44","guid":{"rendered":"https:\/\/birdbusters.eu\/product\/7-meter-orndrake-for-att-skrama-faglar\/"},"modified":"2025-11-02T14:27:04","modified_gmt":"2025-11-02T13:27:04","slug":"7-meter-orndrake-for-att-skrama-faglar","status":"publish","type":"product","link":"https:\/\/birdbusters.eu\/sv\/produkt\/7-meter-orndrake-for-att-skrama-faglar\/","title":{"rendered":"7 meter \u00f6rndrake f\u00f6r att skr\u00e4mma f\u00e5glar"},"content":{"rendered":"<div class=\"page\" title=\"Sida 2\">\n<div class=\"layoutArea\">\n<div class=\"column\">\n<h2 class=\"text-xl font-bold text-text-100 mt-1 -mb-0.5\">\u00d6rndrake f\u00f6r F\u00e5gelavskr\u00e4ckning<\/h2>\n<p class=\"whitespace-normal break-words\">\u00d6rndraken \u00e4r en effektiv och h\u00e5llbar metod f\u00f6r att h\u00e5lla skadedjursf\u00e5glar borta fr\u00e5n din tr\u00e4dg\u00e5rd. Den \u00e4r ett av de mest popul\u00e4ra f\u00e5gelavskr\u00e4ckningsverktygen, och med god anledning \u2013 den driver bort o\u00f6nskade bes\u00f6kare fr\u00e5n din frukttr\u00e4dg\u00e5rd eller dina f\u00e4lt.<\/p>\n<p class=\"whitespace-normal break-words\">Den tysta och effektiva draken fungerar konsekvent, \u00e4ven i den l\u00e4ttaste vindbris (mindre \u00e4n 2 km\/h). Den 7-meter l\u00e5nga teleskopst\u00e5ngen s\u00e4kerst\u00e4ller st\u00e4ndigt f\u00f6r\u00e4nderlig r\u00f6relse av draken. Den stiger och st\u00f6rtar ner som en riktig \u00f6rn, och dess n\u00e4rvaro r\u00e4cker f\u00f6r att h\u00e5lla skadedjursf\u00e5glar borta. Den instinktiva r\u00e4dslan f\u00f6r rovf\u00e5glar \u00e4r inrotad i f\u00e5glars beteende, vilket \u00e4r varf\u00f6r \u00f6rndraken hindrar dem fr\u00e5n att komma in i skyddade omr\u00e5den.<\/p>\n<p class=\"whitespace-normal break-words\">Drakens reflekterande \u00f6gon och i\u00f6gonfallande f\u00e4rg \u00e4r ytterligare sk\u00e4l till varf\u00f6r f\u00e5glar k\u00e4nner sig st\u00f6rda av den.<\/p>\n<p class=\"whitespace-normal break-words\">\u00d6rndrakens effektiva r\u00e4ckvidd beror p\u00e5 dess flygh\u00f6jd. Den 7-meter l\u00e5nga teleskopst\u00e5ngen med en stavl\u00e4ngd p\u00e5 cirka 5 m bringar f\u00e5gelavskr\u00e4ckaren till en flygh\u00f6jd p\u00e5 upp till 12 m. Det effektiva omr\u00e5det \u00e4r cirka 0,75 hektar.<\/p>\n<p class=\"whitespace-normal break-words\">F\u00f6rutom detta draksystem erbjuder vi system anpassade f\u00f6r olika till\u00e4mpningar med 5-meter eller 9-meter teleskopst\u00e4nger.<\/p>\n<p class=\"whitespace-normal break-words\">\u00d6rndraken \u00e4r en djurv\u00e4nlig f\u00e5gelavskr\u00e4ckare som driver bort f\u00e5glar p\u00e5 ett naturligt s\u00e4tt. Den tysta driften av denna avskr\u00e4ckare s\u00e4kerst\u00e4ller att denna f\u00e5gelskr\u00e4mma ocks\u00e5 \u00e4r v\u00e4l l\u00e4mpad f\u00f6r tr\u00e4dg\u00e5rdar och balkonger.<\/p>\n<h2 class=\"text-xl font-bold text-text-100 mt-1 -mb-0.5\">Till\u00e4mpningar<\/h2>\n<p class=\"whitespace-normal break-words\">Draksystemet kan monteras av vem som helst och kan installeras var som helst d\u00e4r skydd beh\u00f6vs. Till\u00e4mpningsm\u00f6jligheter str\u00e4cker sig fr\u00e5n gr\u00f6nsaksodling, vinodling och fiskodling till h\u00f6ghus, industrihallar, hamnanl\u00e4ggningar och deponier.<\/p>\n<p class=\"whitespace-normal break-words\">Drakens flygh\u00f6jd m\u00f6jligg\u00f6r \u00e4ven anv\u00e4ndning i h\u00f6ga gr\u00f6dor som frukttr\u00e4dg\u00e5rdar eller plantskolor.<\/p>\n<h2 class=\"text-xl font-bold text-text-100 mt-1 -mb-0.5\">Installation<\/h2>\n<p class=\"whitespace-normal break-words\">Generellt har man sett till att installationen av denna avskr\u00e4ckare \u00e4r mycket enkel och tar inte mer \u00e4n 10 minuter. Montering best\u00e5r av fyra enkla steg:<\/p>\n<ul class=\"[&amp;:not(:last-child)_ul]:pb-1 [&amp;:not(:last-child)_ol]:pb-1 list-disc space-y-2.5 pl-7\">\n<li class=\"whitespace-normal break-words\">Sl\u00e5 ner markankaret halvv\u00e4gs djupt i marken;<\/li>\n<li class=\"whitespace-normal break-words\">F\u00f6rl\u00e4ng st\u00e5ngen till full l\u00e4ngd;<\/li>\n<li class=\"whitespace-normal break-words\">Montera \u00f6rnen och bind den till toppen av st\u00e5ngen;<\/li>\n<li class=\"whitespace-normal break-words\">Tr\u00e4 teleskopst\u00e5ngen \u00f6ver markankaret.<\/li>\n<\/ul>\n<p class=\"whitespace-normal break-words\">Vid montering p\u00e5 ett tak, anv\u00e4nd det medf\u00f6ljande markspettet f\u00f6r st\u00e5ngen.<\/p>\n<h2 class=\"text-xl font-bold text-text-100 mt-1 -mb-0.5\">Vanliga Fr\u00e5gor<\/h2>\n<h3 class=\"text-lg font-bold text-text-100 mt-1 -mb-1.5\">Vilka f\u00e5glar imponeras av \u00f6rndraken?<\/h3>\n<p class=\"whitespace-normal break-words\">F\u00e5gelarter som imponeras av \u00f6rndraken inkluderar duvor, sparvar, koltrastar, kr\u00e5kor, svalor, g\u00e4ss, m\u00e5sar och starar.<\/p>\n<h3 class=\"text-lg font-bold text-text-100 mt-1 -mb-1.5\">Hur kan jag driva bort o\u00f6nskade f\u00e5glar fr\u00e5n min tr\u00e4dg\u00e5rd?<\/h3>\n<p class=\"whitespace-normal break-words\">Om du har problem med f\u00e5glar i din tr\u00e4dg\u00e5rd finns det flera l\u00f6sningar f\u00f6r att driva bort dem.<\/p>\n<p class=\"whitespace-normal break-words\">Du kan till exempel anv\u00e4nda akustiska avskr\u00e4ckare som kr\u00e5kskr\u00e4mma fr\u00e5n Bird Guard. Eller v\u00e4lj n\u00e5got reflekterande som gamla CD-skivor, remsor av bilfolie eller f\u00e5gelavskr\u00e4ckande tejp.<\/p>\n<h3 class=\"text-lg font-bold text-text-100 mt-1 -mb-1.5\">\u00c4r f\u00e5gelskr\u00e4mme-draken effektiv?<\/h3>\n<p class=\"whitespace-normal break-words\">Ja, utan tvekan! Det \u00e4r ostridigt att f\u00e5gelskr\u00e4mme-draken effektivt f\u00f6rhindrar koltrastar och andra f\u00e5glar fr\u00e5n att bes\u00f6ka vissa omr\u00e5den. De flesta f\u00e5glar har en instinktiv r\u00e4dsla f\u00f6r den rovf\u00e5gelsliknande draken och kommer att undvika att stanna under den.<\/p>\n<h3 class=\"text-lg font-bold text-text-100 mt-1 -mb-1.5\">Kan f\u00e5glar v\u00e4nja sig vid f\u00e5gelskr\u00e4mme-drakar?<\/h3>\n<p class=\"whitespace-normal break-words\">Eftersom den instinktiva r\u00e4dslan f\u00f6r rovf\u00e5glar \u00e4r inrotad i f\u00e5glars beteende kan de endast anpassa sig till drakar med stor sv\u00e5righet. Vissa l\u00e4tta vaneeffekter kan dock f\u00f6rekomma under vissa f\u00f6rh\u00e5llanden. I detta fall, v\u00e4nligen \u00e4ndra drakens position eller flygh\u00f6jd.<\/p>\n<h3 class=\"text-lg font-bold text-text-100 mt-1 -mb-1.5\">Fungerar draken \u00e4ven i lugna f\u00f6rh\u00e5llanden?<\/h3>\n<p class=\"whitespace-normal break-words\">Draken kommer att lyfta och flyga runt \u00e4ven med en l\u00e4tt bris (mindre \u00e4n 2 km\/h), men tyv\u00e4rr fungerar den inte i helt lugna f\u00f6rh\u00e5llanden.<\/p>\n<p>F\u00e5gelskr\u00e4mmardrake <a href=\"https:\/\/birdbusters.eu\/wp-content\/uploads\/2019\/03\/BB-Manual-DEMO.pdf\">manual<\/a><\/p>\n<p><strong>OBS!<\/strong> Det \u00e4r l\u00e4mpligt att ta ner produkten innan starka stormar eftersom den kan bli skadad.<\/p>\n<\/div>\n<\/div>\n<\/div>\n","protected":false},"excerpt":{"rendered":"<div class=\"page\" title=\"Sida 2\">\n<div class=\"layoutArea\">\n<div class=\"column\">\n<p>M\u00e5sar och duvor kan vara en stor ol\u00e4genhet i t\u00e4torter. Deras bon och matavfall kan t\u00e4ppa till regnr\u00e4nnor, F\u00e5glar som skyddar sina ungar kan bli farliga f\u00f6r m\u00e4nniskor och dess f\u00f6roreningar skadar m\u00e4nniskors h\u00e4lsa och egendom.<\/p>\n<p>&nbsp;<\/p>\n<p>https:\/\/youtu.be\/p6I04j4kwmo<\/p>\n<\/div>\n<\/div>\n<\/div>\n","protected":false},"featured_media":13433,"template":"","meta":{"_themeisle_gutenberg_block_has_review":false},"product_brand":[],"product_cat":[148,150],"product_tag":[],"class_list":{"0":"post-11212","1":"product","2":"type-product","3":"status-publish","4":"has-post-thumbnail","6":"product_cat-fagelavskrackande-produkter","7":"product_cat-fageldrakar","8":"product_shipping_class-bud-upphamtningsplats","10":"first","11":"instock","12":"sale","13":"taxable","14":"shipping-taxable","15":"purchasable","16":"product-type-simple"},"_links":{"self":[{"href":"https:\/\/birdbusters.eu\/sv\/wp-json\/wp\/v2\/product\/11212","targetHints":{"allow":["GET"]}}],"collection":[{"href":"https:\/\/birdbusters.eu\/sv\/wp-json\/wp\/v2\/product"}],"about":[{"href":"https:\/\/birdbusters.eu\/sv\/wp-json\/wp\/v2\/types\/product"}],"wp:featuredmedia":[{"embeddable":true,"href":"https:\/\/birdbusters.eu\/sv\/wp-json\/wp\/v2\/media\/13433"}],"wp:attachment":[{"href":"https:\/\/birdbusters.eu\/sv\/wp-json\/wp\/v2\/media?parent=11212"}],"wp:term":[{"taxonomy":"product_brand","embeddable":true,"href":"https:\/\/birdbusters.eu\/sv\/wp-json\/wp\/v2\/product_brand?post=11212"},{"taxonomy":"product_cat","embeddable":true,"href":"https:\/\/birdbusters.eu\/sv\/wp-json\/wp\/v2\/product_cat?post=11212"},{"taxonomy":"product_tag","embeddable":true,"href":"https:\/\/birdbusters.eu\/sv\/wp-json\/wp\/v2\/product_tag?post=11212"}],"curies":[{"name":"wp","href":"https:\/\/api.w.org\/{rel}","templated":true}]}}